{"id":56847,"date":"2024-10-01T16:20:06","date_gmt":"2024-10-01T16:20:06","guid":{"rendered":"https:\/\/de-prime.com\/?p=56847"},"modified":"2024-10-01T16:37:38","modified_gmt":"2024-10-01T16:37:38","slug":"camping-zelt-iglu-650x240x190-cm-8-personen-gruen","status":"publish","type":"product","link":"https:\/\/de-prime.com\/index.php\/product\/camping-zelt-iglu-650x240x190-cm-8-personen-gruen\/","title":{"rendered":"Camping-Zelt Iglu 650x240x190 cm 8 Personen Gr\u00fcn"},"content":{"rendered":"<p>Dieses Campingzelt bietet viel Platz f\u00fcr bis zu 8 Personen mit Gep\u00e4ck. Es ist perfekt f\u00fcr einen Familienausflug mit den Kindern oder ein Wochenende mit Freunden.Atmungsaktives und UV-best\u00e4ndiges Material: Dieses Zelt besteht aus atmungsaktivem 180-T-Polyester mit PA-Beschichtung, um dich vor den meisten sch\u00e4dlichen Strahlen zu sch\u00fctzen. Die Bodenplane besteht aus Oxford-Gewebe und ist fest vern\u00e4ht, um Schmutz und aufsteigende Bodenfeuchte vom Inneren des Zeltes fernzuhalten.Stabiles und robustes Gest\u00e4nge: Das robuste Gest\u00e4nge aus Fiberglas gew\u00e4hrleistet Stabilit\u00e4t und Haltbarkeit. Im Lieferumfang sind auch Heringe enthalten, die f\u00fcr zus\u00e4tzliche Stabilit\u00e4t bei starkem Wind sorgen.Komfortabel: Zwei seitliche Netzfenster lassen frische Luft hinein und halten Ungeziefer drau\u00dfen. Und dank der Eing\u00e4nge mit Rei\u00dfverschl\u00fcssen kannst du leicht ein- und aussteigen.Einfache Lagerung und Transport: Im Lieferumfang ist auch eine Tragetasche enthalten, um den Transport und die Lagerung zu erleichtern. Gut zu wissen:Das Zelt ist f\u00fcr den seltenen und kurzfristigen Gebrauch bestimmt (Leistungsstufe 1). Obwohl regenfest, sollten diese Zelte haupts\u00e4chlich bei sch\u00f6nem Wetter verwendet werden.<\/p>\n<ul>\n<li>Farbe: Gr\u00fcn<\/li>\n<li>Material: Gewebe (100% Polyester) mit PA-Beschichtung, Fiberglas<\/li>\n<li>Abmessungen: 650 x 240 x 190 cm (L x B x H)<\/li>\n<li>Platz f\u00fcr bis zu 8 Personen<\/li>\n<li>Atmungsaktiv und gut bel\u00fcftet<\/li>\n<li>T\u00fcr mit Rei\u00dfverschluss und Netzfenster<\/li>\n<li>Zusammenbau erforderlich: Ja<\/li>\n<li><strong>Lieferung enth\u00e4lt:<\/strong><\/li>\n<li>1 x Iglu-Zelt<\/li>\n<li>33 x Hering<\/li>\n<li>14 x Abspannseil<\/li>\n<li>Gewicht: 8,7 kg <\/li>\n<\/ul>\n","protected":false},"excerpt":{"rendered":"<ul>\n<li>Farbe: Gr\u00fcn<\/li>\n<li>Material: Gewebe (100% Polyester) mit PA-Beschichtung, Fiberglas<\/li>\n<li>Abmessungen: 650 x 240 x 190 cm (L x B x H)<\/li>\n<li>Platz f\u00fcr bis zu 8 Personen<\/li>\n<li>Atmungsaktiv und gut bel\u00fcftet<\/li>\n<li>T\u00fcr mit Rei\u00dfverschluss und Netzfenster<\/li>\n<li>Zusammenbau erforderlich: Ja<\/li>\n<li><strong>Lieferung enth\u00e4lt:<\/strong><\/li>\n<li>1 x Iglu-Zelt<\/li>\n<li>33 x Hering<\/li>\n<li>14 x Abspannseil<\/li>\n<li>Gewicht: 8,7 kg <\/li>\n<\/ul>\n","protected":false},"featured_media":10000056847,"comment_status":"closed","ping_status":"closed","template":"","meta":[],"product_brand":[],"product_cat":[6859,6837,6836,6987],"product_tag":[],"class_list":{"0":"post-56847","1":"product","2":"type-product","3":"status-publish","4":"has-post-thumbnail","6":"product_cat-camping-wandern","7":"product_cat-outdoor-aktivitaeten","8":"product_cat-sportartikel","9":"product_cat-zelte","11":"first","12":"instock","13":"taxable","14":"shipping-taxable","15":"purchasable","16":"product-type-simple","17":"add-to-wishlist-after_add_to_cart"},"jetpack_sharing_enabled":true,"_links":{"self":[{"href":"https:\/\/de-prime.com\/index.php\/wp-json\/wp\/v2\/product\/56847","targetHints":{"allow":["GET"]}}],"collection":[{"href":"https:\/\/de-prime.com\/index.php\/wp-json\/wp\/v2\/product"}],"about":[{"href":"https:\/\/de-prime.com\/index.php\/wp-json\/wp\/v2\/types\/product"}],"replies":[{"embeddable":true,"href":"https:\/\/de-prime.com\/index.php\/wp-json\/wp\/v2\/comments?post=56847"}],"wp:featuredmedia":[{"embeddable":true,"href":"https:\/\/de-prime.com\/index.php\/wp-json\/"}],"wp:attachment":[{"href":"https:\/\/de-prime.com\/index.php\/wp-json\/wp\/v2\/media?parent=56847"}],"wp:term":[{"taxonomy":"product_brand","embeddable":true,"href":"https:\/\/de-prime.com\/index.php\/wp-json\/wp\/v2\/product_brand?post=56847"},{"taxonomy":"product_cat","embeddable":true,"href":"https:\/\/de-prime.com\/index.php\/wp-json\/wp\/v2\/product_cat?post=56847"},{"taxonomy":"product_tag","embeddable":true,"href":"https:\/\/de-prime.com\/index.php\/wp-json\/wp\/v2\/product_tag?post=56847"}],"curies":[{"name":"wp","href":"https:\/\/api.w.org\/{rel}","templated":true}]}}