{"id":56839,"date":"2024-10-01T16:20:05","date_gmt":"2024-10-01T16:20:05","guid":{"rendered":"https:\/\/de-prime.com\/?p=56839"},"modified":"2024-10-01T16:37:36","modified_gmt":"2024-10-01T16:37:36","slug":"4-personen-zelt-gruen","status":"publish","type":"product","link":"https:\/\/de-prime.com\/index.php\/product\/4-personen-zelt-gruen\/","title":{"rendered":"4-Personen-Zelt Gr\u00fcn"},"content":{"rendered":"<p>Dieses au\u00dfergew\u00f6hnliche Campingzelt im Tipi-Look verf\u00fcgt \u00fcber zwei Fenstern mit Insektenschutznetzen und eignet sich hervorragend f\u00fcr Festivals, Campen, Wandern oder einfach nur f\u00fcr den Garten. Es bietet vier Personen Platz zum Schlafen. Praktisches Design: Das Au\u00dfenzelt ist mit einer verst\u00e4rkten Spitze und einem PE-Boden versehen, um einen trockenen und angenehmen Aufenthalt zu gew\u00e4hrleisten. Die Eisenstruktur tr\u00e4gt zur Robustheit und Haltbarkeit bei. Das Zelt verf\u00fcgt \u00fcber zwei Fenster mit Insektenschutz, die f\u00fcr eine bessere Luftzirkulation und insektenfreie Sommern\u00e4chte sorgen. Einfaches Verpacken: Dieses Campingzelt f\u00fcr 4 Personen l\u00e4sst sich in der mitgelieferten Tragetasche platzsparend verstauen und bequem transportieren.Tipi-Design: Das Zelt ist eine ausgezeichnete Wahl f\u00fcr alle, die den Tipi-Look m\u00f6gen. Gut zu wissen:Das Zelt ist f\u00fcr den seltenen und kurzfristigen Gebrauch bestimmt (Leistungsstufe 1). Obwohl regenfest, sollten diese Zelte haupts\u00e4chlich bei sch\u00f6nem Wetter verwendet werden.<\/p>\n<ul>\n<li>Farbe: Armeegr\u00fcn<\/li>\n<li>Material: Stoff + Eisen<\/li>\n<li>Gesamtgr\u00f6\u00dfe: 365 x 365 x 250 cm (L x B x H)<\/li>\n<li>Schlaffl\u00e4che: 300 x 300 cm (L x B)<\/li>\n<li>Gr\u00f6\u00dfe (verpackt): 60 x 20 cm (L x B)<\/li>\n<li>2 Fenster f\u00fcr eine gute Luftzirkulation, beide verf\u00fcgen \u00fcber Insektenschutznetze<\/li>\n<li>Fenstergr\u00f6\u00dfe: 35 x 35 cm<\/li>\n<li>Bietet 4 Personen Platz zum Schlafen<\/li>\n<li>Geliefert in einer Polyester-Aufbewahrungstasche<\/li>\n<li>Heringe und Spannseile sind dabei<\/li>\n<li>Gewicht: 4 kg <\/li>\n<li>Material: Polyester: 100%<\/li>\n<\/ul>\n","protected":false},"excerpt":{"rendered":"<ul>\n<li>Farbe: Armeegr\u00fcn<\/li>\n<li>Material: Stoff + Eisen<\/li>\n<li>Gesamtgr\u00f6\u00dfe: 365 x 365 x 250 cm (L x B x H)<\/li>\n<li>Schlaffl\u00e4che: 300 x 300 cm (L x B)<\/li>\n<li>Gr\u00f6\u00dfe (verpackt): 60 x 20 cm (L x B)<\/li>\n<li>2 Fenster f\u00fcr eine gute Luftzirkulation, beide verf\u00fcgen \u00fcber Insektenschutznetze<\/li>\n<li>Fenstergr\u00f6\u00dfe: 35 x 35 cm<\/li>\n<li>Bietet 4 Personen Platz zum Schlafen<\/li>\n<li>Geliefert in einer Polyester-Aufbewahrungstasche<\/li>\n<li>Heringe und Spannseile sind dabei<\/li>\n<li>Gewicht: 4 kg <\/li>\n<li>Material: Polyester: 100%<\/li>\n<\/ul>\n","protected":false},"featured_media":10000056839,"comment_status":"closed","ping_status":"closed","template":"","meta":[],"product_brand":[],"product_cat":[6859,6837,6836,6987],"product_tag":[],"class_list":{"0":"post-56839","1":"product","2":"type-product","3":"status-publish","4":"has-post-thumbnail","6":"product_cat-camping-wandern","7":"product_cat-outdoor-aktivitaeten","8":"product_cat-sportartikel","9":"product_cat-zelte","11":"first","12":"instock","13":"taxable","14":"shipping-taxable","15":"purchasable","16":"product-type-simple","17":"add-to-wishlist-after_add_to_cart"},"jetpack_sharing_enabled":true,"_links":{"self":[{"href":"https:\/\/de-prime.com\/index.php\/wp-json\/wp\/v2\/product\/56839","targetHints":{"allow":["GET"]}}],"collection":[{"href":"https:\/\/de-prime.com\/index.php\/wp-json\/wp\/v2\/product"}],"about":[{"href":"https:\/\/de-prime.com\/index.php\/wp-json\/wp\/v2\/types\/product"}],"replies":[{"embeddable":true,"href":"https:\/\/de-prime.com\/index.php\/wp-json\/wp\/v2\/comments?post=56839"}],"wp:featuredmedia":[{"embeddable":true,"href":"https:\/\/de-prime.com\/index.php\/wp-json\/"}],"wp:attachment":[{"href":"https:\/\/de-prime.com\/index.php\/wp-json\/wp\/v2\/media?parent=56839"}],"wp:term":[{"taxonomy":"product_brand","embeddable":true,"href":"https:\/\/de-prime.com\/index.php\/wp-json\/wp\/v2\/product_brand?post=56839"},{"taxonomy":"product_cat","embeddable":true,"href":"https:\/\/de-prime.com\/index.php\/wp-json\/wp\/v2\/product_cat?post=56839"},{"taxonomy":"product_tag","embeddable":true,"href":"https:\/\/de-prime.com\/index.php\/wp-json\/wp\/v2\/product_tag?post=56839"}],"curies":[{"name":"wp","href":"https:\/\/api.w.org\/{rel}","templated":true}]}}