{"id":56835,"date":"2024-10-01T16:20:04","date_gmt":"2024-10-01T16:20:04","guid":{"rendered":"https:\/\/de-prime.com\/?p=56835"},"modified":"2024-10-01T16:37:34","modified_gmt":"2024-10-01T16:37:34","slug":"campingzelt-4-personen-marineblau-hellblau","status":"publish","type":"product","link":"https:\/\/de-prime.com\/index.php\/product\/campingzelt-4-personen-marineblau-hellblau\/","title":{"rendered":"Campingzelt 4 Personen Marineblau \/ Hellblau"},"content":{"rendered":"<p>Dieses gro\u00dfe Zelt eignet sich perfekt f\u00fcr alle Camingausfl\u00fcge!! Es verf\u00fcgt \u00fcber einen komfortablen Innenraum und eignet sich f\u00fcr Camping im Freien, auf Reisen und f\u00fcr den Urlaub auf dem Campingplatz. Dieses Zelt ist f\u00fcr bis zu 4 Personen geeignet. Das Zelt l\u00e4sst sich einfach aufstellen und in nur wenigen Minuten zur Lagerung abbauen. Die Innenplane besteht aus atmungsaktivem Material. Der Boden ist mit einer Folie aus PE-Material versehen.Im Lieferumfang ist auch eine Tragetasche enthalten. Hinweis: Dieses Zelt bietet Platz f\u00fcr vier Personen, aber wir empfehlen es f\u00fcr zwei Camper samt ihrer Ausr\u00fcstung, um mehr Platz und Komfort zu genie\u00dfen. Das Zelt ist f\u00fcr den gelegentlichen und kurzfristigen Gebrauch bestimmt (Stufe 1). Obwohl diese Zelte regenfest sind, sollten sie haupts\u00e4chlich bei sch\u00f6nem Wetter verwendet werden.<\/p>\n<ul>\n<li>Personenzahl: 4<\/li>\n<li>Farbe: Marineblau \/ Hellblau<\/li>\n<li>Gesamtgr\u00f6\u00dfe: 395 x 180 x 110 cm (L x T x H)<\/li>\n<li>Schlafplatz: 198 x 180 x 110 cm (L x T x H)<\/li>\n<li>Gr\u00f6\u00dfe des Vorzeltes: 198 x 180 x 110 cm (L x T x H)<\/li>\n<li>Gewicht: 2 kg<\/li>\n<li>Anzahl der Kabinen: 1<\/li>\n<li>1 Fenster zur Bel\u00fcftung<\/li>\n<li>Material: Polyester: 100%<\/li>\n<\/ul>\n","protected":false},"excerpt":{"rendered":"<ul>\n<li>Personenzahl: 4<\/li>\n<li>Farbe: Marineblau \/ Hellblau<\/li>\n<li>Gesamtgr\u00f6\u00dfe: 395 x 180 x 110 cm (L x T x H)<\/li>\n<li>Schlafplatz: 198 x 180 x 110 cm (L x T x H)<\/li>\n<li>Gr\u00f6\u00dfe des Vorzeltes: 198 x 180 x 110 cm (L x T x H)<\/li>\n<li>Gewicht: 2 kg<\/li>\n<li>Anzahl der Kabinen: 1<\/li>\n<li>1 Fenster zur Bel\u00fcftung<\/li>\n<li>Material: Polyester: 100%<\/li>\n<\/ul>\n","protected":false},"featured_media":10000056835,"comment_status":"closed","ping_status":"closed","template":"","meta":[],"product_brand":[],"product_cat":[6859,6837,6836,6987],"product_tag":[],"class_list":{"0":"post-56835","1":"product","2":"type-product","3":"status-publish","4":"has-post-thumbnail","6":"product_cat-camping-wandern","7":"product_cat-outdoor-aktivitaeten","8":"product_cat-sportartikel","9":"product_cat-zelte","11":"first","12":"instock","13":"taxable","14":"shipping-taxable","15":"purchasable","16":"product-type-simple","17":"add-to-wishlist-after_add_to_cart"},"jetpack_sharing_enabled":true,"_links":{"self":[{"href":"https:\/\/de-prime.com\/index.php\/wp-json\/wp\/v2\/product\/56835","targetHints":{"allow":["GET"]}}],"collection":[{"href":"https:\/\/de-prime.com\/index.php\/wp-json\/wp\/v2\/product"}],"about":[{"href":"https:\/\/de-prime.com\/index.php\/wp-json\/wp\/v2\/types\/product"}],"replies":[{"embeddable":true,"href":"https:\/\/de-prime.com\/index.php\/wp-json\/wp\/v2\/comments?post=56835"}],"wp:featuredmedia":[{"embeddable":true,"href":"https:\/\/de-prime.com\/index.php\/wp-json\/"}],"wp:attachment":[{"href":"https:\/\/de-prime.com\/index.php\/wp-json\/wp\/v2\/media?parent=56835"}],"wp:term":[{"taxonomy":"product_brand","embeddable":true,"href":"https:\/\/de-prime.com\/index.php\/wp-json\/wp\/v2\/product_brand?post=56835"},{"taxonomy":"product_cat","embeddable":true,"href":"https:\/\/de-prime.com\/index.php\/wp-json\/wp\/v2\/product_cat?post=56835"},{"taxonomy":"product_tag","embeddable":true,"href":"https:\/\/de-prime.com\/index.php\/wp-json\/wp\/v2\/product_tag?post=56835"}],"curies":[{"name":"wp","href":"https:\/\/api.w.org\/{rel}","templated":true}]}}