{"id":56799,"date":"2024-10-01T16:20:00","date_gmt":"2024-10-01T16:20:00","guid":{"rendered":"https:\/\/de-prime.com\/?p=56799"},"modified":"2024-10-01T16:37:26","modified_gmt":"2024-10-01T16:37:26","slug":"autozelt-4-personen-gruen-wasserfest-2","status":"publish","type":"product","link":"https:\/\/de-prime.com\/index.php\/product\/autozelt-4-personen-gruen-wasserfest-2\/","title":{"rendered":"Autozelt 4 Personen Gr\u00fcn Wasserfest"},"content":{"rendered":"<p>Mit diesem Zelt kannst du dein Auto schnell und einfach in ein praktisches und komfortables Campinghaus verwandeln. Das Autozelt bietet Flexibilit\u00e4t und zus\u00e4tzlichen Platz f\u00fcr Campingurlaube, Festivals und Autoreisen. Rundum wasserdichtes Design: Aus Polyester mit PU-Beschichtung gefertigt, ist dieses Campingzelt wasser- und winddicht. Die versiegelten N\u00e4hte verhindern effektiv das Eindringen von Regenwasser, w\u00e4hrend die strapazierf\u00e4hige Bodenplane f\u00fcr ein trockenes und komfortables Interieur sorgt. Einfacher Aufbau: Das Zelt verf\u00fcgt \u00fcber robuste Stangen und Gurte, womit es leicht am Boden verankert und mit deinem Auto verbindet werden kann, sodass du nicht nach Steinen oder anderen schweren Gegenst\u00e4nden f\u00fcr seine Aufbau suchen musst. Praktischer Zugang zum Stromkabel: Dank des E-Anschlusses kannst du ganz einfach ein Verl\u00e4ngerungskabel von einer externen Stromquelle an dein Zelt anschlie\u00dfen. Breite Anwendungen: Dieses Zelt passt zu den meisten Automodellen und ist somit ein hervorragender Begleiter f\u00fcr Outdoor-Abenteuer wie Camping, Wandern und andere Outdoor-Events. Leicht und tragbar: Dank des faltbaren und leichten Designs l\u00e4sst sich das Zelt einfach verpacken und in der mitgelieferten Tragetasche m\u00fchelos verstauen und transportieren. Achtung:Halte alle Flammen und W\u00e4rmequellen von diesem Zeltstoff fern.<\/p>\n<ul>\n<li>Farbe: Gr\u00fcn<\/li>\n<li>Material: 185T Polyester mit PU-Beschichtung<\/li>\n<li>Gesamtma\u00dfe: 300 x 300 x 230 cm (L x B x H)<\/li>\n<li>Packma\u00df: 57,5 x 23 x 23 cm (L x B x H)<\/li>\n<li>Schlafplatz: 4 Personen<\/li>\n<li>Gewicht: 8,55 kg<\/li>\n<li>Zelttyp: Autozelt<\/li>\n<li>Anzahl der Schlafkabinen: 1<\/li>\n<li>Anzahl der Eing\u00e4nge: 1<\/li>\n<li>Eingang mit doppeltem Rei\u00dfverschluss<\/li>\n<li>Mit E-Anschluss<\/li>\n<li>Mit abnehmbarem \u00dcberzelt<\/li>\n<li>Zusammenbau erforderlich: Ja<\/li>\n<li><strong>Lieferung umfasst:<\/strong><\/li>\n<li>1 x Zelt<\/li>\n<li>1 x Zelt-Regendach<\/li>\n<li>1 x Tragetasche<\/li>\n<\/ul>\n","protected":false},"excerpt":{"rendered":"<ul>\n<li>Farbe: Gr\u00fcn<\/li>\n<li>Material: 185T Polyester mit PU-Beschichtung<\/li>\n<li>Gesamtma\u00dfe: 300 x 300 x 230 cm (L x B x H)<\/li>\n<li>Packma\u00df: 57,5 x 23 x 23 cm (L x B x H)<\/li>\n<li>Schlafplatz: 4 Personen<\/li>\n<li>Gewicht: 8,55 kg<\/li>\n<li>Zelttyp: Autozelt<\/li>\n<li>Anzahl der Schlafkabinen: 1<\/li>\n<li>Anzahl der Eing\u00e4nge: 1<\/li>\n<li>Eingang mit doppeltem Rei\u00dfverschluss<\/li>\n<li>Mit E-Anschluss<\/li>\n<li>Mit abnehmbarem \u00dcberzelt<\/li>\n<li>Zusammenbau erforderlich: Ja<\/li>\n<li><strong>Lieferung umfasst:<\/strong><\/li>\n<li>1 x Zelt<\/li>\n<li>1 x Zelt-Regendach<\/li>\n<li>1 x Tragetasche<\/li>\n<\/ul>\n","protected":false},"featured_media":10000056799,"comment_status":"closed","ping_status":"closed","template":"","meta":[],"product_brand":[],"product_cat":[6859,6837,6836,6987],"product_tag":[],"class_list":{"0":"post-56799","1":"product","2":"type-product","3":"status-publish","4":"has-post-thumbnail","6":"product_cat-camping-wandern","7":"product_cat-outdoor-aktivitaeten","8":"product_cat-sportartikel","9":"product_cat-zelte","11":"first","12":"instock","13":"taxable","14":"shipping-taxable","15":"purchasable","16":"product-type-simple","17":"add-to-wishlist-after_add_to_cart"},"jetpack_sharing_enabled":true,"_links":{"self":[{"href":"https:\/\/de-prime.com\/index.php\/wp-json\/wp\/v2\/product\/56799","targetHints":{"allow":["GET"]}}],"collection":[{"href":"https:\/\/de-prime.com\/index.php\/wp-json\/wp\/v2\/product"}],"about":[{"href":"https:\/\/de-prime.com\/index.php\/wp-json\/wp\/v2\/types\/product"}],"replies":[{"embeddable":true,"href":"https:\/\/de-prime.com\/index.php\/wp-json\/wp\/v2\/comments?post=56799"}],"wp:featuredmedia":[{"embeddable":true,"href":"https:\/\/de-prime.com\/index.php\/wp-json\/"}],"wp:attachment":[{"href":"https:\/\/de-prime.com\/index.php\/wp-json\/wp\/v2\/media?parent=56799"}],"wp:term":[{"taxonomy":"product_brand","embeddable":true,"href":"https:\/\/de-prime.com\/index.php\/wp-json\/wp\/v2\/product_brand?post=56799"},{"taxonomy":"product_cat","embeddable":true,"href":"https:\/\/de-prime.com\/index.php\/wp-json\/wp\/v2\/product_cat?post=56799"},{"taxonomy":"product_tag","embeddable":true,"href":"https:\/\/de-prime.com\/index.php\/wp-json\/wp\/v2\/product_tag?post=56799"}],"curies":[{"name":"wp","href":"https:\/\/api.w.org\/{rel}","templated":true}]}}