{"id":56761,"date":"2024-10-01T16:19:57","date_gmt":"2024-10-01T16:19:57","guid":{"rendered":"https:\/\/de-prime.com\/?p=56761"},"modified":"2024-10-01T16:37:16","modified_gmt":"2024-10-01T16:37:16","slug":"tunnel-familienzelt-6-personen-braun-wasserdicht","status":"publish","type":"product","link":"https:\/\/de-prime.com\/index.php\/product\/tunnel-familienzelt-6-personen-braun-wasserdicht\/","title":{"rendered":"Tunnel-Familienzelt 6 Personen Braun Wasserdicht"},"content":{"rendered":"<p>Dieses moderne Familienzelt sch\u00fctzt vor unangenehmen Wetter und bietet einen komfortablen Platz bei Abenteuern. Rundum wasserdichtes Design: Aus Polyester mit PU-Beschichtung gefertigt, ist dieses Campingzelt wasser- und winddicht. Die versiegelten N\u00e4hte verhindern effektiv das Eindringen von Regenwasser, w\u00e4hrend die strapazierf\u00e4hige Bodenplane f\u00fcr ein trockenes und komfortables Interieur sorgt. Einfacher Auf- und Abbau: Die hochflexiblen und leichten Glasfaserstangen und das praktische Steckverbindungssystem machen den Auf- und Abbau des Zeltes zum Kinderspiel. Reichlich Platz: Das Zelt besteht aus zwei Schlafkabinen, die unabh\u00e4ngig voneinander verwendet werden k\u00f6nnen. Praktischer Zugang zum Stromkabel: Dank des E-Anschlusses kannst du ganz einfach ein Verl\u00e4ngerungskabel von einer externen Stromquelle an dein Zelt anschlie\u00dfen. Leicht und tragbar: Dank des faltbaren und leichten Designs l\u00e4sst sich das Zelt einfach verpacken und in der mitgelieferten Tragetasche m\u00fchelos verstauen und transportieren. Achtung:Halte alle Flammen und W\u00e4rmequellen von diesem Zeltstoff fern.<\/p>\n<ul>\n<li>Farbe: Braun<\/li>\n<li>Material: 185T Polyester mit PU-Beschichtung<\/li>\n<li>Gesamtabmessungen: 564 x 240 x 205 cm (L x B x H)<\/li>\n<li>Packma\u00df: 60,5 x 28 x 29 cm (L x B x H)<\/li>\n<li>Schlafplatz: 6 Personen<\/li>\n<li>Gewicht: 11,15 kg<\/li>\n<li>Zelttyp: Familienzelt, Tunnelzelt<\/li>\n<li>Form: Tunnel<\/li>\n<li>Anzahl der Schlafkabinen: 2<\/li>\n<li>Anzahl der Eing\u00e4nge: 1<\/li>\n<li>Mit geteilten Vorh\u00e4ngen f\u00fcr einen getrennten Raum<\/li>\n<li>Mit E-Anschluss<\/li>\n<li>Eingang mit doppeltem Rei\u00dfverschluss<\/li>\n<li>Zusammenbau erforderlich: Ja<\/li>\n<li><strong>Lieferung umfasst:<\/strong><\/li>\n<li>1 x Zelt<\/li>\n<li>1 x Tragetasche<\/li>\n<\/ul>\n","protected":false},"excerpt":{"rendered":"<ul>\n<li>Farbe: Braun<\/li>\n<li>Material: 185T Polyester mit PU-Beschichtung<\/li>\n<li>Gesamtabmessungen: 564 x 240 x 205 cm (L x B x H)<\/li>\n<li>Packma\u00df: 60,5 x 28 x 29 cm (L x B x H)<\/li>\n<li>Schlafplatz: 6 Personen<\/li>\n<li>Gewicht: 11,15 kg<\/li>\n<li>Zelttyp: Familienzelt, Tunnelzelt<\/li>\n<li>Form: Tunnel<\/li>\n<li>Anzahl der Schlafkabinen: 2<\/li>\n<li>Anzahl der Eing\u00e4nge: 1<\/li>\n<li>Mit geteilten Vorh\u00e4ngen f\u00fcr einen getrennten Raum<\/li>\n<li>Mit E-Anschluss<\/li>\n<li>Eingang mit doppeltem Rei\u00dfverschluss<\/li>\n<li>Zusammenbau erforderlich: Ja<\/li>\n<li><strong>Lieferung umfasst:<\/strong><\/li>\n<li>1 x Zelt<\/li>\n<li>1 x Tragetasche<\/li>\n<\/ul>\n","protected":false},"featured_media":10000056761,"comment_status":"closed","ping_status":"closed","template":"","meta":[],"product_brand":[],"product_cat":[6859,6837,6836,6987],"product_tag":[],"class_list":{"0":"post-56761","1":"product","2":"type-product","3":"status-publish","4":"has-post-thumbnail","6":"product_cat-camping-wandern","7":"product_cat-outdoor-aktivitaeten","8":"product_cat-sportartikel","9":"product_cat-zelte","11":"first","12":"instock","13":"taxable","14":"shipping-taxable","15":"purchasable","16":"product-type-simple","17":"add-to-wishlist-after_add_to_cart"},"jetpack_sharing_enabled":true,"_links":{"self":[{"href":"https:\/\/de-prime.com\/index.php\/wp-json\/wp\/v2\/product\/56761","targetHints":{"allow":["GET"]}}],"collection":[{"href":"https:\/\/de-prime.com\/index.php\/wp-json\/wp\/v2\/product"}],"about":[{"href":"https:\/\/de-prime.com\/index.php\/wp-json\/wp\/v2\/types\/product"}],"replies":[{"embeddable":true,"href":"https:\/\/de-prime.com\/index.php\/wp-json\/wp\/v2\/comments?post=56761"}],"wp:featuredmedia":[{"embeddable":true,"href":"https:\/\/de-prime.com\/index.php\/wp-json\/"}],"wp:attachment":[{"href":"https:\/\/de-prime.com\/index.php\/wp-json\/wp\/v2\/media?parent=56761"}],"wp:term":[{"taxonomy":"product_brand","embeddable":true,"href":"https:\/\/de-prime.com\/index.php\/wp-json\/wp\/v2\/product_brand?post=56761"},{"taxonomy":"product_cat","embeddable":true,"href":"https:\/\/de-prime.com\/index.php\/wp-json\/wp\/v2\/product_cat?post=56761"},{"taxonomy":"product_tag","embeddable":true,"href":"https:\/\/de-prime.com\/index.php\/wp-json\/wp\/v2\/product_tag?post=56761"}],"curies":[{"name":"wp","href":"https:\/\/api.w.org\/{rel}","templated":true}]}}