{"id":56760,"date":"2024-10-01T16:19:57","date_gmt":"2024-10-01T16:19:57","guid":{"rendered":"https:\/\/de-prime.com\/?p=56760"},"modified":"2024-10-01T16:37:22","modified_gmt":"2024-10-01T16:37:22","slug":"tunnel-familienzelt-8-personen-blau-wasserdicht-4","status":"publish","type":"product","link":"https:\/\/de-prime.com\/index.php\/product\/tunnel-familienzelt-8-personen-blau-wasserdicht-4\/","title":{"rendered":"Tunnel-Familienzelt 8 Personen Blau Wasserdicht"},"content":{"rendered":"<p>Dieses moderne Familienzelt sch\u00fctzt vor unangenehmen Wetter und bietet einen komfortablen Platz bei Abenteuern. Rundum wasserdichtes Design: Aus Polyester mit PU-Beschichtung gefertigt, ist dieses Campingzelt wasser- und winddicht. Die versiegelten N\u00e4hte verhindern effektiv das Eindringen von Regenwasser, w\u00e4hrend die strapazierf\u00e4hige Bodenplane f\u00fcr ein trockenes und komfortables Interieur sorgt.Einfacher Auf- und Abbau: Die hochflexiblen und leichten Glasfaserstangen und das praktische Steckverbindungssystem machen den Auf- und Abbau des Zeltes zum Kinderspiel.Praktischer Zugang zum Stromkabel: Dank des E-Anschlusses kannst du ganz einfach ein Verl\u00e4ngerungskabel von einer externen Stromquelle an dein Zelt anschlie\u00dfen.Gute Bel\u00fcftung und Insektenschutz: Die Netzw\u00e4nde bieten nicht nur eine hervorragende Bel\u00fcftung, sondern halten auch Insekten effektiv fern, um den Benutzern ein komfortables und insektenfreies Erlebnis zu bieten.Lange Stangen f\u00fcr Sonnendach: Dieses Zelt wird samt langen Stangen geliefert, die zum St\u00fctzen der Eingangst\u00fcr verwenden werden k\u00f6nnen, um ein Sonnendach zu bilden. So kannst du die freie Natur im Schatten genie\u00dfen! Achtung:Halte alle Flammen und W\u00e4rmequellen von diesem Zeltstoff fern.<\/p>\n<ul>\n<li>Farbe: Blau<\/li>\n<li>Material: 185T Polyester mit PU-Beschichtung<\/li>\n<li>Mesh-Material: 68D Polyester<\/li>\n<li>Abmessungen des Innenzeltes: 698 x 315 x 200 cm (L x B x H)<\/li>\n<li>Abmessungen des Au\u00dfenzeltes: 698 x 315 x 205 cm (L x B x H)<\/li>\n<li>Packma\u00df: 66 x 31,5 x 31,5 cm (L x B x H)<\/li>\n<li>Schlafplatz: 8 Personen<\/li>\n<li>Zelttyp: Familienzelt, Campingzelt, Tunnelzelt<\/li>\n<li>Gewicht: 20,8 kg<\/li>\n<li>Form: Tunnel<\/li>\n<li>Anzahl der Schlafkabinen: 4<\/li>\n<li>Anzahl der Eing\u00e4nge: 2<\/li>\n<li>Eingang mit doppeltem Rei\u00dfverschluss<\/li>\n<li>Mit E-Anschluss<\/li>\n<li>Mit 2 Aufbewahrungstaschen<\/li>\n<li>Mit geteilten Vorh\u00e4ngen f\u00fcr einen getrennten Raum<\/li>\n<li>Zusammenbau erforderlich: Ja<\/li>\n<li><strong>Lieferung umfasst:<\/strong><\/li>\n<li>1 x Zelt<\/li>\n<li>1 x Tragetasche<\/li>\n<\/ul>\n","protected":false},"excerpt":{"rendered":"<ul>\n<li>Farbe: Blau<\/li>\n<li>Material: 185T Polyester mit PU-Beschichtung<\/li>\n<li>Mesh-Material: 68D Polyester<\/li>\n<li>Abmessungen des Innenzeltes: 698 x 315 x 200 cm (L x B x H)<\/li>\n<li>Abmessungen des Au\u00dfenzeltes: 698 x 315 x 205 cm (L x B x H)<\/li>\n<li>Packma\u00df: 66 x 31,5 x 31,5 cm (L x B x H)<\/li>\n<li>Schlafplatz: 8 Personen<\/li>\n<li>Zelttyp: Familienzelt, Campingzelt, Tunnelzelt<\/li>\n<li>Gewicht: 20,8 kg<\/li>\n<li>Form: Tunnel<\/li>\n<li>Anzahl der Schlafkabinen: 4<\/li>\n<li>Anzahl der Eing\u00e4nge: 2<\/li>\n<li>Eingang mit doppeltem Rei\u00dfverschluss<\/li>\n<li>Mit E-Anschluss<\/li>\n<li>Mit 2 Aufbewahrungstaschen<\/li>\n<li>Mit geteilten Vorh\u00e4ngen f\u00fcr einen getrennten Raum<\/li>\n<li>Zusammenbau erforderlich: Ja<\/li>\n<li><strong>Lieferung umfasst:<\/strong><\/li>\n<li>1 x Zelt<\/li>\n<li>1 x Tragetasche<\/li>\n<\/ul>\n","protected":false},"featured_media":10000056760,"comment_status":"closed","ping_status":"closed","template":"","meta":[],"product_brand":[],"product_cat":[6859,6837,6836,6987],"product_tag":[],"class_list":{"0":"post-56760","1":"product","2":"type-product","3":"status-publish","4":"has-post-thumbnail","6":"product_cat-camping-wandern","7":"product_cat-outdoor-aktivitaeten","8":"product_cat-sportartikel","9":"product_cat-zelte","11":"first","12":"instock","13":"taxable","14":"shipping-taxable","15":"purchasable","16":"product-type-simple","17":"add-to-wishlist-after_add_to_cart"},"jetpack_sharing_enabled":true,"_links":{"self":[{"href":"https:\/\/de-prime.com\/index.php\/wp-json\/wp\/v2\/product\/56760","targetHints":{"allow":["GET"]}}],"collection":[{"href":"https:\/\/de-prime.com\/index.php\/wp-json\/wp\/v2\/product"}],"about":[{"href":"https:\/\/de-prime.com\/index.php\/wp-json\/wp\/v2\/types\/product"}],"replies":[{"embeddable":true,"href":"https:\/\/de-prime.com\/index.php\/wp-json\/wp\/v2\/comments?post=56760"}],"wp:featuredmedia":[{"embeddable":true,"href":"https:\/\/de-prime.com\/index.php\/wp-json\/"}],"wp:attachment":[{"href":"https:\/\/de-prime.com\/index.php\/wp-json\/wp\/v2\/media?parent=56760"}],"wp:term":[{"taxonomy":"product_brand","embeddable":true,"href":"https:\/\/de-prime.com\/index.php\/wp-json\/wp\/v2\/product_brand?post=56760"},{"taxonomy":"product_cat","embeddable":true,"href":"https:\/\/de-prime.com\/index.php\/wp-json\/wp\/v2\/product_cat?post=56760"},{"taxonomy":"product_tag","embeddable":true,"href":"https:\/\/de-prime.com\/index.php\/wp-json\/wp\/v2\/product_tag?post=56760"}],"curies":[{"name":"wp","href":"https:\/\/api.w.org\/{rel}","templated":true}]}}