{"id":56735,"date":"2024-10-01T16:19:54","date_gmt":"2024-10-01T16:19:54","guid":{"rendered":"https:\/\/de-prime.com\/?p=56735"},"modified":"2024-10-01T16:44:49","modified_gmt":"2024-10-01T16:44:49","slug":"duschzelt-gruen-wasserfest","status":"publish","type":"product","link":"https:\/\/de-prime.com\/index.php\/product\/duschzelt-gruen-wasserfest\/","title":{"rendered":"Duschzelt Gr\u00fcn Wasserfest"},"content":{"rendered":"<p>Dieses Duschzelt eignet sich hervorragend, um auf dem Campingplatz einen abgetrennten Bereich f\u00fcr eine Toilette, eine Dusche oder einen Umkleideraum zu schaffen. Wasserdicht: Aus Polyester mit PU-Beschichtung gefertigt, ist dieses Zelt wasser- und winddicht.Multifunktionszelt: Das Zelt bietet einen privaten Ort f\u00fcr die Toilette und f\u00fcr das Duschen auf dem Campingplatz. Es kann auch als Umkleidezelt genutzt werden, z.B. f\u00fcr verschiedene Aktivit\u00e4ten im Freien.Einfacher Zugang: Der Eingang mit Rei\u00dfverschluss erm\u00f6glicht einen einfachen Zugang. Er l\u00e4sst sich einfach aufrollen und mit Knebelkn\u00f6pfen befestigen. So kannst du f\u00fcr eine gute Luftzirkulation und viel nat\u00fcrliches Licht im Zelt sorgen.Einfacher Auf- und Abbau: Die hochflexiblen und leichten Glasfaserstangen und das praktische Steckverbindungssystem machen den Auf- und Abbau des Zeltes zum Kinderspiel.Leicht und tragbar: Dank des faltbaren und leichten Designs l\u00e4sst sich das Zelt einfach verpacken und in der mitgelieferten Tragetasche m\u00fchelos verstauen und transportieren. Achtung:Halte alle Flammen und W\u00e4rmequellen von diesem Zeltstoff fern.<\/p>\n<ul>\n<li>Farbe: Gr\u00fcn<\/li>\n<li>Material: 185T Polyester mit PU-Beschichtung<\/li>\n<li>Gesamtabmessungen: 140 x 140 x 213 cm (L x B x H)<\/li>\n<li>Packma\u00df: 64 x 23 x 23 cm (L x B x H)<\/li>\n<li>Gewicht: 2,3 kg<\/li>\n<li>Zelt-Typ: Duschzelt<\/li>\n<li>Anzahl der Eing\u00e4nge: 1<\/li>\n<li>Anzahl der Fenster: 1<\/li>\n<li>Vordere T\u00fcr im D-Form<\/li>\n<li>Eingang mit Rei\u00dfverschluss<\/li>\n<li>Mit Aufbewahrungstasche<\/li>\n<li>Zusammenbau erforderlich: Ja<\/li>\n<li><strong>Lieferung umfasst:<\/strong><\/li>\n<li>1 x Zelt<\/li>\n<li>1 x Tragetasche<\/li>\n<\/ul>\n","protected":false},"excerpt":{"rendered":"<ul>\n<li>Farbe: Gr\u00fcn<\/li>\n<li>Material: 185T Polyester mit PU-Beschichtung<\/li>\n<li>Gesamtabmessungen: 140 x 140 x 213 cm (L x B x H)<\/li>\n<li>Packma\u00df: 64 x 23 x 23 cm (L x B x H)<\/li>\n<li>Gewicht: 2,3 kg<\/li>\n<li>Zelt-Typ: Duschzelt<\/li>\n<li>Anzahl der Eing\u00e4nge: 1<\/li>\n<li>Anzahl der Fenster: 1<\/li>\n<li>Vordere T\u00fcr im D-Form<\/li>\n<li>Eingang mit Rei\u00dfverschluss<\/li>\n<li>Mit Aufbewahrungstasche<\/li>\n<li>Zusammenbau erforderlich: Ja<\/li>\n<li><strong>Lieferung umfasst:<\/strong><\/li>\n<li>1 x Zelt<\/li>\n<li>1 x Tragetasche<\/li>\n<\/ul>\n","protected":false},"featured_media":10000056735,"comment_status":"closed","ping_status":"closed","template":"","meta":[],"product_brand":[],"product_cat":[6859,6837,6836,6987],"product_tag":[],"class_list":{"0":"post-56735","1":"product","2":"type-product","3":"status-publish","4":"has-post-thumbnail","6":"product_cat-camping-wandern","7":"product_cat-outdoor-aktivitaeten","8":"product_cat-sportartikel","9":"product_cat-zelte","11":"first","12":"instock","13":"taxable","14":"shipping-taxable","15":"purchasable","16":"product-type-simple","17":"add-to-wishlist-after_add_to_cart"},"jetpack_sharing_enabled":true,"_links":{"self":[{"href":"https:\/\/de-prime.com\/index.php\/wp-json\/wp\/v2\/product\/56735","targetHints":{"allow":["GET"]}}],"collection":[{"href":"https:\/\/de-prime.com\/index.php\/wp-json\/wp\/v2\/product"}],"about":[{"href":"https:\/\/de-prime.com\/index.php\/wp-json\/wp\/v2\/types\/product"}],"replies":[{"embeddable":true,"href":"https:\/\/de-prime.com\/index.php\/wp-json\/wp\/v2\/comments?post=56735"}],"wp:featuredmedia":[{"embeddable":true,"href":"https:\/\/de-prime.com\/index.php\/wp-json\/"}],"wp:attachment":[{"href":"https:\/\/de-prime.com\/index.php\/wp-json\/wp\/v2\/media?parent=56735"}],"wp:term":[{"taxonomy":"product_brand","embeddable":true,"href":"https:\/\/de-prime.com\/index.php\/wp-json\/wp\/v2\/product_brand?post=56735"},{"taxonomy":"product_cat","embeddable":true,"href":"https:\/\/de-prime.com\/index.php\/wp-json\/wp\/v2\/product_cat?post=56735"},{"taxonomy":"product_tag","embeddable":true,"href":"https:\/\/de-prime.com\/index.php\/wp-json\/wp\/v2\/product_tag?post=56735"}],"curies":[{"name":"wp","href":"https:\/\/api.w.org\/{rel}","templated":true}]}}