{"id":56727,"date":"2024-10-01T16:19:53","date_gmt":"2024-10-01T16:19:53","guid":{"rendered":"https:\/\/de-prime.com\/?p=56727"},"modified":"2024-10-01T16:44:47","modified_gmt":"2024-10-01T16:44:47","slug":"strand-schattenzelt-mit-sandsaecken-grau-214x236-cm","status":"publish","type":"product","link":"https:\/\/de-prime.com\/index.php\/product\/strand-schattenzelt-mit-sandsaecken-grau-214x236-cm\/","title":{"rendered":"Strand-Schattenzelt mit Sands\u00e4cken Grau 214&#215;236 cm"},"content":{"rendered":"<p>Das Stranddach eignet sich ideal, um dich zu entspannen und Spa\u00df am Strand oder beim Camping zu haben, ohne an Sonnenbrand zu leiden. UV-Schutz: Das Strandzelt besteht aus Polyester und blockiert sch\u00e4dliche UV-Strahlen dank des Lichtschutzfaktors von 40+, um Sonnenbrand zu vermeiden.Einfacher Aufbau: Die Strandmuschel l\u00e4sst sich leicht aufstellen und wird samt Stangen und vier Sands\u00e4cken geliefert. Sie l\u00e4sst sich daher an Sandstr\u00e4nden und dichten Grasfl\u00e4chen bequem verwenden.Leicht und tragbar: Dank des faltbaren und leichten Designs l\u00e4sst sich das Zelt einfach verpacken und in der mitgelieferten Tragetasche m\u00fchelos verstauen und transportieren.Vielseitig einsetzbar: Das Schattentuch eignet sich ideal f\u00fcr die meisten Outdoor-Aktivit\u00e4ten, sei es zum Spenden von Schatten am Strand, beim Spielen mit den Kindern im Garten oder bei Wanderungen in der Natur.<\/p>\n<ul>\n<li>Farbe: Grau<\/li>\n<li>Material: Polyester und Stahl<\/li>\n<li>Gesamtabmessungen: 210 x 228 x 213 cm (L x B x H)<\/li>\n<li>Gr\u00f6\u00dfe des Sonnensegels: 214 x 236 cm (L x B)<\/li>\n<li>Gr\u00f6\u00dfe der St\u00fctzstange: 1,9 x 213 cm (Durchmesser x H)<\/li>\n<li>Gr\u00f6\u00dfe der Tragetasche: 50 x 16 x 15 cm (L x B x H)<\/li>\n<li>Gewicht: 180 g<\/li>\n<li>UV+40<\/li>\n<li>Empfohlen f\u00fcr: 4 Personen<\/li>\n<li>Zusammenbau erforderlich: Ja<\/li>\n<li> <\/li>\n<li><strong>Lieferung umfasst:<\/strong><\/li>\n<li>1 x Sonnensegel mit 4 Sands\u00e4cken<\/li>\n<li>2 x St\u00fctzstange<\/li>\n<li>4 x Rei\u00dfnadel<\/li>\n<li>1 x Sandschaufel<\/li>\n<li>1 x Tragetasche<\/li>\n<\/ul>\n","protected":false},"excerpt":{"rendered":"<ul>\n<li>Farbe: Grau<\/li>\n<li>Material: Polyester und Stahl<\/li>\n<li>Gesamtabmessungen: 210 x 228 x 213 cm (L x B x H)<\/li>\n<li>Gr\u00f6\u00dfe des Sonnensegels: 214 x 236 cm (L x B)<\/li>\n<li>Gr\u00f6\u00dfe der St\u00fctzstange: 1,9 x 213 cm (Durchmesser x H)<\/li>\n<li>Gr\u00f6\u00dfe der Tragetasche: 50 x 16 x 15 cm (L x B x H)<\/li>\n<li>Gewicht: 180 g<\/li>\n<li>UV+40<\/li>\n<li>Empfohlen f\u00fcr: 4 Personen<\/li>\n<li>Zusammenbau erforderlich: Ja<\/li>\n<li> <\/li>\n<li><strong>Lieferung umfasst:<\/strong><\/li>\n<li>1 x Sonnensegel mit 4 Sands\u00e4cken<\/li>\n<li>2 x St\u00fctzstange<\/li>\n<li>4 x Rei\u00dfnadel<\/li>\n<li>1 x Sandschaufel<\/li>\n<li>1 x Tragetasche<\/li>\n<\/ul>\n","protected":false},"featured_media":10000056727,"comment_status":"closed","ping_status":"closed","template":"","meta":[],"product_brand":[],"product_cat":[6859,6837,6836,6987],"product_tag":[],"class_list":{"0":"post-56727","1":"product","2":"type-product","3":"status-publish","4":"has-post-thumbnail","6":"product_cat-camping-wandern","7":"product_cat-outdoor-aktivitaeten","8":"product_cat-sportartikel","9":"product_cat-zelte","11":"first","12":"instock","13":"taxable","14":"shipping-taxable","15":"purchasable","16":"product-type-simple","17":"add-to-wishlist-after_add_to_cart"},"jetpack_sharing_enabled":true,"_links":{"self":[{"href":"https:\/\/de-prime.com\/index.php\/wp-json\/wp\/v2\/product\/56727","targetHints":{"allow":["GET"]}}],"collection":[{"href":"https:\/\/de-prime.com\/index.php\/wp-json\/wp\/v2\/product"}],"about":[{"href":"https:\/\/de-prime.com\/index.php\/wp-json\/wp\/v2\/types\/product"}],"replies":[{"embeddable":true,"href":"https:\/\/de-prime.com\/index.php\/wp-json\/wp\/v2\/comments?post=56727"}],"wp:featuredmedia":[{"embeddable":true,"href":"https:\/\/de-prime.com\/index.php\/wp-json\/"}],"wp:attachment":[{"href":"https:\/\/de-prime.com\/index.php\/wp-json\/wp\/v2\/media?parent=56727"}],"wp:term":[{"taxonomy":"product_brand","embeddable":true,"href":"https:\/\/de-prime.com\/index.php\/wp-json\/wp\/v2\/product_brand?post=56727"},{"taxonomy":"product_cat","embeddable":true,"href":"https:\/\/de-prime.com\/index.php\/wp-json\/wp\/v2\/product_cat?post=56727"},{"taxonomy":"product_tag","embeddable":true,"href":"https:\/\/de-prime.com\/index.php\/wp-json\/wp\/v2\/product_tag?post=56727"}],"curies":[{"name":"wp","href":"https:\/\/api.w.org\/{rel}","templated":true}]}}