{"id":56715,"date":"2024-10-01T16:19:52","date_gmt":"2024-10-01T16:19:52","guid":{"rendered":"https:\/\/de-prime.com\/?p=56715"},"modified":"2024-10-01T16:44:44","modified_gmt":"2024-10-01T16:44:44","slug":"campingzelt-4-personen-grau-und-orange-quick-release-3","status":"publish","type":"product","link":"https:\/\/de-prime.com\/index.php\/product\/campingzelt-4-personen-grau-und-orange-quick-release-3\/","title":{"rendered":"Campingzelt 4 Personen Grau und Orange Quick Release"},"content":{"rendered":"<p>Dieses Campingzelt im modernen Look sch\u00fctzt vor unangenehmen Wetter und bietet einen komfortablen Ort bei Abenteuern. Rundum wasserdichtes Design: Aus Polyester mit PU-Beschichtung gefertigt, ist dieses Campingzelt wasser- und winddicht. Die versiegelten N\u00e4hte verhindern effektiv das Eindringen von Regenwasser, w\u00e4hrend die strapazierf\u00e4hige Bodenplane f\u00fcr ein trockenes und komfortables Interieur sorgt.Quick-Release-System: Dank des Quick-Release-Systems l\u00e4sst sich das Zelt m\u00fchelos aufbauen! Lege das Zelt auf den Boden, ziehe das vormontierte Gest\u00e4nge heraus, bis es einrastet, und schon ist das Zelt einsatzbereit!Lange Stangen f\u00fcr Sonnendach: Dieses Zelt wird samt langen Stangen geliefert, die zum St\u00fctzen der Eingangst\u00fcr verwenden werden k\u00f6nnen, um ein Sonnendach zu bilden. So kannst du die freie Natur im Schatten genie\u00dfen!Leicht und tragbar: Dank des faltbaren und leichten Designs l\u00e4sst sich das Zelt einfach verpacken und in der mitgelieferten Tragetasche m\u00fchelos verstauen und transportieren.Stabil und sicher: Befestige dein Zelt mit den mitgelieferten Heringen und Abspannseilen fest am Boden, um seine Stabilit\u00e4t und Sicherheit zu gew\u00e4hrleisten. Achtung:Halte alle Flammen und W\u00e4rmequellen von diesem Zeltstoff fern.<\/p>\n<ul>\n<li>Farbe: Grau und Orange<\/li>\n<li>Material: 190T Polyester mit PU-Beschichtung<\/li>\n<li>Gesamtabmessungen: 260 x 217 x 150 cm (L x B x H)<\/li>\n<li>Packma\u00df: 83 x 17 x 17 cm (L x B x H)<\/li>\n<li>Schlafplatz: 4 Personen<\/li>\n<li>Gewicht: 4,8 kg<\/li>\n<li>Zelttyp: Campingzelt<\/li>\n<li>Form: Kabine<\/li>\n<li>Anzahl der Schlafkabinen: 1<\/li>\n<li>Anzahl der Eing\u00e4nge: 2<\/li>\n<li>Anzahl der Fenster: 2<\/li>\n<li>Schnellwechselsystem<\/li>\n<li>Eingang mit doppeltem Rei\u00dfverschluss<\/li>\n<li>Zusammenbau erforderlich: Ja<\/li>\n<li><strong>Lieferung umfasst:<\/strong><\/li>\n<li>1 x Zelt<\/li>\n<li>1 x Tragetasche<\/li>\n<\/ul>\n","protected":false},"excerpt":{"rendered":"<ul>\n<li>Farbe: Grau und Orange<\/li>\n<li>Material: 190T Polyester mit PU-Beschichtung<\/li>\n<li>Gesamtabmessungen: 260 x 217 x 150 cm (L x B x H)<\/li>\n<li>Packma\u00df: 83 x 17 x 17 cm (L x B x H)<\/li>\n<li>Schlafplatz: 4 Personen<\/li>\n<li>Gewicht: 4,8 kg<\/li>\n<li>Zelttyp: Campingzelt<\/li>\n<li>Form: Kabine<\/li>\n<li>Anzahl der Schlafkabinen: 1<\/li>\n<li>Anzahl der Eing\u00e4nge: 2<\/li>\n<li>Anzahl der Fenster: 2<\/li>\n<li>Schnellwechselsystem<\/li>\n<li>Eingang mit doppeltem Rei\u00dfverschluss<\/li>\n<li>Zusammenbau erforderlich: Ja<\/li>\n<li><strong>Lieferung umfasst:<\/strong><\/li>\n<li>1 x Zelt<\/li>\n<li>1 x Tragetasche<\/li>\n<\/ul>\n","protected":false},"featured_media":10000056715,"comment_status":"closed","ping_status":"closed","template":"","meta":[],"product_brand":[],"product_cat":[6859,6837,6836,6987],"product_tag":[],"class_list":{"0":"post-56715","1":"product","2":"type-product","3":"status-publish","4":"has-post-thumbnail","6":"product_cat-camping-wandern","7":"product_cat-outdoor-aktivitaeten","8":"product_cat-sportartikel","9":"product_cat-zelte","11":"first","12":"instock","13":"taxable","14":"shipping-taxable","15":"purchasable","16":"product-type-simple","17":"add-to-wishlist-after_add_to_cart"},"jetpack_sharing_enabled":true,"_links":{"self":[{"href":"https:\/\/de-prime.com\/index.php\/wp-json\/wp\/v2\/product\/56715","targetHints":{"allow":["GET"]}}],"collection":[{"href":"https:\/\/de-prime.com\/index.php\/wp-json\/wp\/v2\/product"}],"about":[{"href":"https:\/\/de-prime.com\/index.php\/wp-json\/wp\/v2\/types\/product"}],"replies":[{"embeddable":true,"href":"https:\/\/de-prime.com\/index.php\/wp-json\/wp\/v2\/comments?post=56715"}],"wp:featuredmedia":[{"embeddable":true,"href":"https:\/\/de-prime.com\/index.php\/wp-json\/"}],"wp:attachment":[{"href":"https:\/\/de-prime.com\/index.php\/wp-json\/wp\/v2\/media?parent=56715"}],"wp:term":[{"taxonomy":"product_brand","embeddable":true,"href":"https:\/\/de-prime.com\/index.php\/wp-json\/wp\/v2\/product_brand?post=56715"},{"taxonomy":"product_cat","embeddable":true,"href":"https:\/\/de-prime.com\/index.php\/wp-json\/wp\/v2\/product_cat?post=56715"},{"taxonomy":"product_tag","embeddable":true,"href":"https:\/\/de-prime.com\/index.php\/wp-json\/wp\/v2\/product_tag?post=56715"}],"curies":[{"name":"wp","href":"https:\/\/api.w.org\/{rel}","templated":true}]}}