{"id":56663,"date":"2024-10-01T16:19:47","date_gmt":"2024-10-01T16:19:47","guid":{"rendered":"https:\/\/de-prime.com\/?p=56663"},"modified":"2024-10-01T16:42:25","modified_gmt":"2024-10-01T16:42:25","slug":"strandzelt-2-personen-azurblau-quick-release-wasserdicht-6","status":"publish","type":"product","link":"https:\/\/de-prime.com\/index.php\/product\/strandzelt-2-personen-azurblau-quick-release-wasserdicht-6\/","title":{"rendered":"Strandzelt 2 Personen Azurblau Quick Release Wasserdicht"},"content":{"rendered":"<p>Dieses Strandzelt bietet dir und deinen Freunden einen gem\u00fctlichen Unterschlupf im hei\u00dfen Sommer. Das Zelt dient auch als Schattenspender \u00fcber dem Sandkasten und dem Planschbecken. Wasserdicht: Aus Polyester mit PU-Beschichtung gefertigt, ist dieses Zelt wasser- und winddicht.Quick-Release-System: Dank des Quick-Release-Systems l\u00e4sst sich das Zelt m\u00fchelos aufbauen! Lege das Zelt auf den Boden, ziehe das vormontierte Gest\u00e4nge heraus, bis es einrastet, und schon ist das Zelt einsatzbereit!Privatsph\u00e4re: Der vordere Eingang mit Rei\u00dfverschluss l\u00e4sst sich komplett schlie\u00dfen, um Privatsph\u00e4re beim Schlafen, Umziehen oder Stillen zu schaffen. Im ge\u00f6ffneten Zustand kann er auch als praktische Strandmatte zum Entspannen verwendet werden.Angenehme K\u00fchle durch maximale Luftstr\u00f6mung: Das Zelt verf\u00fcgt \u00fcber Seitenteile aus Netzgewebe, die f\u00fcr eine gute Bel\u00fcftung sorgen und den Innenraum k\u00fchl und komfortabel halten.Stabil und sicher: Befestige dein Zelt mit den mitgelieferten Heringen und Abspannseilen fest am Boden, um seine Stabilit\u00e4t und Sicherheit zu gew\u00e4hrleisten. Achtung:Halte alle Flammen und W\u00e4rmequellen von diesem Zeltstoff fern.<\/p>\n<ul>\n<li>Farbe: Azurblau<\/li>\n<li>Material: 190T Polyester mit PU-Beschichtung<\/li>\n<li>Gesamtabmessungen: 224 x 138 x 142 cm (L x B x H)<\/li>\n<li>Packma\u00df: 86 x 12 x 12 cm (L x B x H)<\/li>\n<li>Schlafplatz: 2 Personen<\/li>\n<li>Gewicht: 2,2 kg<\/li>\n<li>Zelttyp: Strandzelt<\/li>\n<li>Anzahl der Eing\u00e4nge: 1<\/li>\n<li>Anzahl der Fenster: 3<\/li>\n<li>Schnellwechselsystem<\/li>\n<li>Mit Sands\u00e4cken f\u00fcr mehr Stabilit\u00e4t<\/li>\n<li>Zusammenbau erforderlich: Ja<\/li>\n<li><strong>Lieferung umfasst:<\/strong><\/li>\n<li>1 x Zelt<\/li>\n<li>1 x Tragetasche<\/li>\n<\/ul>\n","protected":false},"excerpt":{"rendered":"<ul>\n<li>Farbe: Azurblau<\/li>\n<li>Material: 190T Polyester mit PU-Beschichtung<\/li>\n<li>Gesamtabmessungen: 224 x 138 x 142 cm (L x B x H)<\/li>\n<li>Packma\u00df: 86 x 12 x 12 cm (L x B x H)<\/li>\n<li>Schlafplatz: 2 Personen<\/li>\n<li>Gewicht: 2,2 kg<\/li>\n<li>Zelttyp: Strandzelt<\/li>\n<li>Anzahl der Eing\u00e4nge: 1<\/li>\n<li>Anzahl der Fenster: 3<\/li>\n<li>Schnellwechselsystem<\/li>\n<li>Mit Sands\u00e4cken f\u00fcr mehr Stabilit\u00e4t<\/li>\n<li>Zusammenbau erforderlich: Ja<\/li>\n<li><strong>Lieferung umfasst:<\/strong><\/li>\n<li>1 x Zelt<\/li>\n<li>1 x Tragetasche<\/li>\n<\/ul>\n","protected":false},"featured_media":10000056663,"comment_status":"closed","ping_status":"closed","template":"","meta":[],"product_brand":[],"product_cat":[6859,6837,6836,6987],"product_tag":[],"class_list":{"0":"post-56663","1":"product","2":"type-product","3":"status-publish","4":"has-post-thumbnail","6":"product_cat-camping-wandern","7":"product_cat-outdoor-aktivitaeten","8":"product_cat-sportartikel","9":"product_cat-zelte","11":"first","12":"instock","13":"taxable","14":"shipping-taxable","15":"purchasable","16":"product-type-simple","17":"add-to-wishlist-after_add_to_cart"},"jetpack_sharing_enabled":true,"_links":{"self":[{"href":"https:\/\/de-prime.com\/index.php\/wp-json\/wp\/v2\/product\/56663","targetHints":{"allow":["GET"]}}],"collection":[{"href":"https:\/\/de-prime.com\/index.php\/wp-json\/wp\/v2\/product"}],"about":[{"href":"https:\/\/de-prime.com\/index.php\/wp-json\/wp\/v2\/types\/product"}],"replies":[{"embeddable":true,"href":"https:\/\/de-prime.com\/index.php\/wp-json\/wp\/v2\/comments?post=56663"}],"wp:featuredmedia":[{"embeddable":true,"href":"https:\/\/de-prime.com\/index.php\/wp-json\/"}],"wp:attachment":[{"href":"https:\/\/de-prime.com\/index.php\/wp-json\/wp\/v2\/media?parent=56663"}],"wp:term":[{"taxonomy":"product_brand","embeddable":true,"href":"https:\/\/de-prime.com\/index.php\/wp-json\/wp\/v2\/product_brand?post=56663"},{"taxonomy":"product_cat","embeddable":true,"href":"https:\/\/de-prime.com\/index.php\/wp-json\/wp\/v2\/product_cat?post=56663"},{"taxonomy":"product_tag","embeddable":true,"href":"https:\/\/de-prime.com\/index.php\/wp-json\/wp\/v2\/product_tag?post=56663"}],"curies":[{"name":"wp","href":"https:\/\/api.w.org\/{rel}","templated":true}]}}