{"id":56653,"date":"2024-10-01T16:19:46","date_gmt":"2024-10-01T16:19:46","guid":{"rendered":"https:\/\/de-prime.com\/?p=56653"},"modified":"2024-10-01T16:42:22","modified_gmt":"2024-10-01T16:42:22","slug":"strandzelt-2-personen-seegruen-quick-release-wasserdicht-5","status":"publish","type":"product","link":"https:\/\/de-prime.com\/index.php\/product\/strandzelt-2-personen-seegruen-quick-release-wasserdicht-5\/","title":{"rendered":"Strandzelt 2 Personen Seegr\u00fcn Quick Release Wasserdicht"},"content":{"rendered":"<p>Dieses Strandzelt bietet dir und deinen Freunden einen gem\u00fctlichen Unterschlupf im hei\u00dfen Sommer. Das Zelt dient auch als Schattenspender \u00fcber dem Sandkasten und dem Planschbecken. Wasserdicht: Aus Polyester mit PU-Beschichtung gefertigt, ist dieses Zelt wasser- und winddicht.Quick-Release-System: Dank des Quick-Release-Systems l\u00e4sst sich das Zelt m\u00fchelos aufbauen! Lege das Zelt auf den Boden, ziehe das vormontierte Gest\u00e4nge heraus, bis es einrastet, und schon ist das Zelt einsatzbereit!Doppelfenster: Das Netzfenster sorgt f\u00fcr eine gute Bel\u00fcftung und h\u00e4lt Insekten fern, w\u00e4hrend das wasserdichte Fenster Schutz vor Wind und Regen bietet.Einfacher Zugang: Der Eingang mit Rei\u00dfverschluss erm\u00f6glicht einen einfachen Zugang. Er l\u00e4sst sich einfach aufrollen und mit Knebelkn\u00f6pfen befestigen. So kannst du f\u00fcr eine gute Luftzirkulation und viel nat\u00fcrliches Licht im Zelt sorgen.Stabil und sicher: Befestige dein Zelt mit den mitgelieferten Heringen und Abspannseilen fest am Boden, um seine Stabilit\u00e4t und Sicherheit zu gew\u00e4hrleisten. Achtung:Halte alle Flammen und W\u00e4rmequellen von diesem Zeltstoff fern.<\/p>\n<ul>\n<li>Farbe: Meergr\u00fcn<\/li>\n<li>Material: 190T Polyester mit PU-Beschichtung<\/li>\n<li>Abmessungen des Au\u00dfenzeltes: 201 x 146 x 125 cm (L x B x H)<\/li>\n<li>Abmessungen des Innenzeltes: 190 x 140 x 115 cm (L x B x H)<\/li>\n<li>Packma\u00df: 68 x 12 x 12 cm (L x B x H)<\/li>\n<li>Schlafplatz: 2 Personen<\/li>\n<li>Gewicht: 2,2 kg<\/li>\n<li>Zelttyp: Strandzelt<\/li>\n<li>Anzahl der Eing\u00e4nge: 2<\/li>\n<li>Anzahl der Fenster: 2<\/li>\n<li>Schnellwechselsystem<\/li>\n<li>Eingang mit doppeltem Rei\u00dfverschluss<\/li>\n<li>Mit Sands\u00e4cken f\u00fcr mehr Stabilit\u00e4t<\/li>\n<li>Zusammenbau erforderlich: Ja<\/li>\n<li><strong>Lieferung umfasst:<\/strong><\/li>\n<li>1 x Zelt<\/li>\n<li>1 x Tragetasche<\/li>\n<\/ul>\n","protected":false},"excerpt":{"rendered":"<ul>\n<li>Farbe: Meergr\u00fcn<\/li>\n<li>Material: 190T Polyester mit PU-Beschichtung<\/li>\n<li>Abmessungen des Au\u00dfenzeltes: 201 x 146 x 125 cm (L x B x H)<\/li>\n<li>Abmessungen des Innenzeltes: 190 x 140 x 115 cm (L x B x H)<\/li>\n<li>Packma\u00df: 68 x 12 x 12 cm (L x B x H)<\/li>\n<li>Schlafplatz: 2 Personen<\/li>\n<li>Gewicht: 2,2 kg<\/li>\n<li>Zelttyp: Strandzelt<\/li>\n<li>Anzahl der Eing\u00e4nge: 2<\/li>\n<li>Anzahl der Fenster: 2<\/li>\n<li>Schnellwechselsystem<\/li>\n<li>Eingang mit doppeltem Rei\u00dfverschluss<\/li>\n<li>Mit Sands\u00e4cken f\u00fcr mehr Stabilit\u00e4t<\/li>\n<li>Zusammenbau erforderlich: Ja<\/li>\n<li><strong>Lieferung umfasst:<\/strong><\/li>\n<li>1 x Zelt<\/li>\n<li>1 x Tragetasche<\/li>\n<\/ul>\n","protected":false},"featured_media":10000056653,"comment_status":"closed","ping_status":"closed","template":"","meta":[],"product_brand":[],"product_cat":[6859,6837,6836,6987],"product_tag":[],"class_list":{"0":"post-56653","1":"product","2":"type-product","3":"status-publish","4":"has-post-thumbnail","6":"product_cat-camping-wandern","7":"product_cat-outdoor-aktivitaeten","8":"product_cat-sportartikel","9":"product_cat-zelte","11":"first","12":"instock","13":"taxable","14":"shipping-taxable","15":"purchasable","16":"product-type-simple","17":"add-to-wishlist-after_add_to_cart"},"jetpack_sharing_enabled":true,"_links":{"self":[{"href":"https:\/\/de-prime.com\/index.php\/wp-json\/wp\/v2\/product\/56653","targetHints":{"allow":["GET"]}}],"collection":[{"href":"https:\/\/de-prime.com\/index.php\/wp-json\/wp\/v2\/product"}],"about":[{"href":"https:\/\/de-prime.com\/index.php\/wp-json\/wp\/v2\/types\/product"}],"replies":[{"embeddable":true,"href":"https:\/\/de-prime.com\/index.php\/wp-json\/wp\/v2\/comments?post=56653"}],"wp:featuredmedia":[{"embeddable":true,"href":"https:\/\/de-prime.com\/index.php\/wp-json\/"}],"wp:attachment":[{"href":"https:\/\/de-prime.com\/index.php\/wp-json\/wp\/v2\/media?parent=56653"}],"wp:term":[{"taxonomy":"product_brand","embeddable":true,"href":"https:\/\/de-prime.com\/index.php\/wp-json\/wp\/v2\/product_brand?post=56653"},{"taxonomy":"product_cat","embeddable":true,"href":"https:\/\/de-prime.com\/index.php\/wp-json\/wp\/v2\/product_cat?post=56653"},{"taxonomy":"product_tag","embeddable":true,"href":"https:\/\/de-prime.com\/index.php\/wp-json\/wp\/v2\/product_tag?post=56653"}],"curies":[{"name":"wp","href":"https:\/\/api.w.org\/{rel}","templated":true}]}}