{"id":56620,"date":"2024-10-01T16:19:43","date_gmt":"2024-10-01T16:19:43","guid":{"rendered":"https:\/\/de-prime.com\/?p=56620"},"modified":"2024-10-01T16:42:17","modified_gmt":"2024-10-01T16:42:17","slug":"campingzelt-2-personen-weiss-verdunkelungsstoff-wasserfest","status":"publish","type":"product","link":"https:\/\/de-prime.com\/index.php\/product\/campingzelt-2-personen-weiss-verdunkelungsstoff-wasserfest\/","title":{"rendered":"Campingzelt 2 Personen Wei\u00df Verdunkelungsstoff Wasserfest"},"content":{"rendered":"<p>Dieses Campingzelt im modernen Look sch\u00fctzt vor unangenehmen Wetter und bietet einen komfortablen Ort bei Abenteuern. Rundum wasserdichtes Design: Aus Polyester mit PU-Beschichtung gefertigt, ist dieses Campingzelt wasser- und winddicht. Die versiegelten N\u00e4hte verhindern effektiv das Eindringen von Regenwasser, w\u00e4hrend die strapazierf\u00e4hige Bodenplane f\u00fcr ein trockenes und komfortables Interieur sorgt.Wei\u00dfer Verdunkelungsstoff: Die speziell entworfene Zeltplane h\u00e4lt 99 % des Tageslichtes ab und sorgt so f\u00fcr eine k\u00fchlere und bequemere Schlafumgebung. Verabschiede dich also von der Morgensonne und genie\u00dfe einen erholsamen Schlaf.Lange Stangen f\u00fcr Sonnendach: Dieses Zelt wird samt langen Stangen geliefert, die zum St\u00fctzen der Eingangst\u00fcr verwenden werden k\u00f6nnen, um ein Sonnendach zu bilden. So kannst du die freie Natur im Schatten genie\u00dfen!Doppeleingang: Die Netzt\u00fcr sorgt f\u00fcr gute Bel\u00fcftung und h\u00e4lt Insekten fern, w\u00e4hrend die wasserdichte T\u00fcr Schutz vor Wind und Regen bietet.Praktischer Zugang zum Stromkabel: Dank des E-Anschlusses kannst du ganz einfach ein Verl\u00e4ngerungskabel von einer externen Stromquelle an dein Zelt anschlie\u00dfen.Einfacher Auf- und Abbau: Die hochflexiblen und leichten Glasfaserstangen und das praktische Steckverbindungssystem machen den Auf- und Abbau des Zeltes zum Kinderspiel. Achtung:Halte alle Flammen und W\u00e4rmequellen von diesem Zeltstoff fern.<\/p>\n<ul>\n<li>Farbe: Wei\u00df, verdunkelnd<\/li>\n<li>Material: 190T Polyester mit PU-Beschichtung<\/li>\n<li>Gesamtabmessungen: 214 x 125\/161 x 120 cm (L x B x H)<\/li>\n<li>Packma\u00df: 47 x 14 x 14 cm (L x B x H)<\/li>\n<li>Schlafplatz: 2 Personen<\/li>\n<li>Gewicht: 3,5 kg<\/li>\n<li>Zelttyp: Campingzelt, Wanderzelt<\/li>\n<li>Anzahl der Schlafkabinen: 1<\/li>\n<li>Anzahl der Eing\u00e4nge: 1<\/li>\n<li>Anzahl der L\u00fcftungs\u00f6ffnungen: 2<\/li>\n<li>Eingang mit doppeltem Rei\u00dfverschluss<\/li>\n<li>Mit E-Anschluss<\/li>\n<li>Mit 2 Aufbewahrungstaschen<\/li>\n<li>Zusammenbau erforderlich: Ja<\/li>\n<li><strong>Lieferung umfasst:<\/strong><\/li>\n<li>1 x Zelt<\/li>\n<li>1 x Tragetasche<\/li>\n<\/ul>\n","protected":false},"excerpt":{"rendered":"<ul>\n<li>Farbe: Wei\u00df, verdunkelnd<\/li>\n<li>Material: 190T Polyester mit PU-Beschichtung<\/li>\n<li>Gesamtabmessungen: 214 x 125\/161 x 120 cm (L x B x H)<\/li>\n<li>Packma\u00df: 47 x 14 x 14 cm (L x B x H)<\/li>\n<li>Schlafplatz: 2 Personen<\/li>\n<li>Gewicht: 3,5 kg<\/li>\n<li>Zelttyp: Campingzelt, Wanderzelt<\/li>\n<li>Anzahl der Schlafkabinen: 1<\/li>\n<li>Anzahl der Eing\u00e4nge: 1<\/li>\n<li>Anzahl der L\u00fcftungs\u00f6ffnungen: 2<\/li>\n<li>Eingang mit doppeltem Rei\u00dfverschluss<\/li>\n<li>Mit E-Anschluss<\/li>\n<li>Mit 2 Aufbewahrungstaschen<\/li>\n<li>Zusammenbau erforderlich: Ja<\/li>\n<li><strong>Lieferung umfasst:<\/strong><\/li>\n<li>1 x Zelt<\/li>\n<li>1 x Tragetasche<\/li>\n<\/ul>\n","protected":false},"featured_media":10000056620,"comment_status":"closed","ping_status":"closed","template":"","meta":[],"product_brand":[],"product_cat":[6859,6837,6836,6987],"product_tag":[],"class_list":{"0":"post-56620","1":"product","2":"type-product","3":"status-publish","4":"has-post-thumbnail","6":"product_cat-camping-wandern","7":"product_cat-outdoor-aktivitaeten","8":"product_cat-sportartikel","9":"product_cat-zelte","11":"first","12":"instock","13":"taxable","14":"shipping-taxable","15":"purchasable","16":"product-type-simple","17":"add-to-wishlist-after_add_to_cart"},"jetpack_sharing_enabled":true,"_links":{"self":[{"href":"https:\/\/de-prime.com\/index.php\/wp-json\/wp\/v2\/product\/56620","targetHints":{"allow":["GET"]}}],"collection":[{"href":"https:\/\/de-prime.com\/index.php\/wp-json\/wp\/v2\/product"}],"about":[{"href":"https:\/\/de-prime.com\/index.php\/wp-json\/wp\/v2\/types\/product"}],"replies":[{"embeddable":true,"href":"https:\/\/de-prime.com\/index.php\/wp-json\/wp\/v2\/comments?post=56620"}],"wp:featuredmedia":[{"embeddable":true,"href":"https:\/\/de-prime.com\/index.php\/wp-json\/"}],"wp:attachment":[{"href":"https:\/\/de-prime.com\/index.php\/wp-json\/wp\/v2\/media?parent=56620"}],"wp:term":[{"taxonomy":"product_brand","embeddable":true,"href":"https:\/\/de-prime.com\/index.php\/wp-json\/wp\/v2\/product_brand?post=56620"},{"taxonomy":"product_cat","embeddable":true,"href":"https:\/\/de-prime.com\/index.php\/wp-json\/wp\/v2\/product_cat?post=56620"},{"taxonomy":"product_tag","embeddable":true,"href":"https:\/\/de-prime.com\/index.php\/wp-json\/wp\/v2\/product_tag?post=56620"}],"curies":[{"name":"wp","href":"https:\/\/api.w.org\/{rel}","templated":true}]}}