{"id":56600,"date":"2024-10-01T16:19:42","date_gmt":"2024-10-01T16:19:42","guid":{"rendered":"https:\/\/de-prime.com\/?p=56600"},"modified":"2024-10-01T16:42:11","modified_gmt":"2024-10-01T16:42:11","slug":"wc-zelt-orange-wasserdicht","status":"publish","type":"product","link":"https:\/\/de-prime.com\/index.php\/product\/wc-zelt-orange-wasserdicht\/","title":{"rendered":"WC-Zelt Orange Wasserdicht"},"content":{"rendered":"<p>Dieses Toilettenzelt als unverzichtbares Campingzubeh\u00f6r bietet zuverl\u00e4ssigen Schutz vor Regen und neugierigen Blicken. Rundum wasserdichtes Design: Aus Polyester mit PU-Beschichtung gefertigt, ist dieses Campingzelt wasser- und winddicht. Die versiegelten N\u00e4hte verhindern effektiv das Eindringen von Regenwasser, w\u00e4hrend die strapazierf\u00e4hige Bodenplane f\u00fcr ein trockenes und komfortables Interieur sorgt.Multifunktionszelt: Das Zelt bietet einen privaten Ort f\u00fcr die Toilette und f\u00fcr das Duschen auf dem Campingplatz. Es kann auch als Umkleidezelt genutzt werden, z.B. f\u00fcr verschiedene Aktivit\u00e4ten im Freien.Gute Bel\u00fcftung: Dieses Campingzelt verf\u00fcgt \u00fcber eine L\u00fcftungs\u00f6ffnung, um das Innenzelt frisch und k\u00fchl zu halten.Einfacher Zugang: Der Eingang mit Rei\u00dfverschluss erm\u00f6glicht einen einfachen Zugang. F\u00fcr eine gute Luftzirkulation und viel nat\u00fcrliches Licht im Zelt ist gesorgt. Das Umkleidezelt hat eine W\u00e4scheleine zum Aufh\u00e4ngen von Kleidung und Handt\u00fcchern sowie eine Aufbewahrungstasche f\u00fcr kleine Gegenst\u00e4nde wie Schl\u00fcssel, Brieftaschen und Telefone.Leicht und tragbar: Dank des faltbaren und leichten Designs l\u00e4sst sich das Zelt einfach verpacken und in der mitgelieferten Tragetasche m\u00fchelos verstauen und transportieren. Achtung:Halte alle Flammen und W\u00e4rmequellen von diesem Zeltstoff fern.<\/p>\n<ul>\n<li>Farbe: Orange<\/li>\n<li>Zeltmaterial: 190T Polyester mit PU-Beschichtung<\/li>\n<li>Mesh-Material: 68D Polyester<\/li>\n<li>Bodenmaterial: PE<\/li>\n<li>Abmessungen des Zeltes: 121 x 121 x 225 cm (L x B x H)<\/li>\n<li>Packma\u00df: 57,5 x 17,5 x 17,5 cm (L x B x H)<\/li>\n<li>Zelttyp: Toilettenzelt, Duschzelt, Umkleidezelt<\/li>\n<li>Gewicht: 4,7 kg<\/li>\n<li>Anzahl der Eing\u00e4nge: 1<\/li>\n<li>Anzahl der L\u00fcftungs\u00f6ffnungen: 1<\/li>\n<li>Eingang mit doppeltem Rei\u00dfverschluss<\/li>\n<li>Mit abnehmbarem \u00dcberzelt<\/li>\n<li>Zusammenbau erforderlich: Ja<\/li>\n<li><strong>Lieferung umfasst:<\/strong><\/li>\n<li>1 x Zelt<\/li>\n<li>1 x Zelt-Regendach<\/li>\n<li>1 x Tragetasche<\/li>\n<\/ul>\n","protected":false},"excerpt":{"rendered":"<ul>\n<li>Farbe: Orange<\/li>\n<li>Zeltmaterial: 190T Polyester mit PU-Beschichtung<\/li>\n<li>Mesh-Material: 68D Polyester<\/li>\n<li>Bodenmaterial: PE<\/li>\n<li>Abmessungen des Zeltes: 121 x 121 x 225 cm (L x B x H)<\/li>\n<li>Packma\u00df: 57,5 x 17,5 x 17,5 cm (L x B x H)<\/li>\n<li>Zelttyp: Toilettenzelt, Duschzelt, Umkleidezelt<\/li>\n<li>Gewicht: 4,7 kg<\/li>\n<li>Anzahl der Eing\u00e4nge: 1<\/li>\n<li>Anzahl der L\u00fcftungs\u00f6ffnungen: 1<\/li>\n<li>Eingang mit doppeltem Rei\u00dfverschluss<\/li>\n<li>Mit abnehmbarem \u00dcberzelt<\/li>\n<li>Zusammenbau erforderlich: Ja<\/li>\n<li><strong>Lieferung umfasst:<\/strong><\/li>\n<li>1 x Zelt<\/li>\n<li>1 x Zelt-Regendach<\/li>\n<li>1 x Tragetasche<\/li>\n<\/ul>\n","protected":false},"featured_media":10000056600,"comment_status":"closed","ping_status":"closed","template":"","meta":[],"product_brand":[],"product_cat":[6859,6837,6836,6987],"product_tag":[],"class_list":{"0":"post-56600","1":"product","2":"type-product","3":"status-publish","4":"has-post-thumbnail","6":"product_cat-camping-wandern","7":"product_cat-outdoor-aktivitaeten","8":"product_cat-sportartikel","9":"product_cat-zelte","11":"first","12":"instock","13":"taxable","14":"shipping-taxable","15":"purchasable","16":"product-type-simple","17":"add-to-wishlist-after_add_to_cart"},"jetpack_sharing_enabled":true,"_links":{"self":[{"href":"https:\/\/de-prime.com\/index.php\/wp-json\/wp\/v2\/product\/56600","targetHints":{"allow":["GET"]}}],"collection":[{"href":"https:\/\/de-prime.com\/index.php\/wp-json\/wp\/v2\/product"}],"about":[{"href":"https:\/\/de-prime.com\/index.php\/wp-json\/wp\/v2\/types\/product"}],"replies":[{"embeddable":true,"href":"https:\/\/de-prime.com\/index.php\/wp-json\/wp\/v2\/comments?post=56600"}],"wp:featuredmedia":[{"embeddable":true,"href":"https:\/\/de-prime.com\/index.php\/wp-json\/"}],"wp:attachment":[{"href":"https:\/\/de-prime.com\/index.php\/wp-json\/wp\/v2\/media?parent=56600"}],"wp:term":[{"taxonomy":"product_brand","embeddable":true,"href":"https:\/\/de-prime.com\/index.php\/wp-json\/wp\/v2\/product_brand?post=56600"},{"taxonomy":"product_cat","embeddable":true,"href":"https:\/\/de-prime.com\/index.php\/wp-json\/wp\/v2\/product_cat?post=56600"},{"taxonomy":"product_tag","embeddable":true,"href":"https:\/\/de-prime.com\/index.php\/wp-json\/wp\/v2\/product_tag?post=56600"}],"curies":[{"name":"wp","href":"https:\/\/api.w.org\/{rel}","templated":true}]}}