{"id":56588,"date":"2024-10-01T16:19:41","date_gmt":"2024-10-01T16:19:41","guid":{"rendered":"https:\/\/de-prime.com\/?p=56588"},"modified":"2024-10-01T16:42:08","modified_gmt":"2024-10-01T16:42:08","slug":"familienzelt-mit-vorzelt-6-personen-grau-und-orange-wasserdicht","status":"publish","type":"product","link":"https:\/\/de-prime.com\/index.php\/product\/familienzelt-mit-vorzelt-6-personen-grau-und-orange-wasserdicht\/","title":{"rendered":"Familienzelt mit Vorzelt 6 Personen Grau und Orange Wasserdicht"},"content":{"rendered":"<p>Dieses moderne Familienzelt sch\u00fctzt vor unangenehmen Wetter und bietet einen komfortablen Platz bei Abenteuern. Rundum wasserdichtes Design: Aus Polyester mit PU-Beschichtung gefertigt, ist dieses Campingzelt wasser- und winddicht. Die versiegelten N\u00e4hte verhindern effektiv das Eindringen von Regenwasser, w\u00e4hrend die strapazierf\u00e4hige Bodenplane f\u00fcr ein trockenes und komfortables Interieur sorgt.Gute Bel\u00fcftung und Insektenschutz: Die Netzw\u00e4nde bieten nicht nur eine hervorragende Bel\u00fcftung, sondern halten auch Insekten effektiv fern, um den Benutzern ein komfortables und insektenfreies Erlebnis zu bieten.Einfacher Zugang: Der Eingang mit Rei\u00dfverschluss erm\u00f6glicht einen einfachen Zugang. Er l\u00e4sst sich einfach aufrollen und mit Knebelkn\u00f6pfen befestigen. So kannst du f\u00fcr eine gute Luftzirkulation und viel nat\u00fcrliches Licht im Zelt sorgen.Praktischer Zugang zum Stromkabel: Dank des E-Anschlusses kannst du ganz einfach ein Verl\u00e4ngerungskabel von einer externen Stromquelle an dein Zelt anschlie\u00dfen.Leicht und tragbar: Dank des faltbaren und leichten Designs l\u00e4sst sich das Zelt einfach verpacken und in der mitgelieferten Tragetasche m\u00fchelos verstauen und transportieren. Achtung:Halte alle Flammen und W\u00e4rmequellen von diesem Zeltstoff fern.<\/p>\n<ul>\n<li>Farbe: Grau und Orange<\/li>\n<li>Zeltmaterial: 190T Polyester mit PU-Beschichtung<\/li>\n<li>Mesh-Material: 68D Polyester<\/li>\n<li>Bodenmaterial: PE<\/li>\n<li>Abmessungen des Innenzeltes: 242 x 363 x 184 cm (L x B x H)<\/li>\n<li>Abmessungen des Au\u00dfenzeltes: 412 x 370 x 190 cm (L x B x H)<\/li>\n<li>Packma\u00df: 66 x 18,5 x 18,5 cm (L x B x H)<\/li>\n<li>Schlafplatz: 6 Personen<\/li>\n<li>Zelttyp: Familienzelt, Campingzelt<\/li>\n<li>Form: Kabine<\/li>\n<li>Gewicht: 8,6 kg<\/li>\n<li>Anzahl der Schlafkabinen: 1<\/li>\n<li>Anzahl der Eing\u00e4nge: 2<\/li>\n<li>Anzahl Vorzelt: 1<\/li>\n<li>Eingang mit doppeltem Rei\u00dfverschluss<\/li>\n<li>Mit abnehmbarem \u00dcberzelt<\/li>\n<li>Mit E-Anschluss<\/li>\n<li>Zusammenbau erforderlich: Ja<\/li>\n<li><strong>Lieferung umfasst:<\/strong><\/li>\n<li>1 x Zelt<\/li>\n<li>1 x Zelt-Regendach<\/li>\n<li>1 x Tragetasche<\/li>\n<\/ul>\n","protected":false},"excerpt":{"rendered":"<ul>\n<li>Farbe: Grau und Orange<\/li>\n<li>Zeltmaterial: 190T Polyester mit PU-Beschichtung<\/li>\n<li>Mesh-Material: 68D Polyester<\/li>\n<li>Bodenmaterial: PE<\/li>\n<li>Abmessungen des Innenzeltes: 242 x 363 x 184 cm (L x B x H)<\/li>\n<li>Abmessungen des Au\u00dfenzeltes: 412 x 370 x 190 cm (L x B x H)<\/li>\n<li>Packma\u00df: 66 x 18,5 x 18,5 cm (L x B x H)<\/li>\n<li>Schlafplatz: 6 Personen<\/li>\n<li>Zelttyp: Familienzelt, Campingzelt<\/li>\n<li>Form: Kabine<\/li>\n<li>Gewicht: 8,6 kg<\/li>\n<li>Anzahl der Schlafkabinen: 1<\/li>\n<li>Anzahl der Eing\u00e4nge: 2<\/li>\n<li>Anzahl Vorzelt: 1<\/li>\n<li>Eingang mit doppeltem Rei\u00dfverschluss<\/li>\n<li>Mit abnehmbarem \u00dcberzelt<\/li>\n<li>Mit E-Anschluss<\/li>\n<li>Zusammenbau erforderlich: Ja<\/li>\n<li><strong>Lieferung umfasst:<\/strong><\/li>\n<li>1 x Zelt<\/li>\n<li>1 x Zelt-Regendach<\/li>\n<li>1 x Tragetasche<\/li>\n<\/ul>\n","protected":false},"featured_media":10000056588,"comment_status":"closed","ping_status":"closed","template":"","meta":[],"product_brand":[],"product_cat":[6859,6837,6836,6987],"product_tag":[],"class_list":{"0":"post-56588","1":"product","2":"type-product","3":"status-publish","4":"has-post-thumbnail","6":"product_cat-camping-wandern","7":"product_cat-outdoor-aktivitaeten","8":"product_cat-sportartikel","9":"product_cat-zelte","11":"first","12":"instock","13":"taxable","14":"shipping-taxable","15":"purchasable","16":"product-type-simple","17":"add-to-wishlist-after_add_to_cart"},"jetpack_sharing_enabled":true,"_links":{"self":[{"href":"https:\/\/de-prime.com\/index.php\/wp-json\/wp\/v2\/product\/56588","targetHints":{"allow":["GET"]}}],"collection":[{"href":"https:\/\/de-prime.com\/index.php\/wp-json\/wp\/v2\/product"}],"about":[{"href":"https:\/\/de-prime.com\/index.php\/wp-json\/wp\/v2\/types\/product"}],"replies":[{"embeddable":true,"href":"https:\/\/de-prime.com\/index.php\/wp-json\/wp\/v2\/comments?post=56588"}],"wp:featuredmedia":[{"embeddable":true,"href":"https:\/\/de-prime.com\/index.php\/wp-json\/"}],"wp:attachment":[{"href":"https:\/\/de-prime.com\/index.php\/wp-json\/wp\/v2\/media?parent=56588"}],"wp:term":[{"taxonomy":"product_brand","embeddable":true,"href":"https:\/\/de-prime.com\/index.php\/wp-json\/wp\/v2\/product_brand?post=56588"},{"taxonomy":"product_cat","embeddable":true,"href":"https:\/\/de-prime.com\/index.php\/wp-json\/wp\/v2\/product_cat?post=56588"},{"taxonomy":"product_tag","embeddable":true,"href":"https:\/\/de-prime.com\/index.php\/wp-json\/wp\/v2\/product_tag?post=56588"}],"curies":[{"name":"wp","href":"https:\/\/api.w.org\/{rel}","templated":true}]}}