{"id":56563,"date":"2024-10-01T16:19:38","date_gmt":"2024-10-01T16:19:38","guid":{"rendered":"https:\/\/de-prime.com\/?p=56563"},"modified":"2024-10-01T16:41:56","modified_gmt":"2024-10-01T16:41:56","slug":"familienzelt-mit-vorzelt-9-personen-grau-orange-quick-release","status":"publish","type":"product","link":"https:\/\/de-prime.com\/index.php\/product\/familienzelt-mit-vorzelt-9-personen-grau-orange-quick-release\/","title":{"rendered":"Familienzelt mit Vorzelt 9 Personen Grau Orange Quick Release"},"content":{"rendered":"<p>Dieses moderne Familienzelt sch\u00fctzt vor unangenehmen Wetter und bietet einen komfortablen Platz bei Abenteuern. Rundum wasserdichtes Design: Aus Polyester mit PU-Beschichtung gefertigt, ist dieses Campingzelt wasser- und winddicht. Die versiegelten N\u00e4hte verhindern effektiv das Eindringen von Regenwasser, w\u00e4hrend die strapazierf\u00e4hige Bodenplane f\u00fcr ein trockenes und komfortables Interieur sorgt.Quick-Release-System: Dank des Quick-Release-Systems l\u00e4sst sich das Zelt m\u00fchelos aufbauen! Lege das Zelt auf den Boden, ziehe das vormontierte Gest\u00e4nge heraus, bis es einrastet, und schon ist das Zelt einsatzbereit!Abnehmbares \u00dcberzelt: Das abnehmbare \u00dcberzelt l\u00e4sst sich an der Zeltoberseite befestigen, um Wetterschutz zu bieten und Privatsph\u00e4re zu schaffen.Vorzelt f\u00fcr zus\u00e4tzlichen Platz: Dieses Campingzelt verf\u00fcgt \u00fcber einen praktischen Vorraum. Hier kannst du Gep\u00e4ck oder Ausr\u00fcstung aufbewahren, Speisen zubereiten oder dich sogar im Schatten entspannen.Doppeleingang: Die Netzt\u00fcr sorgt f\u00fcr gute Bel\u00fcftung und h\u00e4lt Insekten fern, w\u00e4hrend die wasserdichte T\u00fcr Schutz vor Wind und Regen bietet. Achtung:Halte alle Flammen und W\u00e4rmequellen von diesem Zeltstoff fern.<\/p>\n<ul>\n<li>Farbe: Grau und Orange<\/li>\n<li>Material: 190T Polyester mit PU-Beschichtung<\/li>\n<li>Abmessungen des Au\u00dfenzeltes: 563 x 328 x 229 cm (L x B x H)<\/li>\n<li>Abmessungen des Innenzeltes: 425 x 320 x 210 cm (L x B x H)<\/li>\n<li>Packma\u00df: 119 x 29 x 29 cm (L x B x H)<\/li>\n<li>Schlafplatz: 9 Personen<\/li>\n<li>Gewicht: 16,4 kg<\/li>\n<li>Zelttyp: Familienzelt<\/li>\n<li>Form: Kabine<\/li>\n<li>Anzahl der Schlafkabinen: 2<\/li>\n<li>Anzahl der Vorzelte: 1<\/li>\n<li>Anzahl der Eing\u00e4nge: 2<\/li>\n<li>Anzahl der Fenster: 2<\/li>\n<li>Eingang mit doppeltem Rei\u00dfverschluss<\/li>\n<li>Schnellwechselsystem<\/li>\n<li>Mit abnehmbarem \u00dcberzelt<\/li>\n<li>Mit E-Anschluss<\/li>\n<li>Zusammenbau erforderlich: Ja<\/li>\n<li><strong>Lieferung umfasst:<\/strong><\/li>\n<li>1 x Zelt<\/li>\n<li>1 x Zelt-Regendach<\/li>\n<li>1 x Tragetasche<\/li>\n<\/ul>\n","protected":false},"excerpt":{"rendered":"<ul>\n<li>Farbe: Grau und Orange<\/li>\n<li>Material: 190T Polyester mit PU-Beschichtung<\/li>\n<li>Abmessungen des Au\u00dfenzeltes: 563 x 328 x 229 cm (L x B x H)<\/li>\n<li>Abmessungen des Innenzeltes: 425 x 320 x 210 cm (L x B x H)<\/li>\n<li>Packma\u00df: 119 x 29 x 29 cm (L x B x H)<\/li>\n<li>Schlafplatz: 9 Personen<\/li>\n<li>Gewicht: 16,4 kg<\/li>\n<li>Zelttyp: Familienzelt<\/li>\n<li>Form: Kabine<\/li>\n<li>Anzahl der Schlafkabinen: 2<\/li>\n<li>Anzahl der Vorzelte: 1<\/li>\n<li>Anzahl der Eing\u00e4nge: 2<\/li>\n<li>Anzahl der Fenster: 2<\/li>\n<li>Eingang mit doppeltem Rei\u00dfverschluss<\/li>\n<li>Schnellwechselsystem<\/li>\n<li>Mit abnehmbarem \u00dcberzelt<\/li>\n<li>Mit E-Anschluss<\/li>\n<li>Zusammenbau erforderlich: Ja<\/li>\n<li><strong>Lieferung umfasst:<\/strong><\/li>\n<li>1 x Zelt<\/li>\n<li>1 x Zelt-Regendach<\/li>\n<li>1 x Tragetasche<\/li>\n<\/ul>\n","protected":false},"featured_media":10000056563,"comment_status":"closed","ping_status":"closed","template":"","meta":[],"product_brand":[],"product_cat":[6859,6837,6836,6987],"product_tag":[],"class_list":{"0":"post-56563","1":"product","2":"type-product","3":"status-publish","4":"has-post-thumbnail","6":"product_cat-camping-wandern","7":"product_cat-outdoor-aktivitaeten","8":"product_cat-sportartikel","9":"product_cat-zelte","11":"first","12":"instock","13":"taxable","14":"shipping-taxable","15":"purchasable","16":"product-type-simple","17":"add-to-wishlist-after_add_to_cart"},"jetpack_sharing_enabled":true,"_links":{"self":[{"href":"https:\/\/de-prime.com\/index.php\/wp-json\/wp\/v2\/product\/56563","targetHints":{"allow":["GET"]}}],"collection":[{"href":"https:\/\/de-prime.com\/index.php\/wp-json\/wp\/v2\/product"}],"about":[{"href":"https:\/\/de-prime.com\/index.php\/wp-json\/wp\/v2\/types\/product"}],"replies":[{"embeddable":true,"href":"https:\/\/de-prime.com\/index.php\/wp-json\/wp\/v2\/comments?post=56563"}],"wp:featuredmedia":[{"embeddable":true,"href":"https:\/\/de-prime.com\/index.php\/wp-json\/"}],"wp:attachment":[{"href":"https:\/\/de-prime.com\/index.php\/wp-json\/wp\/v2\/media?parent=56563"}],"wp:term":[{"taxonomy":"product_brand","embeddable":true,"href":"https:\/\/de-prime.com\/index.php\/wp-json\/wp\/v2\/product_brand?post=56563"},{"taxonomy":"product_cat","embeddable":true,"href":"https:\/\/de-prime.com\/index.php\/wp-json\/wp\/v2\/product_cat?post=56563"},{"taxonomy":"product_tag","embeddable":true,"href":"https:\/\/de-prime.com\/index.php\/wp-json\/wp\/v2\/product_tag?post=56563"}],"curies":[{"name":"wp","href":"https:\/\/api.w.org\/{rel}","templated":true}]}}