{"id":56510,"date":"2024-10-01T16:19:33","date_gmt":"2024-10-01T16:19:33","guid":{"rendered":"https:\/\/de-prime.com\/?p=56510"},"modified":"2024-10-01T16:40:40","modified_gmt":"2024-10-01T16:40:40","slug":"tunnelzelt-3-personen-blau-wasserdicht","status":"publish","type":"product","link":"https:\/\/de-prime.com\/index.php\/product\/tunnelzelt-3-personen-blau-wasserdicht\/","title":{"rendered":"Tunnelzelt 3 Personen Blau Wasserdicht"},"content":{"rendered":"<p>Dieses Zelt im modernen Look sch\u00fctzt vor unangenehmen Wetter und bietet einen komfortablen Ort f\u00fcr Abenteuer. Rundum wasserdichtes Design: Aus Polyester mit PU-Beschichtung gefertigt, ist dieses Campingzelt wasser- und winddicht. Die versiegelten N\u00e4hte verhindern effektiv das Eindringen von Regenwasser, w\u00e4hrend die strapazierf\u00e4hige Bodenplane f\u00fcr ein trockenes und komfortables Interieur sorgt.Abnehmbares \u00dcberzelt: Das abnehmbare \u00dcberzelt l\u00e4sst sich an der Zeltoberseite befestigen, um Wetterschutz zu bieten und Privatsph\u00e4re zu schaffen. Praktischer Zugang zum Stromkabel: Dank des E-Anschlusses kannst du ganz einfach ein Verl\u00e4ngerungskabel von einer externen Stromquelle an dein Zelt anschlie\u00dfen.Gute Bel\u00fcftung: Dieses Campingzelt verf\u00fcgt \u00fcber eine L\u00fcftungs\u00f6ffnung, um das Innenzelt frisch und k\u00fchl zu halten. Einfacher Zugang: Der Eingang mit Rei\u00dfverschluss erm\u00f6glicht einen einfachen Zugang. Er l\u00e4sst sich einfach aufrollen und mit Knebelkn\u00f6pfen befestigen. So kannst du f\u00fcr eine gute Luftzirkulation und viel nat\u00fcrliches Licht im Zelt sorgen. Achtung:Halte alle Flammen und W\u00e4rmequellen von diesem Zeltstoff fern.<\/p>\n<ul>\n<li>Farbe: Blau<\/li>\n<li>Zelt-Material: 185T Polyester mit PU-Beschichtung<\/li>\n<li>Mesh-Material: 68D Polyester<\/li>\n<li>Boden-Material: PE<\/li>\n<li>Abmessungen des Innenzeltes: 200 x 166 x 108 cm (L x B x H)<\/li>\n<li>Abmessungen Au\u00dfenzelt: 370 x 185 x 116 cm (L x B x H)<\/li>\n<li>Packma\u00df: 61,5 x 14,5 x 14,5 cm (L x B x H)<\/li>\n<li>Schlafplatz: 3 Personen<\/li>\n<li>Zelttyp: Campingzelt, Tunnelzelt<\/li>\n<li>Gewicht: 4,4 kg<\/li>\n<li>Form: Tunnel<\/li>\n<li>Anzahl der Eing\u00e4nge: 2<\/li>\n<li>Eingang mit doppeltem Rei\u00dfverschluss<\/li>\n<li>Mit E-Anschluss<\/li>\n<li>Mit abnehmbarem \u00dcberzelt<\/li>\n<li>Mit 2 Taschen<\/li>\n<li>Zusammenbau erforderlich: Ja<\/li>\n<li><strong>Lieferung umfasst:<\/strong><\/li>\n<li>1 x Zelt<\/li>\n<li>1 x Zelt-Regendach<\/li>\n<li>1 x Tragetasche<\/li>\n<\/ul>\n","protected":false},"excerpt":{"rendered":"<ul>\n<li>Farbe: Blau<\/li>\n<li>Zelt-Material: 185T Polyester mit PU-Beschichtung<\/li>\n<li>Mesh-Material: 68D Polyester<\/li>\n<li>Boden-Material: PE<\/li>\n<li>Abmessungen des Innenzeltes: 200 x 166 x 108 cm (L x B x H)<\/li>\n<li>Abmessungen Au\u00dfenzelt: 370 x 185 x 116 cm (L x B x H)<\/li>\n<li>Packma\u00df: 61,5 x 14,5 x 14,5 cm (L x B x H)<\/li>\n<li>Schlafplatz: 3 Personen<\/li>\n<li>Zelttyp: Campingzelt, Tunnelzelt<\/li>\n<li>Gewicht: 4,4 kg<\/li>\n<li>Form: Tunnel<\/li>\n<li>Anzahl der Eing\u00e4nge: 2<\/li>\n<li>Eingang mit doppeltem Rei\u00dfverschluss<\/li>\n<li>Mit E-Anschluss<\/li>\n<li>Mit abnehmbarem \u00dcberzelt<\/li>\n<li>Mit 2 Taschen<\/li>\n<li>Zusammenbau erforderlich: Ja<\/li>\n<li><strong>Lieferung umfasst:<\/strong><\/li>\n<li>1 x Zelt<\/li>\n<li>1 x Zelt-Regendach<\/li>\n<li>1 x Tragetasche<\/li>\n<\/ul>\n","protected":false},"featured_media":10000056510,"comment_status":"closed","ping_status":"closed","template":"","meta":[],"product_brand":[],"product_cat":[6859,6837,6836,6987],"product_tag":[],"class_list":{"0":"post-56510","1":"product","2":"type-product","3":"status-publish","4":"has-post-thumbnail","6":"product_cat-camping-wandern","7":"product_cat-outdoor-aktivitaeten","8":"product_cat-sportartikel","9":"product_cat-zelte","11":"first","12":"instock","13":"taxable","14":"shipping-taxable","15":"purchasable","16":"product-type-simple","17":"add-to-wishlist-after_add_to_cart"},"jetpack_sharing_enabled":true,"_links":{"self":[{"href":"https:\/\/de-prime.com\/index.php\/wp-json\/wp\/v2\/product\/56510","targetHints":{"allow":["GET"]}}],"collection":[{"href":"https:\/\/de-prime.com\/index.php\/wp-json\/wp\/v2\/product"}],"about":[{"href":"https:\/\/de-prime.com\/index.php\/wp-json\/wp\/v2\/types\/product"}],"replies":[{"embeddable":true,"href":"https:\/\/de-prime.com\/index.php\/wp-json\/wp\/v2\/comments?post=56510"}],"wp:featuredmedia":[{"embeddable":true,"href":"https:\/\/de-prime.com\/index.php\/wp-json\/"}],"wp:attachment":[{"href":"https:\/\/de-prime.com\/index.php\/wp-json\/wp\/v2\/media?parent=56510"}],"wp:term":[{"taxonomy":"product_brand","embeddable":true,"href":"https:\/\/de-prime.com\/index.php\/wp-json\/wp\/v2\/product_brand?post=56510"},{"taxonomy":"product_cat","embeddable":true,"href":"https:\/\/de-prime.com\/index.php\/wp-json\/wp\/v2\/product_cat?post=56510"},{"taxonomy":"product_tag","embeddable":true,"href":"https:\/\/de-prime.com\/index.php\/wp-json\/wp\/v2\/product_tag?post=56510"}],"curies":[{"name":"wp","href":"https:\/\/api.w.org\/{rel}","templated":true}]}}