{"id":56502,"date":"2024-10-01T16:19:32","date_gmt":"2024-10-01T16:19:32","guid":{"rendered":"https:\/\/de-prime.com\/?p=56502"},"modified":"2024-10-01T16:41:54","modified_gmt":"2024-10-01T16:41:54","slug":"kuppel-campingzelt-2-personen-grau-und-orange-wasserdicht-3","status":"publish","type":"product","link":"https:\/\/de-prime.com\/index.php\/product\/kuppel-campingzelt-2-personen-grau-und-orange-wasserdicht-3\/","title":{"rendered":"Kuppel-Campingzelt 2 Personen Grau und Orange Wasserdicht"},"content":{"rendered":"<p>Dieses Campingzelt im modernen Look sch\u00fctzt vor unangenehmen Wetter und bietet einen komfortablen Ort bei Abenteuern. Rundum wasserdichtes Design: Aus Polyester mit PU-Beschichtung gefertigt, ist dieses Campingzelt wasser- und winddicht. Die versiegelten N\u00e4hte verhindern effektiv das Eindringen von Regenwasser, w\u00e4hrend die strapazierf\u00e4hige Bodenplane f\u00fcr ein trockenes und komfortables Interieur sorgt.Abnehmbares \u00dcberzelt: Das abnehmbare \u00dcberzelt l\u00e4sst sich an der Zeltoberseite befestigen, um Wetterschutz zu bieten und Privatsph\u00e4re zu schaffen.Praktischer Zugang zum Stromkabel: Dank des E-Anschlusses kannst du ganz einfach ein Verl\u00e4ngerungskabel von einer externen Stromquelle an dein Zelt anschlie\u00dfen.Leicht und tragbar: Dank des faltbaren und leichten Designs l\u00e4sst sich das Zelt einfach verpacken und in der mitgelieferten Tragetasche m\u00fchelos verstauen und transportieren.Einfacher Auf- und Abbau: Die hochflexiblen und leichten Glasfaserstangen und das praktische Steckverbindungssystem machen den Auf- und Abbau des Zeltes zum Kinderspiel. Achtung:Halte alle Flammen und W\u00e4rmequellen von diesem Zeltstoff fern.<\/p>\n<ul>\n<li>Farbe: Grau und Orange<\/li>\n<li>Material: 185T Polyester mit PU-Beschichtung<\/li>\n<li>Gesamtabmessungen: 255 x 150 x 105 cm (L x B x H)<\/li>\n<li>Packma\u00df: 54,5 x 12 x 12 cm (L x B x H)<\/li>\n<li>Schlafplatz: 2 Personen<\/li>\n<li>Gewicht: 2,6 kg<\/li>\n<li>Zelttyp: Campingzelt<\/li>\n<li>Form: Kuppel<\/li>\n<li>Anzahl der Schlafkabinen: 1<\/li>\n<li>Anzahl der Eing\u00e4nge: 2<\/li>\n<li>Eingang mit doppeltem Rei\u00dfverschluss<\/li>\n<li>Mit E-Anschluss<\/li>\n<li>Mit abnehmbarer Schlammmatte<\/li>\n<li>Mit abnehmbarem \u00dcberzelt<\/li>\n<li>Zusammenbau erforderlich: Ja<\/li>\n<li><strong>Lieferung umfasst:<\/strong><\/li>\n<li>1 x Zelt<\/li>\n<li>1 x Zelt-Regendach<\/li>\n<li>1 x Tragetasche<\/li>\n<\/ul>\n","protected":false},"excerpt":{"rendered":"<ul>\n<li>Farbe: Grau und Orange<\/li>\n<li>Material: 185T Polyester mit PU-Beschichtung<\/li>\n<li>Gesamtabmessungen: 255 x 150 x 105 cm (L x B x H)<\/li>\n<li>Packma\u00df: 54,5 x 12 x 12 cm (L x B x H)<\/li>\n<li>Schlafplatz: 2 Personen<\/li>\n<li>Gewicht: 2,6 kg<\/li>\n<li>Zelttyp: Campingzelt<\/li>\n<li>Form: Kuppel<\/li>\n<li>Anzahl der Schlafkabinen: 1<\/li>\n<li>Anzahl der Eing\u00e4nge: 2<\/li>\n<li>Eingang mit doppeltem Rei\u00dfverschluss<\/li>\n<li>Mit E-Anschluss<\/li>\n<li>Mit abnehmbarer Schlammmatte<\/li>\n<li>Mit abnehmbarem \u00dcberzelt<\/li>\n<li>Zusammenbau erforderlich: Ja<\/li>\n<li><strong>Lieferung umfasst:<\/strong><\/li>\n<li>1 x Zelt<\/li>\n<li>1 x Zelt-Regendach<\/li>\n<li>1 x Tragetasche<\/li>\n<\/ul>\n","protected":false},"featured_media":10000056502,"comment_status":"closed","ping_status":"closed","template":"","meta":[],"product_brand":[],"product_cat":[6859,6837,6836,6987],"product_tag":[],"class_list":{"0":"post-56502","1":"product","2":"type-product","3":"status-publish","4":"has-post-thumbnail","6":"product_cat-camping-wandern","7":"product_cat-outdoor-aktivitaeten","8":"product_cat-sportartikel","9":"product_cat-zelte","11":"first","12":"instock","13":"taxable","14":"shipping-taxable","15":"purchasable","16":"product-type-simple","17":"add-to-wishlist-after_add_to_cart"},"jetpack_sharing_enabled":true,"_links":{"self":[{"href":"https:\/\/de-prime.com\/index.php\/wp-json\/wp\/v2\/product\/56502","targetHints":{"allow":["GET"]}}],"collection":[{"href":"https:\/\/de-prime.com\/index.php\/wp-json\/wp\/v2\/product"}],"about":[{"href":"https:\/\/de-prime.com\/index.php\/wp-json\/wp\/v2\/types\/product"}],"replies":[{"embeddable":true,"href":"https:\/\/de-prime.com\/index.php\/wp-json\/wp\/v2\/comments?post=56502"}],"wp:featuredmedia":[{"embeddable":true,"href":"https:\/\/de-prime.com\/index.php\/wp-json\/"}],"wp:attachment":[{"href":"https:\/\/de-prime.com\/index.php\/wp-json\/wp\/v2\/media?parent=56502"}],"wp:term":[{"taxonomy":"product_brand","embeddable":true,"href":"https:\/\/de-prime.com\/index.php\/wp-json\/wp\/v2\/product_brand?post=56502"},{"taxonomy":"product_cat","embeddable":true,"href":"https:\/\/de-prime.com\/index.php\/wp-json\/wp\/v2\/product_cat?post=56502"},{"taxonomy":"product_tag","embeddable":true,"href":"https:\/\/de-prime.com\/index.php\/wp-json\/wp\/v2\/product_tag?post=56502"}],"curies":[{"name":"wp","href":"https:\/\/api.w.org\/{rel}","templated":true}]}}