{"id":56487,"date":"2024-10-01T16:19:30","date_gmt":"2024-10-01T16:19:30","guid":{"rendered":"https:\/\/de-prime.com\/?p=56487"},"modified":"2024-10-01T16:40:42","modified_gmt":"2024-10-01T16:40:42","slug":"kuppel-campingzelt-4-personen-gruen-wasserdicht-4","status":"publish","type":"product","link":"https:\/\/de-prime.com\/index.php\/product\/kuppel-campingzelt-4-personen-gruen-wasserdicht-4\/","title":{"rendered":"Kuppel-Campingzelt 4 Personen Gr\u00fcn Wasserdicht"},"content":{"rendered":"<p>Dieses Campingzelt im modernen Look sch\u00fctzt vor unangenehmen Wetter und bietet einen komfortablen Ort bei Abenteuern. Rundum wasserdichtes Design: Aus Polyester mit PU-Beschichtung gefertigt, ist dieses Campingzelt wasser- und winddicht. Die versiegelten N\u00e4hte verhindern effektiv das Eindringen von Regenwasser, w\u00e4hrend die strapazierf\u00e4hige Bodenplane f\u00fcr ein trockenes und komfortables Interieur sorgt. Einfacher Zugang: Der Eingang mit Rei\u00dfverschluss erm\u00f6glicht einen einfachen Zugang. Er l\u00e4sst sich einfach aufrollen und mit Knebelkn\u00f6pfen befestigen. So kannst du f\u00fcr eine gute Luftzirkulation und viel nat\u00fcrliches Licht im Zelt sorgen. Leicht und tragbar: Dank des faltbaren und leichten Designs l\u00e4sst sich das Zelt einfach verpacken und in der mitgelieferten Tragetasche m\u00fchelos verstauen und transportieren. Achtung:Halte alle Flammen und W\u00e4rmequellen von diesem Zeltstoff fern.<\/p>\n<ul>\n<li>Farbe: Gr\u00fcn <\/li>\n<li>Material: 185T Polyester mit PU-Beschichtung <\/li>\n<li>Gesamtabmessungen: 240 x 210 x 126\/132 cm (L x B x H) <\/li>\n<li>Packma\u00df: 53 x 13 x 13 cm (L x B x H) <\/li>\n<li>Schlafplatz: 4 Personen <\/li>\n<li>Gewicht: 2,9 kg <\/li>\n<li>Zelttyp: Campingzelt, Kuppelzelt<\/li>\n<li>Form: Kuppel<\/li>\n<li>Anzahl der Schlafkabinen: 1<\/li>\n<li>Anzahl der Eing\u00e4nge: 1<\/li>\n<li>Eingang mit doppeltem Rei\u00dfverschluss<\/li>\n<li>Zusammenbau erforderlich: Ja <\/li>\n<li><strong>Lieferung umfasst:<\/strong><\/li>\n<li>1 x Zelt<\/li>\n<li>1 x Tragetasche<\/li>\n<\/ul>\n","protected":false},"excerpt":{"rendered":"<ul>\n<li>Farbe: Gr\u00fcn <\/li>\n<li>Material: 185T Polyester mit PU-Beschichtung <\/li>\n<li>Gesamtabmessungen: 240 x 210 x 126\/132 cm (L x B x H) <\/li>\n<li>Packma\u00df: 53 x 13 x 13 cm (L x B x H) <\/li>\n<li>Schlafplatz: 4 Personen <\/li>\n<li>Gewicht: 2,9 kg <\/li>\n<li>Zelttyp: Campingzelt, Kuppelzelt<\/li>\n<li>Form: Kuppel<\/li>\n<li>Anzahl der Schlafkabinen: 1<\/li>\n<li>Anzahl der Eing\u00e4nge: 1<\/li>\n<li>Eingang mit doppeltem Rei\u00dfverschluss<\/li>\n<li>Zusammenbau erforderlich: Ja <\/li>\n<li><strong>Lieferung umfasst:<\/strong><\/li>\n<li>1 x Zelt<\/li>\n<li>1 x Tragetasche<\/li>\n<\/ul>\n","protected":false},"featured_media":10000056487,"comment_status":"closed","ping_status":"closed","template":"","meta":[],"product_brand":[],"product_cat":[6859,6837,6836,6987],"product_tag":[],"class_list":{"0":"post-56487","1":"product","2":"type-product","3":"status-publish","4":"has-post-thumbnail","6":"product_cat-camping-wandern","7":"product_cat-outdoor-aktivitaeten","8":"product_cat-sportartikel","9":"product_cat-zelte","11":"first","12":"instock","13":"taxable","14":"shipping-taxable","15":"purchasable","16":"product-type-simple","17":"add-to-wishlist-after_add_to_cart"},"jetpack_sharing_enabled":true,"_links":{"self":[{"href":"https:\/\/de-prime.com\/index.php\/wp-json\/wp\/v2\/product\/56487","targetHints":{"allow":["GET"]}}],"collection":[{"href":"https:\/\/de-prime.com\/index.php\/wp-json\/wp\/v2\/product"}],"about":[{"href":"https:\/\/de-prime.com\/index.php\/wp-json\/wp\/v2\/types\/product"}],"replies":[{"embeddable":true,"href":"https:\/\/de-prime.com\/index.php\/wp-json\/wp\/v2\/comments?post=56487"}],"wp:featuredmedia":[{"embeddable":true,"href":"https:\/\/de-prime.com\/index.php\/wp-json\/"}],"wp:attachment":[{"href":"https:\/\/de-prime.com\/index.php\/wp-json\/wp\/v2\/media?parent=56487"}],"wp:term":[{"taxonomy":"product_brand","embeddable":true,"href":"https:\/\/de-prime.com\/index.php\/wp-json\/wp\/v2\/product_brand?post=56487"},{"taxonomy":"product_cat","embeddable":true,"href":"https:\/\/de-prime.com\/index.php\/wp-json\/wp\/v2\/product_cat?post=56487"},{"taxonomy":"product_tag","embeddable":true,"href":"https:\/\/de-prime.com\/index.php\/wp-json\/wp\/v2\/product_tag?post=56487"}],"curies":[{"name":"wp","href":"https:\/\/api.w.org\/{rel}","templated":true}]}}