{"id":56450,"date":"2024-10-01T16:19:26","date_gmt":"2024-10-01T16:19:26","guid":{"rendered":"https:\/\/de-prime.com\/?p=56450"},"modified":"2024-10-01T16:40:24","modified_gmt":"2024-10-01T16:40:24","slug":"partyzelt-weiss-wasserdicht","status":"publish","type":"product","link":"https:\/\/de-prime.com\/index.php\/product\/partyzelt-weiss-wasserdicht\/","title":{"rendered":"Partyzelt Wei\u00df Wasserdicht"},"content":{"rendered":"<p>Dieses Partyzelt bietet deiner Familie und deinen G\u00e4sten sicheren Schutz vor unangenehmem Wetter, egal ob du eine Feier oder ein kleines, privates Treffen veranstaltest. Rundum Wasserdicht: Aus Polyester mit PU-Beschichtung gefertigt, ist dieses Zelt wasser- und winddicht.Einfacher Auf- und Abbau: Die hochflexiblen und leichten Glasfaserstangen und das praktische Steckverbindungssystem machen den Auf- und Abbau des Zeltes zum Kinderspiel. Gute Bel\u00fcftung und Insektenschutz: Die Netzw\u00e4nde bieten nicht nur eine hervorragende Bel\u00fcftung, sondern halten auch Insekten effektiv fern, um den Benutzern ein komfortables und insektenfreies Erlebnis zu bieten.Einfacher Zugang: Der Eingang mit Rei\u00dfverschluss erm\u00f6glicht einen einfachen Zugang. Er l\u00e4sst sich einfach aufrollen und mit Knebelkn\u00f6pfen befestigen. So kannst du f\u00fcr eine gute Luftzirkulation und viel nat\u00fcrliches Licht im Zelt sorgen.Leicht und tragbar: Dank des faltbaren und leichten Designs l\u00e4sst sich das Zelt einfach verpacken und in der mitgelieferten Tragetasche m\u00fchelos verstauen und transportieren. Achtung:Halte alle Flammen und W\u00e4rmequellen von diesem Zeltstoff fern.<\/p>\n<ul>\n<li>Farbe: Wei\u00df<\/li>\n<li>Zelt-Material: 185T Polyester mit PU-Beschichtung<\/li>\n<li>Mesh-Material: 68D Polyester<\/li>\n<li>Abmessungen des Zeltes: 360 x 360 x 215 cm (L x B x H)<\/li>\n<li>Packma\u00df: 60,5 x 18 x 18 cm (L x B x H)<\/li>\n<li>Zelttyp: Partyzelt<\/li>\n<li>Gewicht: 8,6 kg<\/li>\n<li>Anzahl der Eing\u00e4nge: 4<\/li>\n<li>Eingang mit doppeltem Rei\u00dfverschluss<\/li>\n<li>Zusammenbau erforderlich: Ja<\/li>\n<li><strong>Lieferung umfasst:<\/strong><\/li>\n<li>1 x Zelt<\/li>\n<li>1 x Tragetasche<\/li>\n<\/ul>\n","protected":false},"excerpt":{"rendered":"<ul>\n<li>Farbe: Wei\u00df<\/li>\n<li>Zelt-Material: 185T Polyester mit PU-Beschichtung<\/li>\n<li>Mesh-Material: 68D Polyester<\/li>\n<li>Abmessungen des Zeltes: 360 x 360 x 215 cm (L x B x H)<\/li>\n<li>Packma\u00df: 60,5 x 18 x 18 cm (L x B x H)<\/li>\n<li>Zelttyp: Partyzelt<\/li>\n<li>Gewicht: 8,6 kg<\/li>\n<li>Anzahl der Eing\u00e4nge: 4<\/li>\n<li>Eingang mit doppeltem Rei\u00dfverschluss<\/li>\n<li>Zusammenbau erforderlich: Ja<\/li>\n<li><strong>Lieferung umfasst:<\/strong><\/li>\n<li>1 x Zelt<\/li>\n<li>1 x Tragetasche<\/li>\n<\/ul>\n","protected":false},"featured_media":10000056450,"comment_status":"closed","ping_status":"closed","template":"","meta":[],"product_brand":[],"product_cat":[6859,6837,6836,6987],"product_tag":[],"class_list":{"0":"post-56450","1":"product","2":"type-product","3":"status-publish","4":"has-post-thumbnail","6":"product_cat-camping-wandern","7":"product_cat-outdoor-aktivitaeten","8":"product_cat-sportartikel","9":"product_cat-zelte","11":"first","12":"instock","13":"taxable","14":"shipping-taxable","15":"purchasable","16":"product-type-simple","17":"add-to-wishlist-after_add_to_cart"},"jetpack_sharing_enabled":true,"_links":{"self":[{"href":"https:\/\/de-prime.com\/index.php\/wp-json\/wp\/v2\/product\/56450","targetHints":{"allow":["GET"]}}],"collection":[{"href":"https:\/\/de-prime.com\/index.php\/wp-json\/wp\/v2\/product"}],"about":[{"href":"https:\/\/de-prime.com\/index.php\/wp-json\/wp\/v2\/types\/product"}],"replies":[{"embeddable":true,"href":"https:\/\/de-prime.com\/index.php\/wp-json\/wp\/v2\/comments?post=56450"}],"wp:featuredmedia":[{"embeddable":true,"href":"https:\/\/de-prime.com\/index.php\/wp-json\/"}],"wp:attachment":[{"href":"https:\/\/de-prime.com\/index.php\/wp-json\/wp\/v2\/media?parent=56450"}],"wp:term":[{"taxonomy":"product_brand","embeddable":true,"href":"https:\/\/de-prime.com\/index.php\/wp-json\/wp\/v2\/product_brand?post=56450"},{"taxonomy":"product_cat","embeddable":true,"href":"https:\/\/de-prime.com\/index.php\/wp-json\/wp\/v2\/product_cat?post=56450"},{"taxonomy":"product_tag","embeddable":true,"href":"https:\/\/de-prime.com\/index.php\/wp-json\/wp\/v2\/product_tag?post=56450"}],"curies":[{"name":"wp","href":"https:\/\/api.w.org\/{rel}","templated":true}]}}