{"id":56422,"date":"2024-10-01T16:14:59","date_gmt":"2024-10-01T16:14:59","guid":{"rendered":"https:\/\/de-prime.com\/?p=56422"},"modified":"2024-10-01T16:40:12","modified_gmt":"2024-10-01T16:40:12","slug":"strandzelt-seegruen-pop-up-wasserdicht","status":"publish","type":"product","link":"https:\/\/de-prime.com\/index.php\/product\/strandzelt-seegruen-pop-up-wasserdicht\/","title":{"rendered":"Strandzelt Seegr\u00fcn Pop-Up Wasserdicht"},"content":{"rendered":"<p>Dieses Strandzelt bietet dir und deinen Freunden einen gem\u00fctlichen Unterschlupf im hei\u00dfen Sommer. Das Zelt dient auch als Schattenspender \u00fcber dem Sandkasten und dem Planschbecken. Wasserdicht: Aus Polyester mit PU-Beschichtung gefertigt, ist dieses Zelt wasser- und winddicht.Pop-Up-Design: Dank des Pop-Up-Designs l\u00e4sst sich das Zelt in Sekundenschnelle aufbauen. Nimm es einfach aus der Tasche, lege es auf den Boden und siehe zu, wie es automatisch aufpoppt.Offener Eingang: Durch das vollst\u00e4ndig offene Design kannst du mit deiner Familie die wundersch\u00f6ne Strandlandschaft genie\u00dfen oder die Kinder an einem herrlichen Sommernachmittag frei unterhalten.Leicht und tragbar: Dank des faltbaren und leichten Designs l\u00e4sst sich das Zelt einfach verpacken und in der mitgelieferten Tragetasche m\u00fchelos verstauen und transportieren.Stabil und sicher: Befestige dein Zelt mit den mitgelieferten Heringen und Abspannseilen fest am Boden, um seine Stabilit\u00e4t und Sicherheit zu gew\u00e4hrleisten. Achtung:Halte alle Flammen und W\u00e4rmequellen von diesem Zeltstoff fern.<\/p>\n<ul>\n<li>Farbe: Meergr\u00fcn<\/li>\n<li>Material: 190T Polyester mit PU-Beschichtung<\/li>\n<li>Gesamtabmessungen: 205 x 125 x 90 cm (L x B x H)<\/li>\n<li>Packma\u00df: 61 x 2,5 cm (Durchmesser x H)<\/li>\n<li>Gewicht: 1,1 kg<\/li>\n<li>Zelttyp: Strandzelt<\/li>\n<li>Pop-up-System<\/li>\n<li>Mit Sands\u00e4cken f\u00fcr mehr Stabilit\u00e4t<\/li>\n<li>Zusammenbau erforderlich: Ja<\/li>\n<li><strong>Lieferung umfasst:<\/strong><\/li>\n<li>1 x Zelt<\/li>\n<li>1 x Tragetasche<\/li>\n<\/ul>\n","protected":false},"excerpt":{"rendered":"<ul>\n<li>Farbe: Meergr\u00fcn<\/li>\n<li>Material: 190T Polyester mit PU-Beschichtung<\/li>\n<li>Gesamtabmessungen: 205 x 125 x 90 cm (L x B x H)<\/li>\n<li>Packma\u00df: 61 x 2,5 cm (Durchmesser x H)<\/li>\n<li>Gewicht: 1,1 kg<\/li>\n<li>Zelttyp: Strandzelt<\/li>\n<li>Pop-up-System<\/li>\n<li>Mit Sands\u00e4cken f\u00fcr mehr Stabilit\u00e4t<\/li>\n<li>Zusammenbau erforderlich: Ja<\/li>\n<li><strong>Lieferung umfasst:<\/strong><\/li>\n<li>1 x Zelt<\/li>\n<li>1 x Tragetasche<\/li>\n<\/ul>\n","protected":false},"featured_media":10000056422,"comment_status":"closed","ping_status":"closed","template":"","meta":[],"product_brand":[],"product_cat":[6859,6837,6836,6987],"product_tag":[],"class_list":{"0":"post-56422","1":"product","2":"type-product","3":"status-publish","4":"has-post-thumbnail","6":"product_cat-camping-wandern","7":"product_cat-outdoor-aktivitaeten","8":"product_cat-sportartikel","9":"product_cat-zelte","11":"first","12":"instock","13":"taxable","14":"shipping-taxable","15":"purchasable","16":"product-type-simple","17":"add-to-wishlist-after_add_to_cart"},"jetpack_sharing_enabled":true,"_links":{"self":[{"href":"https:\/\/de-prime.com\/index.php\/wp-json\/wp\/v2\/product\/56422","targetHints":{"allow":["GET"]}}],"collection":[{"href":"https:\/\/de-prime.com\/index.php\/wp-json\/wp\/v2\/product"}],"about":[{"href":"https:\/\/de-prime.com\/index.php\/wp-json\/wp\/v2\/types\/product"}],"replies":[{"embeddable":true,"href":"https:\/\/de-prime.com\/index.php\/wp-json\/wp\/v2\/comments?post=56422"}],"wp:featuredmedia":[{"embeddable":true,"href":"https:\/\/de-prime.com\/index.php\/wp-json\/"}],"wp:attachment":[{"href":"https:\/\/de-prime.com\/index.php\/wp-json\/wp\/v2\/media?parent=56422"}],"wp:term":[{"taxonomy":"product_brand","embeddable":true,"href":"https:\/\/de-prime.com\/index.php\/wp-json\/wp\/v2\/product_brand?post=56422"},{"taxonomy":"product_cat","embeddable":true,"href":"https:\/\/de-prime.com\/index.php\/wp-json\/wp\/v2\/product_cat?post=56422"},{"taxonomy":"product_tag","embeddable":true,"href":"https:\/\/de-prime.com\/index.php\/wp-json\/wp\/v2\/product_tag?post=56422"}],"curies":[{"name":"wp","href":"https:\/\/api.w.org\/{rel}","templated":true}]}}