{"id":56395,"date":"2024-10-01T16:14:57","date_gmt":"2024-10-01T16:14:57","guid":{"rendered":"https:\/\/de-prime.com\/?p=56395"},"modified":"2024-10-01T16:40:06","modified_gmt":"2024-10-01T16:40:06","slug":"sichtschutzzelt-blau-quick-release-wasserdicht","status":"publish","type":"product","link":"https:\/\/de-prime.com\/index.php\/product\/sichtschutzzelt-blau-quick-release-wasserdicht\/","title":{"rendered":"Sichtschutzzelt Blau Quick Release Wasserdicht"},"content":{"rendered":"<p>Dieses Umkleidezelt bietet Sichtschutz bei Aktivit\u00e4ten im Freien und darf daher von deiner Camping-Ausr\u00fcstung nicht fehlen. Rundum wasserdicht: Aus Polyester mit PU-Beschichtung gefertigt, ist dieses Zelt wasser- und winddicht. Die strapazierf\u00e4hige Bodenplane sorgt f\u00fcr ein trockenes und komfortables Interieur.Quick-Release-System: Dank des Quick-Release-Systems l\u00e4sst sich das Zelt m\u00fchelos aufbauen! Lege das Zelt auf den Boden, ziehe das vormontierte Gest\u00e4nge heraus, bis es einrastet, und schon ist das Zelt einsatzbereit!Einfacher Zugang: Der Eingang mit Rei\u00dfverschluss erm\u00f6glicht einen einfachen Zugang. Er l\u00e4sst sich einfach aufrollen und mit Knebelkn\u00f6pfen befestigen. So kannst du f\u00fcr eine gute Luftzirkulation und viel nat\u00fcrliches Licht im Zelt sorgen.Leicht und tragbar: Dank des faltbaren und leichten Designs l\u00e4sst sich das Zelt einfach verpacken und in der mitgelieferten Tragetasche m\u00fchelos verstauen und transportieren.Stabil und sicher: Befestige dein Zelt mit den mitgelieferten Heringen und Abspannseilen fest am Boden, um seine Stabilit\u00e4t und Sicherheit zu gew\u00e4hrleisten. Achtung:Halte alle Flammen und W\u00e4rmequellen von diesem Zeltstoff fern.<\/p>\n<ul>\n<li>Farbe: Blau<\/li>\n<li>Material: 190T Polyester mit PU-Beschichtung<\/li>\n<li>Gesamtabmessungen: 150 x 150 x 220 cm (L x B x H)<\/li>\n<li>Packma\u00df: 89,5 x 13,5 x 13,5 cm (L x B x H)<\/li>\n<li>Gewicht: 4 kg<\/li>\n<li>Zelttyp: Sichtschutzzelt, Umkleidezelt<\/li>\n<li>Anzahl der Eing\u00e4nge: 1<\/li>\n<li>Anzahl der Fenster: 1<\/li>\n<li>Schnellwechselsystem<\/li>\n<li>Eingang mit doppeltem Rei\u00dfverschluss<\/li>\n<li>Mit Haken zum Aufh\u00e4ngen einer Leuchte<\/li>\n<li>Zusammenbau erforderlich: Ja<\/li>\n<li><strong>Lieferung umfasst:<\/strong><\/li>\n<li>1 x Zelt<\/li>\n<li>1 x Tragetasche<\/li>\n<\/ul>\n","protected":false},"excerpt":{"rendered":"<ul>\n<li>Farbe: Blau<\/li>\n<li>Material: 190T Polyester mit PU-Beschichtung<\/li>\n<li>Gesamtabmessungen: 150 x 150 x 220 cm (L x B x H)<\/li>\n<li>Packma\u00df: 89,5 x 13,5 x 13,5 cm (L x B x H)<\/li>\n<li>Gewicht: 4 kg<\/li>\n<li>Zelttyp: Sichtschutzzelt, Umkleidezelt<\/li>\n<li>Anzahl der Eing\u00e4nge: 1<\/li>\n<li>Anzahl der Fenster: 1<\/li>\n<li>Schnellwechselsystem<\/li>\n<li>Eingang mit doppeltem Rei\u00dfverschluss<\/li>\n<li>Mit Haken zum Aufh\u00e4ngen einer Leuchte<\/li>\n<li>Zusammenbau erforderlich: Ja<\/li>\n<li><strong>Lieferung umfasst:<\/strong><\/li>\n<li>1 x Zelt<\/li>\n<li>1 x Tragetasche<\/li>\n<\/ul>\n","protected":false},"featured_media":10000056395,"comment_status":"closed","ping_status":"closed","template":"","meta":[],"product_brand":[],"product_cat":[6859,6837,6836,6987],"product_tag":[],"class_list":{"0":"post-56395","1":"product","2":"type-product","3":"status-publish","4":"has-post-thumbnail","6":"product_cat-camping-wandern","7":"product_cat-outdoor-aktivitaeten","8":"product_cat-sportartikel","9":"product_cat-zelte","11":"first","12":"instock","13":"taxable","14":"shipping-taxable","15":"purchasable","16":"product-type-simple","17":"add-to-wishlist-after_add_to_cart"},"jetpack_sharing_enabled":true,"_links":{"self":[{"href":"https:\/\/de-prime.com\/index.php\/wp-json\/wp\/v2\/product\/56395","targetHints":{"allow":["GET"]}}],"collection":[{"href":"https:\/\/de-prime.com\/index.php\/wp-json\/wp\/v2\/product"}],"about":[{"href":"https:\/\/de-prime.com\/index.php\/wp-json\/wp\/v2\/types\/product"}],"replies":[{"embeddable":true,"href":"https:\/\/de-prime.com\/index.php\/wp-json\/wp\/v2\/comments?post=56395"}],"wp:featuredmedia":[{"embeddable":true,"href":"https:\/\/de-prime.com\/index.php\/wp-json\/"}],"wp:attachment":[{"href":"https:\/\/de-prime.com\/index.php\/wp-json\/wp\/v2\/media?parent=56395"}],"wp:term":[{"taxonomy":"product_brand","embeddable":true,"href":"https:\/\/de-prime.com\/index.php\/wp-json\/wp\/v2\/product_brand?post=56395"},{"taxonomy":"product_cat","embeddable":true,"href":"https:\/\/de-prime.com\/index.php\/wp-json\/wp\/v2\/product_cat?post=56395"},{"taxonomy":"product_tag","embeddable":true,"href":"https:\/\/de-prime.com\/index.php\/wp-json\/wp\/v2\/product_tag?post=56395"}],"curies":[{"name":"wp","href":"https:\/\/api.w.org\/{rel}","templated":true}]}}