{"id":56361,"date":"2024-10-01T16:14:54","date_gmt":"2024-10-01T16:14:54","guid":{"rendered":"https:\/\/de-prime.com\/?p=56361"},"modified":"2024-10-01T16:37:29","modified_gmt":"2024-10-01T16:37:29","slug":"step2-kindertafel-jumbo-art-doppelseitig-mehrfarbig","status":"publish","type":"product","link":"https:\/\/de-prime.com\/index.php\/product\/step2-kindertafel-jumbo-art-doppelseitig-mehrfarbig\/","title":{"rendered":"Step2 Kindertafel Jumbo Art Doppelseitig Mehrfarbig"},"content":{"rendered":"<p>Diese mehrfarbige, doppelseitige Jumbo Art Kindertafel von Step2 bietet kleinen K\u00fcnstlern eine ausgezeichnete, multifunktionale Oberfl\u00e4che w\u00e4hrend der Spielzeit. Die doppelseitige Zeichentafel von Step2 kommt mit einem Whiteboard und einer Kreidetafel zum kreativen Spielspa\u00df. Mit den mitgelieferten Kunstclips k\u00f6nnen Kinder ihre neuesten Kunstwerke zur Schau stellen. Diese Zeichentafel erm\u00f6glicht es Kindern, ihre feinmotorischen F\u00e4higkeiten durch Zeichnen, Schreiben und Malen zu entwickeln. Sie ist auch mit zwei unteren, abnehmbaren Ablagef\u00e4chern versehen, die das Organisieren des K\u00fcnstlerbedarfs zum Kinderspiel machen! Hinweis: K\u00fcnstlerbedarf wie Marker, Kreide und Trockenwischer sind nicht im Lieferumfang enthalten.<\/p>\n<ul>\n<li>Farbe: Mehrfarbig<\/li>\n<li>Material: Roto-geformter Kunststoff<\/li>\n<li>Abmessungen: 125,73 x 38,1 x 109,22 cm (L x B x H)<\/li>\n<li>Doppelseitig<\/li>\n<li>Trockenl\u00f6schtafel auf einer Seite und Kreidetafel auf der anderen<\/li>\n<li>Klammer auf jeder Seite<\/li>\n<li>Gro\u00dfes, abnehmbares Staufach<\/li>\n<li>Stabile Konstruktion<\/li>\n<li>Einfacher Zusammenbau<\/li>\n<li>Empfohlenes Alter: F\u00fcr Kinder ab 3 Jahren<\/li>\n<li>WARNHINWEIS: Nicht f\u00fcr Kinder unter 36 Monaten geeignet.<\/li>\n<li>WARNHINWEIS: Nur f\u00fcr den Hausgebrauch.<\/li>\n<li>WARNHINWEIS: Benutzung unter unmittelbarer Aufsicht von Erwachsenen.<\/li>\n<\/ul>\n","protected":false},"excerpt":{"rendered":"<ul>\n<li>Farbe: Mehrfarbig<\/li>\n<li>Material: Roto-geformter Kunststoff<\/li>\n<li>Abmessungen: 125,73 x 38,1 x 109,22 cm (L x B x H)<\/li>\n<li>Doppelseitig<\/li>\n<li>Trockenl\u00f6schtafel auf einer Seite und Kreidetafel auf der anderen<\/li>\n<li>Klammer auf jeder Seite<\/li>\n<li>Gro\u00dfes, abnehmbares Staufach<\/li>\n<li>Stabile Konstruktion<\/li>\n<li>Einfacher Zusammenbau<\/li>\n<li>Empfohlenes Alter: F\u00fcr Kinder ab 3 Jahren<\/li>\n<li>WARNHINWEIS: Nicht f\u00fcr Kinder unter 36 Monaten geeignet.<\/li>\n<li>WARNHINWEIS: Nur f\u00fcr den Hausgebrauch.<\/li>\n<li>WARNHINWEIS: Benutzung unter unmittelbarer Aufsicht von Erwachsenen.<\/li>\n<\/ul>\n","protected":false},"featured_media":10000056361,"comment_status":"closed","ping_status":"closed","template":"","meta":[],"product_brand":[],"product_cat":[6853,6852,6986,5752],"product_tag":[],"class_list":{"0":"post-56361","1":"product","2":"type-product","3":"status-publish","4":"has-post-thumbnail","6":"product_cat-spielzeuge","7":"product_cat-spielzeuge-spiele","8":"product_cat-spielzeuge-zum-malen-zeichnen","9":"product_cat-zeichentafeln","11":"first","12":"outofstock","13":"taxable","14":"shipping-taxable","15":"purchasable","16":"product-type-simple","17":"add-to-wishlist-after_add_to_cart"},"jetpack_sharing_enabled":true,"_links":{"self":[{"href":"https:\/\/de-prime.com\/index.php\/wp-json\/wp\/v2\/product\/56361","targetHints":{"allow":["GET"]}}],"collection":[{"href":"https:\/\/de-prime.com\/index.php\/wp-json\/wp\/v2\/product"}],"about":[{"href":"https:\/\/de-prime.com\/index.php\/wp-json\/wp\/v2\/types\/product"}],"replies":[{"embeddable":true,"href":"https:\/\/de-prime.com\/index.php\/wp-json\/wp\/v2\/comments?post=56361"}],"wp:featuredmedia":[{"embeddable":true,"href":"https:\/\/de-prime.com\/index.php\/wp-json\/"}],"wp:attachment":[{"href":"https:\/\/de-prime.com\/index.php\/wp-json\/wp\/v2\/media?parent=56361"}],"wp:term":[{"taxonomy":"product_brand","embeddable":true,"href":"https:\/\/de-prime.com\/index.php\/wp-json\/wp\/v2\/product_brand?post=56361"},{"taxonomy":"product_cat","embeddable":true,"href":"https:\/\/de-prime.com\/index.php\/wp-json\/wp\/v2\/product_cat?post=56361"},{"taxonomy":"product_tag","embeddable":true,"href":"https:\/\/de-prime.com\/index.php\/wp-json\/wp\/v2\/product_tag?post=56361"}],"curies":[{"name":"wp","href":"https:\/\/api.w.org\/{rel}","templated":true}]}}