{"id":56358,"date":"2024-10-01T16:14:54","date_gmt":"2024-10-01T16:14:54","guid":{"rendered":"https:\/\/de-prime.com\/?p=56358"},"modified":"2024-10-01T16:37:11","modified_gmt":"2024-10-01T16:37:11","slug":"leder-trense-trensenzaum-mit-zuegeln-und-gebiss-schwarz-kolben","status":"publish","type":"product","link":"https:\/\/de-prime.com\/index.php\/product\/leder-trense-trensenzaum-mit-zuegeln-und-gebiss-schwarz-kolben\/","title":{"rendered":"Leder Trense Trensenzaum mit Z\u00fcgeln und Gebi\u00df schwarz Kolben"},"content":{"rendered":"<p>Dieser Trensenzaum aus hochwertigem B\u00fcffelleder ist extra weich und mit gepolstertem Stirnband f\u00fcr eine bequeme Passform versehen.Dank dem filigranen Design und bombierten Reithalfter hat diese Trense nicht nur ein elegantes Aussehen sondern sorgt auch f\u00fcr eine ausgewogene Druckverteilung im Genick. Dar\u00fcber hinaus hat dieser Trensenzaum mit kombiniertem Reithalfter 7 Stufen zur Einstellung der L\u00e4nge. Im Lieferumfang ist ein Trensenzaum aus Leder mit Z\u00fcgeln und Gebi\u00df enthalten.<\/p>\n<ul>\n<li>Farbe: Schwarz<\/li>\n<li>Ma\u00dfe: Kolben<\/li>\n<li>Material: Zaum und Z\u00fcgel aus hochwertigem B\u00fcffelleder, Stahlbeschl\u00e4ge<\/li>\n<li>Loser Ring-Gebi\u00df enthalten<\/li>\n<li>7 Stufen zur L\u00e4ngenverstellung<\/li>\n<li>Extra weich gepolstert auf dem Stirnband<\/li>\n<li>Bombiertes Reithalfter<\/li>\n<li>Ideale Druckverteilung im Genick<\/li>\n<li>Material: Leder: 100%<\/li>\n<\/ul>\n","protected":false},"excerpt":{"rendered":"<ul>\n<li>Farbe: Schwarz<\/li>\n<li>Ma\u00dfe: Kolben<\/li>\n<li>Material: Zaum und Z\u00fcgel aus hochwertigem B\u00fcffelleder, Stahlbeschl\u00e4ge<\/li>\n<li>Loser Ring-Gebi\u00df enthalten<\/li>\n<li>7 Stufen zur L\u00e4ngenverstellung<\/li>\n<li>Extra weich gepolstert auf dem Stirnband<\/li>\n<li>Bombiertes Reithalfter<\/li>\n<li>Ideale Druckverteilung im Genick<\/li>\n<li>Material: Leder: 100%<\/li>\n<\/ul>\n","protected":false},"featured_media":10000056358,"comment_status":"closed","ping_status":"closed","template":"","meta":[],"product_brand":[],"product_cat":[6837,6896,6897,6836,6985],"product_tag":[],"class_list":{"0":"post-56358","1":"product","2":"type-product","3":"status-publish","4":"has-post-thumbnail","6":"product_cat-outdoor-aktivitaeten","7":"product_cat-reitsport-zubehoer","8":"product_cat-sattel-zaumzeug","9":"product_cat-sportartikel","10":"product_cat-zaumzeug","12":"first","13":"instock","14":"taxable","15":"shipping-taxable","16":"purchasable","17":"product-type-simple","18":"add-to-wishlist-after_add_to_cart"},"jetpack_sharing_enabled":true,"_links":{"self":[{"href":"https:\/\/de-prime.com\/index.php\/wp-json\/wp\/v2\/product\/56358","targetHints":{"allow":["GET"]}}],"collection":[{"href":"https:\/\/de-prime.com\/index.php\/wp-json\/wp\/v2\/product"}],"about":[{"href":"https:\/\/de-prime.com\/index.php\/wp-json\/wp\/v2\/types\/product"}],"replies":[{"embeddable":true,"href":"https:\/\/de-prime.com\/index.php\/wp-json\/wp\/v2\/comments?post=56358"}],"wp:featuredmedia":[{"embeddable":true,"href":"https:\/\/de-prime.com\/index.php\/wp-json\/"}],"wp:attachment":[{"href":"https:\/\/de-prime.com\/index.php\/wp-json\/wp\/v2\/media?parent=56358"}],"wp:term":[{"taxonomy":"product_brand","embeddable":true,"href":"https:\/\/de-prime.com\/index.php\/wp-json\/wp\/v2\/product_brand?post=56358"},{"taxonomy":"product_cat","embeddable":true,"href":"https:\/\/de-prime.com\/index.php\/wp-json\/wp\/v2\/product_cat?post=56358"},{"taxonomy":"product_tag","embeddable":true,"href":"https:\/\/de-prime.com\/index.php\/wp-json\/wp\/v2\/product_tag?post=56358"}],"curies":[{"name":"wp","href":"https:\/\/api.w.org\/{rel}","templated":true}]}}