{"id":56351,"date":"2024-10-01T16:14:53","date_gmt":"2024-10-01T16:14:53","guid":{"rendered":"https:\/\/de-prime.com\/?p=56351"},"modified":"2024-10-01T16:40:28","modified_gmt":"2024-10-01T16:40:28","slug":"aufblasbare-gymnastikmatte-mit-pumpe-100x100x15-cm-pvc-blau","status":"publish","type":"product","link":"https:\/\/de-prime.com\/index.php\/product\/aufblasbare-gymnastikmatte-mit-pumpe-100x100x15-cm-pvc-blau\/","title":{"rendered":"Aufblasbare Gymnastikmatte mit Pumpe 100x100x15 cm PVC Blau"},"content":{"rendered":"<p>Dieses Balancekissen ist gro\u00df und professionell, ideal zum Trainieren oder Spielen in Parks, Schulen, Sportvereinen usw. Dieses Fitness-Kissen aus hochdichtem PVC ist sto\u00dfabsorbierend, rutschfest und wasserdicht und eignet sich somit perfekt zum Schutz aller Sportliebhaber. Das Training-Kissen zeichnet sich durch beispiellose St\u00e4rke und Haltbarkeit aus und ist leicht zu tragen und aufzupumpen. Sie k\u00f6nnen es in Innenr\u00e4umen zum Trainieren aufstellen, z.B. in Ihrem Wohn- oder Schlafzimmer. Sie k\u00f6nnen es sogar ins Freie mitnehmen, zum Strand, in den Park, usw. Die Lieferung umfasst eine Fu\u00dfpumpe zum einfachen Aufpumpen und Entleeren. Alle Artikel sind zur einfachen Lagerung und zum Transport in einem PVC-Beutel verpackt.<\/p>\n<ul>\n<li>Farbe: Blau und Grau<\/li>\n<li>Material: Hochdichtes PVC, PVC-Gewebe<\/li>\n<li>Abmessungen: 100 x 100 x 15 cm (L x B x T)<\/li>\n<li>Beinhaltet eine Fu\u00dfpumpe<\/li>\n<\/ul>\n","protected":false},"excerpt":{"rendered":"<ul>\n<li>Farbe: Blau und Grau<\/li>\n<li>Material: Hochdichtes PVC, PVC-Gewebe<\/li>\n<li>Abmessungen: 100 x 100 x 15 cm (L x B x T)<\/li>\n<li>Beinhaltet eine Fu\u00dfpumpe<\/li>\n<\/ul>\n","protected":false},"featured_media":10000056351,"comment_status":"closed","ping_status":"closed","template":"","meta":[],"product_brand":[],"product_cat":[6846,6836,6982,6984],"product_tag":[],"class_list":{"0":"post-56351","1":"product","2":"type-product","3":"status-publish","4":"has-post-thumbnail","6":"product_cat-fitness","7":"product_cat-sportartikel","8":"product_cat-yoga-pilates","9":"product_cat-yoga-und-pilatesmatten","11":"first","12":"outofstock","13":"taxable","14":"shipping-taxable","15":"purchasable","16":"product-type-simple","17":"add-to-wishlist-after_add_to_cart"},"jetpack_sharing_enabled":true,"_links":{"self":[{"href":"https:\/\/de-prime.com\/index.php\/wp-json\/wp\/v2\/product\/56351","targetHints":{"allow":["GET"]}}],"collection":[{"href":"https:\/\/de-prime.com\/index.php\/wp-json\/wp\/v2\/product"}],"about":[{"href":"https:\/\/de-prime.com\/index.php\/wp-json\/wp\/v2\/types\/product"}],"replies":[{"embeddable":true,"href":"https:\/\/de-prime.com\/index.php\/wp-json\/wp\/v2\/comments?post=56351"}],"wp:featuredmedia":[{"embeddable":true,"href":"https:\/\/de-prime.com\/index.php\/wp-json\/"}],"wp:attachment":[{"href":"https:\/\/de-prime.com\/index.php\/wp-json\/wp\/v2\/media?parent=56351"}],"wp:term":[{"taxonomy":"product_brand","embeddable":true,"href":"https:\/\/de-prime.com\/index.php\/wp-json\/wp\/v2\/product_brand?post=56351"},{"taxonomy":"product_cat","embeddable":true,"href":"https:\/\/de-prime.com\/index.php\/wp-json\/wp\/v2\/product_cat?post=56351"},{"taxonomy":"product_tag","embeddable":true,"href":"https:\/\/de-prime.com\/index.php\/wp-json\/wp\/v2\/product_tag?post=56351"}],"curies":[{"name":"wp","href":"https:\/\/api.w.org\/{rel}","templated":true}]}}