{"id":56307,"date":"2024-10-01T16:14:50","date_gmt":"2024-10-01T16:14:50","guid":{"rendered":"https:\/\/de-prime.com\/?p=56307"},"modified":"2024-10-01T16:39:58","modified_gmt":"2024-10-01T16:39:58","slug":"aufblasbare-gymnastikmatte-mit-pumpe-400x100x15-cm-pvc-gruen","status":"publish","type":"product","link":"https:\/\/de-prime.com\/index.php\/product\/aufblasbare-gymnastikmatte-mit-pumpe-400x100x15-cm-pvc-gruen\/","title":{"rendered":"Aufblasbare Gymnastikmatte mit Pumpe 400x100x15 cm PVC Gr\u00fcn"},"content":{"rendered":"<p>Suchen Sie eine gro\u00dfe und professionelle Matte zum Trainieren oder Spielen? Diese aufblasbare Gymnastikmatte ist eine kluge Wahl. Die Trainingsmatte mit beispielloser Festigkeit und Haltbarkeit ist einfach mitzunehmen und einzurichten. Es kann auch in Parks, Schulen, Sportvereinen usw. verwendet werden. Diese Trainingsmatte aus PVC mit hoher Dichte ist sto\u00dfd\u00e4mpfend, rutschfest und wasserdicht. Damit ist sie perfekt f\u00fcr alle Sportliebhaber geeignet. Diese Gymnastikmatte ist vielseitig einsetzbar und kann in Innenr\u00e4umen zum Turnen, Kickboxen, Yoga, Wrestling usw. verwendet werden. Und es eignet sich auch f\u00fcr Outdoor-Aktivit\u00e4ten wie Schwimmen im Schwimmbad oder im Meer, Spielen auf Gr\u00fcnland und so weiter. Die Lieferung umfasst eine Pumpe zum einfachen Auf- und Abpumpen. Alle Artikel sind in einer PVC-T\u00fcte verpackt, damit sie leicht aufbewahrt und transportiert werden k\u00f6nnen.<\/p>\n<ul>\n<li>Farbe: Gr\u00fcn und Grau<\/li>\n<li>Material: Hochdichtes PVC, PVC-Gewebe <\/li>\n<li>Abmessungen: 400 x 100 x 15 cm (L x B x T) <\/li>\n<li>Beinhaltet eine Pumpe<\/li>\n<\/ul>\n","protected":false},"excerpt":{"rendered":"<ul>\n<li>Farbe: Gr\u00fcn und Grau<\/li>\n<li>Material: Hochdichtes PVC, PVC-Gewebe <\/li>\n<li>Abmessungen: 400 x 100 x 15 cm (L x B x T) <\/li>\n<li>Beinhaltet eine Pumpe<\/li>\n<\/ul>\n","protected":false},"featured_media":10000056307,"comment_status":"closed","ping_status":"closed","template":"","meta":[],"product_brand":[],"product_cat":[6846,6836,6982,6984],"product_tag":[],"class_list":{"0":"post-56307","1":"product","2":"type-product","3":"status-publish","4":"has-post-thumbnail","6":"product_cat-fitness","7":"product_cat-sportartikel","8":"product_cat-yoga-pilates","9":"product_cat-yoga-und-pilatesmatten","11":"first","12":"instock","13":"taxable","14":"shipping-taxable","15":"purchasable","16":"product-type-simple","17":"add-to-wishlist-after_add_to_cart"},"jetpack_sharing_enabled":true,"_links":{"self":[{"href":"https:\/\/de-prime.com\/index.php\/wp-json\/wp\/v2\/product\/56307","targetHints":{"allow":["GET"]}}],"collection":[{"href":"https:\/\/de-prime.com\/index.php\/wp-json\/wp\/v2\/product"}],"about":[{"href":"https:\/\/de-prime.com\/index.php\/wp-json\/wp\/v2\/types\/product"}],"replies":[{"embeddable":true,"href":"https:\/\/de-prime.com\/index.php\/wp-json\/wp\/v2\/comments?post=56307"}],"wp:featuredmedia":[{"embeddable":true,"href":"https:\/\/de-prime.com\/index.php\/wp-json\/"}],"wp:attachment":[{"href":"https:\/\/de-prime.com\/index.php\/wp-json\/wp\/v2\/media?parent=56307"}],"wp:term":[{"taxonomy":"product_brand","embeddable":true,"href":"https:\/\/de-prime.com\/index.php\/wp-json\/wp\/v2\/product_brand?post=56307"},{"taxonomy":"product_cat","embeddable":true,"href":"https:\/\/de-prime.com\/index.php\/wp-json\/wp\/v2\/product_cat?post=56307"},{"taxonomy":"product_tag","embeddable":true,"href":"https:\/\/de-prime.com\/index.php\/wp-json\/wp\/v2\/product_tag?post=56307"}],"curies":[{"name":"wp","href":"https:\/\/api.w.org\/{rel}","templated":true}]}}