{"id":56275,"date":"2024-10-01T16:14:48","date_gmt":"2024-10-01T16:14:48","guid":{"rendered":"https:\/\/de-prime.com\/?p=56275"},"modified":"2024-10-01T16:39:42","modified_gmt":"2024-10-01T16:39:42","slug":"aufblasbare-gymnastikmatte-mit-pumpe-300x100x10-cm-pvc-rosa","status":"publish","type":"product","link":"https:\/\/de-prime.com\/index.php\/product\/aufblasbare-gymnastikmatte-mit-pumpe-300x100x10-cm-pvc-rosa\/","title":{"rendered":"Aufblasbare Gymnastikmatte mit Pumpe 300\u00d7100\u00d710 cm PVC Rosa"},"content":{"rendered":"<p>Auf der Suche nach einer gro\u00dfen und professionellen Matte zum Turnen oder Spielen? Diese aufblasbare Gymnastikmatte ist die perfekte Wahl. Die Turnmatte bietet beispiellose Festigkeit und Haltbarkeit. Sie ist einfach mitzunehmen und schnell einsatzbereit. Sie kann auch in Parks, Schulen und Sportvereinen verwendet werden. Die aus hochdichtem PVC gefertigte, aufblasbare Matte ist sto\u00dfd\u00e4mpfend, rutschfest und wasserdicht. Sie bietet eine sch\u00fctzende und bequeme Unterlage f\u00fcr alle, die auf dieser Turnmatte trainieren. Sie ist vielseitig einsetzbar und kann in Innenr\u00e4umen f\u00fcr Gymnastik, Kickboxen, Yoga, Judo, Wrestling usw. verwendet werden. Sie eignet sich auch f\u00fcr Aktivit\u00e4ten im Freien wie Schwimmen im Pool oder im Meer, Spielen und so weiter. Zum Lieferumfang geh\u00f6rt auch eine Pumpe zum einfachen Auf- und Abpumpen. Alle Artikel sind in einer PVC-T\u00fcte verpackt, damit sie leicht aufbewahrt und transportiert werden k\u00f6nnen.<\/p>\n<ul>\n<li>Farbe: Grau, Rosa<\/li>\n<li>Abmessungen: 300 x 100 x 10 cm (L x B x T)<\/li>\n<li>Material: hochdichtes PVC + Band aus PVC-Gewebe<\/li>\n<li>Mit Pumpe<\/li>\n<\/ul>\n","protected":false},"excerpt":{"rendered":"<ul>\n<li>Farbe: Grau, Rosa<\/li>\n<li>Abmessungen: 300 x 100 x 10 cm (L x B x T)<\/li>\n<li>Material: hochdichtes PVC + Band aus PVC-Gewebe<\/li>\n<li>Mit Pumpe<\/li>\n<\/ul>\n","protected":false},"featured_media":10000056275,"comment_status":"closed","ping_status":"closed","template":"","meta":[],"product_brand":[],"product_cat":[6846,6836,6982,6984],"product_tag":[],"class_list":{"0":"post-56275","1":"product","2":"type-product","3":"status-publish","4":"has-post-thumbnail","6":"product_cat-fitness","7":"product_cat-sportartikel","8":"product_cat-yoga-pilates","9":"product_cat-yoga-und-pilatesmatten","11":"first","12":"instock","13":"taxable","14":"shipping-taxable","15":"purchasable","16":"product-type-simple","17":"add-to-wishlist-after_add_to_cart"},"jetpack_sharing_enabled":true,"_links":{"self":[{"href":"https:\/\/de-prime.com\/index.php\/wp-json\/wp\/v2\/product\/56275","targetHints":{"allow":["GET"]}}],"collection":[{"href":"https:\/\/de-prime.com\/index.php\/wp-json\/wp\/v2\/product"}],"about":[{"href":"https:\/\/de-prime.com\/index.php\/wp-json\/wp\/v2\/types\/product"}],"replies":[{"embeddable":true,"href":"https:\/\/de-prime.com\/index.php\/wp-json\/wp\/v2\/comments?post=56275"}],"wp:featuredmedia":[{"embeddable":true,"href":"https:\/\/de-prime.com\/index.php\/wp-json\/"}],"wp:attachment":[{"href":"https:\/\/de-prime.com\/index.php\/wp-json\/wp\/v2\/media?parent=56275"}],"wp:term":[{"taxonomy":"product_brand","embeddable":true,"href":"https:\/\/de-prime.com\/index.php\/wp-json\/wp\/v2\/product_brand?post=56275"},{"taxonomy":"product_cat","embeddable":true,"href":"https:\/\/de-prime.com\/index.php\/wp-json\/wp\/v2\/product_cat?post=56275"},{"taxonomy":"product_tag","embeddable":true,"href":"https:\/\/de-prime.com\/index.php\/wp-json\/wp\/v2\/product_tag?post=56275"}],"curies":[{"name":"wp","href":"https:\/\/api.w.org\/{rel}","templated":true}]}}