{"id":56272,"date":"2024-10-01T16:14:48","date_gmt":"2024-10-01T16:14:48","guid":{"rendered":"https:\/\/de-prime.com\/?p=56272"},"modified":"2024-10-01T16:37:12","modified_gmt":"2024-10-01T16:37:12","slug":"fusspumpe-26x18-cm-pp-und-pe-grau-und-gelb","status":"publish","type":"product","link":"https:\/\/de-prime.com\/index.php\/product\/fusspumpe-26x18-cm-pp-und-pe-grau-und-gelb\/","title":{"rendered":"Fu\u00dfpumpe 26&#215;18 cm PP und PE Grau und Gelb"},"content":{"rendered":"<p>Diese Fu\u00dfpumpe besteht aus PP und PE und ist perfekt f\u00fcr das Aufpumpen von Yogamatten, Luftbetten, SUP-Boards, Matratzen usw. geeignet. Haltbares Material: Hergestellt aus PP und PE, ist diese Pumpe stark und robust.Vielf\u00e4ltige Anwendungen: Die Luftpumpe kann f\u00fcr Luftmatratzen, Luftbetten und SUP-Boards verwendet werden.Einfache Aufbewahrung und Transport: Dank seines komprimierbaren Designs l\u00e4sst sich der Blasebalg leicht verstauen und transportieren.<\/p>\n<ul>\n<li>Farbe: Grau und Gelb<\/li>\n<li>Material: PP, PE<\/li>\n<li>Pumpen-Gr\u00f6\u00dfe: 26 x 18 cm (L x B)<\/li>\n<li>Schlauchl\u00e4nge: 135 cm<\/li>\n<li>Komprimierbar<\/li>\n<li>Mit abnehmbarem Schlauch<\/li>\n<li>Geeignet f\u00fcr Luftmatratzen, Yogamatten, Luftbetten, SUP-Boards uvm.<\/li>\n<\/ul>\n","protected":false},"excerpt":{"rendered":"<ul>\n<li>Farbe: Grau und Gelb<\/li>\n<li>Material: PP, PE<\/li>\n<li>Pumpen-Gr\u00f6\u00dfe: 26 x 18 cm (L x B)<\/li>\n<li>Schlauchl\u00e4nge: 135 cm<\/li>\n<li>Komprimierbar<\/li>\n<li>Mit abnehmbarem Schlauch<\/li>\n<li>Geeignet f\u00fcr Luftmatratzen, Yogamatten, Luftbetten, SUP-Boards uvm.<\/li>\n<\/ul>\n","protected":false},"featured_media":10000056272,"comment_status":"closed","ping_status":"closed","template":"","meta":[],"product_brand":[],"product_cat":[6846,6836,6982],"product_tag":[],"class_list":{"0":"post-56272","1":"product","2":"type-product","3":"status-publish","4":"has-post-thumbnail","6":"product_cat-fitness","7":"product_cat-sportartikel","8":"product_cat-yoga-pilates","10":"first","11":"instock","12":"taxable","13":"shipping-taxable","14":"purchasable","15":"product-type-simple","16":"add-to-wishlist-after_add_to_cart"},"jetpack_sharing_enabled":true,"_links":{"self":[{"href":"https:\/\/de-prime.com\/index.php\/wp-json\/wp\/v2\/product\/56272","targetHints":{"allow":["GET"]}}],"collection":[{"href":"https:\/\/de-prime.com\/index.php\/wp-json\/wp\/v2\/product"}],"about":[{"href":"https:\/\/de-prime.com\/index.php\/wp-json\/wp\/v2\/types\/product"}],"replies":[{"embeddable":true,"href":"https:\/\/de-prime.com\/index.php\/wp-json\/wp\/v2\/comments?post=56272"}],"wp:featuredmedia":[{"embeddable":true,"href":"https:\/\/de-prime.com\/index.php\/wp-json\/"}],"wp:attachment":[{"href":"https:\/\/de-prime.com\/index.php\/wp-json\/wp\/v2\/media?parent=56272"}],"wp:term":[{"taxonomy":"product_brand","embeddable":true,"href":"https:\/\/de-prime.com\/index.php\/wp-json\/wp\/v2\/product_brand?post=56272"},{"taxonomy":"product_cat","embeddable":true,"href":"https:\/\/de-prime.com\/index.php\/wp-json\/wp\/v2\/product_cat?post=56272"},{"taxonomy":"product_tag","embeddable":true,"href":"https:\/\/de-prime.com\/index.php\/wp-json\/wp\/v2\/product_tag?post=56272"}],"curies":[{"name":"wp","href":"https:\/\/api.w.org\/{rel}","templated":true}]}}