{"id":56269,"date":"2024-10-01T16:14:47","date_gmt":"2024-10-01T16:14:47","guid":{"rendered":"https:\/\/de-prime.com\/?p=56269"},"modified":"2024-10-01T16:44:49","modified_gmt":"2024-10-01T16:44:49","slug":"aufblasbare-gymnastik-rolle-mit-pumpe-120x90-cm-pvc-rosa","status":"publish","type":"product","link":"https:\/\/de-prime.com\/index.php\/product\/aufblasbare-gymnastik-rolle-mit-pumpe-120x90-cm-pvc-rosa\/","title":{"rendered":"Aufblasbare Gymnastik-Rolle mit Pumpe 120&#215;90 cm PVC Rosa"},"content":{"rendered":"<p>Suchst du einen gro\u00dfen und professionellen Gymnastik-Zylinder f\u00fcr etwas Bewegung und Unterhaltung? Diese aufblasbare Gymnastikrolle mit Luftpumpe ist eine tolle Wahl. Diese Fitnessrolle aus hochdichtem PVC ist sto\u00dfd\u00e4mpfend, rutschfest und wasserdicht. Damit ist sie perfekt f\u00fcr den Schutz aller Sportliebhaber. Der Fitness-Roller zeichnet sich durch beispiellose Festigkeit und Haltbarkeit aus. Dank des aufblasbaren Designs kann es leicht mitgenommen und platzsparend verstaut werden. Die Yoga-Rolle kann f\u00fcr professionelles Training, Gymnastik, Heimunterhaltung, Fitnesscenter, etc. verwendet werden. Im Lieferumfang sind au\u00dferdem ein Beutel mit Reparatur-Set und eine Fu\u00dfpumpe zum einfachen Aufblasen und Ablassen der Luft enthalten.<\/p>\n<ul>\n<li>Farbe: Rosa<\/li>\n<li>Material: PVC hoher Dichte, PVC-Gewebe<\/li>\n<li>Abmessungen: 120 x 90 cm (L x Durchmesser)<\/li>\n<li>Mit einer Fu\u00dfpumpe<\/li>\n<li>Empfohlen f\u00fcr Personen mit einer K\u00f6rpergr\u00f6\u00dfe \u00fcber 180 cm<\/li>\n<\/ul>\n","protected":false},"excerpt":{"rendered":"<ul>\n<li>Farbe: Rosa<\/li>\n<li>Material: PVC hoher Dichte, PVC-Gewebe<\/li>\n<li>Abmessungen: 120 x 90 cm (L x Durchmesser)<\/li>\n<li>Mit einer Fu\u00dfpumpe<\/li>\n<li>Empfohlen f\u00fcr Personen mit einer K\u00f6rpergr\u00f6\u00dfe \u00fcber 180 cm<\/li>\n<\/ul>\n","protected":false},"featured_media":10000056269,"comment_status":"closed","ping_status":"closed","template":"","meta":[],"product_brand":[],"product_cat":[6846,6836,6982],"product_tag":[],"class_list":{"0":"post-56269","1":"product","2":"type-product","3":"status-publish","4":"has-post-thumbnail","6":"product_cat-fitness","7":"product_cat-sportartikel","8":"product_cat-yoga-pilates","10":"first","11":"instock","12":"taxable","13":"shipping-taxable","14":"purchasable","15":"product-type-simple","16":"add-to-wishlist-after_add_to_cart"},"jetpack_sharing_enabled":true,"_links":{"self":[{"href":"https:\/\/de-prime.com\/index.php\/wp-json\/wp\/v2\/product\/56269","targetHints":{"allow":["GET"]}}],"collection":[{"href":"https:\/\/de-prime.com\/index.php\/wp-json\/wp\/v2\/product"}],"about":[{"href":"https:\/\/de-prime.com\/index.php\/wp-json\/wp\/v2\/types\/product"}],"replies":[{"embeddable":true,"href":"https:\/\/de-prime.com\/index.php\/wp-json\/wp\/v2\/comments?post=56269"}],"wp:featuredmedia":[{"embeddable":true,"href":"https:\/\/de-prime.com\/index.php\/wp-json\/"}],"wp:attachment":[{"href":"https:\/\/de-prime.com\/index.php\/wp-json\/wp\/v2\/media?parent=56269"}],"wp:term":[{"taxonomy":"product_brand","embeddable":true,"href":"https:\/\/de-prime.com\/index.php\/wp-json\/wp\/v2\/product_brand?post=56269"},{"taxonomy":"product_cat","embeddable":true,"href":"https:\/\/de-prime.com\/index.php\/wp-json\/wp\/v2\/product_cat?post=56269"},{"taxonomy":"product_tag","embeddable":true,"href":"https:\/\/de-prime.com\/index.php\/wp-json\/wp\/v2\/product_tag?post=56269"}],"curies":[{"name":"wp","href":"https:\/\/api.w.org\/{rel}","templated":true}]}}