{"id":56242,"date":"2024-10-01T16:14:46","date_gmt":"2024-10-01T16:14:46","guid":{"rendered":"https:\/\/de-prime.com\/?p=56242"},"modified":"2024-10-01T16:42:22","modified_gmt":"2024-10-01T16:42:22","slug":"hueftwathose-mit-stiefeln-schwarz-groesse-39","status":"publish","type":"product","link":"https:\/\/de-prime.com\/index.php\/product\/hueftwathose-mit-stiefeln-schwarz-groesse-39\/","title":{"rendered":"H\u00fcftwathose mit Stiefeln Schwarz Gr\u00f6\u00dfe 39"},"content":{"rendered":"<p>Diese H\u00fcftwathosen sind langlebig und flexibel und eignen sich zum Angeln, Jagen, Arbeiten auf dem Bauernhof und mehr. Wasserfest: Das speziell beschichtete Polyestergewebe ist von innen angenehm kuschelig und au\u00dfen robust. Dank der gesteppten und versiegelten N\u00e4hte und der angebrachten Stiefel sind die Wathosen wasserbest\u00e4ndig. Schutz: Diese Wathose bietet Schutz vor Wasser, Schlamm und anderen Elementen und h\u00e4lt dich bei der Arbeit oder bei Outdoor-Aktivit\u00e4ten trocken und komfortabel.Integrierte Stiefel f\u00fcr mehr Komfort: Dank der integrierten Stiefel lassen sich diese Wathosen leichter an- und ausziehen, um Zeit und M\u00fche zu sparen. Vielseitig einsetzbar: Diese Wathose mit Stiefeln eignet sich ideal f\u00fcr Angler, J\u00e4ger und Landwirte, aber auch f\u00fcr Spazierg\u00e4nge im Wald und auf dem Land.<\/p>\n<ul>\n<li>Farbe: Schwarz<\/li>\n<li>Material: PVC-beschichtetes Polyester<\/li>\n<li>Stiefelgr\u00f6\u00dfe: 39<\/li>\n<li>St\u00e4rke: 0,48 mm<\/li>\n<li>Wasserfest<\/li>\n<\/ul>\n","protected":false},"excerpt":{"rendered":"<ul>\n<li>Farbe: Schwarz<\/li>\n<li>Material: PVC-beschichtetes Polyester<\/li>\n<li>Stiefelgr\u00f6\u00dfe: 39<\/li>\n<li>St\u00e4rke: 0,48 mm<\/li>\n<li>Wasserfest<\/li>\n<\/ul>\n","protected":false},"featured_media":10000056242,"comment_status":"closed","ping_status":"closed","template":"","meta":[],"product_brand":[],"product_cat":[6838,6837,6836,6980],"product_tag":[],"class_list":{"0":"post-56242","1":"product","2":"type-product","3":"status-publish","4":"has-post-thumbnail","6":"product_cat-angelsport","7":"product_cat-outdoor-aktivitaeten","8":"product_cat-sportartikel","9":"product_cat-wathosen-fuer-angler-jaeger","11":"first","12":"instock","13":"taxable","14":"shipping-taxable","15":"purchasable","16":"product-type-simple","17":"add-to-wishlist-after_add_to_cart"},"jetpack_sharing_enabled":true,"_links":{"self":[{"href":"https:\/\/de-prime.com\/index.php\/wp-json\/wp\/v2\/product\/56242","targetHints":{"allow":["GET"]}}],"collection":[{"href":"https:\/\/de-prime.com\/index.php\/wp-json\/wp\/v2\/product"}],"about":[{"href":"https:\/\/de-prime.com\/index.php\/wp-json\/wp\/v2\/types\/product"}],"replies":[{"embeddable":true,"href":"https:\/\/de-prime.com\/index.php\/wp-json\/wp\/v2\/comments?post=56242"}],"wp:featuredmedia":[{"embeddable":true,"href":"https:\/\/de-prime.com\/index.php\/wp-json\/"}],"wp:attachment":[{"href":"https:\/\/de-prime.com\/index.php\/wp-json\/wp\/v2\/media?parent=56242"}],"wp:term":[{"taxonomy":"product_brand","embeddable":true,"href":"https:\/\/de-prime.com\/index.php\/wp-json\/wp\/v2\/product_brand?post=56242"},{"taxonomy":"product_cat","embeddable":true,"href":"https:\/\/de-prime.com\/index.php\/wp-json\/wp\/v2\/product_cat?post=56242"},{"taxonomy":"product_tag","embeddable":true,"href":"https:\/\/de-prime.com\/index.php\/wp-json\/wp\/v2\/product_tag?post=56242"}],"curies":[{"name":"wp","href":"https:\/\/api.w.org\/{rel}","templated":true}]}}