{"id":56185,"date":"2024-10-01T16:14:41","date_gmt":"2024-10-01T16:14:41","guid":{"rendered":"https:\/\/de-prime.com\/?p=56185"},"modified":"2024-10-01T16:40:37","modified_gmt":"2024-10-01T16:40:37","slug":"gummistiefel-schwarz-groesse-38-pvc-2","status":"publish","type":"product","link":"https:\/\/de-prime.com\/index.php\/product\/gummistiefel-schwarz-groesse-38-pvc-2\/","title":{"rendered":"Gummistiefel Schwarz Gr\u00f6\u00dfe 38 PVC"},"content":{"rendered":"<p>Die Gummistiefel bieten eine ideale Passform und optimalen Komfort. Sie eignen sich ideal f\u00fcr regnerische Bedingungen und halten deine F\u00fc\u00dfe trocken. Wasserdicht und langlebig: Die Regenstiefel bestehen aus PVC, das wasserdicht ist. Sie sch\u00fctzen deine F\u00fc\u00dfe vor Schmutz und halten sie trocken. Aufgrund ihrer Haltbarkeit lassen sie sich auch f\u00fcr ganzt\u00e4gige Spazierg\u00e4nge oder zum Spielen verwenden.Rutschfest: Die Gummistiefel sind mit Strukturmustern an den Sohlen versehen, was f\u00fcr mehr Stabilit\u00e4t sorgt und die Rutschgefahr verringert.Vielseitig einsetzbar: Die robuste Sohle bietet h\u00f6chste Flexibilit\u00e4t auf verschiedenen Gel\u00e4ndern. Egal, ob du dein Auto gerade w\u00e4schst, dich am Strand entspannst oder durch den Garten spazierst, diese Stiefel sind der Aufgabe gewachsen. Gut zu wissen:Die Stiefel sind nicht zum Arbeiten oder f\u00fcr die Verwendung auf scharfen Oberfl\u00e4chen geeignet.<\/p>\n<ul>\n<li>Farbe: Schwarz<\/li>\n<li>Material: PVC<\/li>\n<li>H\u00f6he der Stiefel: 28 cm<\/li>\n<li>Gr\u00f6\u00dfe: 38<\/li>\n<\/ul>\n","protected":false},"excerpt":{"rendered":"<ul>\n<li>Farbe: Schwarz<\/li>\n<li>Material: PVC<\/li>\n<li>H\u00f6he der Stiefel: 28 cm<\/li>\n<li>Gr\u00f6\u00dfe: 38<\/li>\n<\/ul>\n","protected":false},"featured_media":10000056185,"comment_status":"closed","ping_status":"closed","template":"","meta":[],"product_brand":[],"product_cat":[6838,6837,6836,6980],"product_tag":[],"class_list":{"0":"post-56185","1":"product","2":"type-product","3":"status-publish","4":"has-post-thumbnail","6":"product_cat-angelsport","7":"product_cat-outdoor-aktivitaeten","8":"product_cat-sportartikel","9":"product_cat-wathosen-fuer-angler-jaeger","11":"first","12":"instock","13":"taxable","14":"shipping-taxable","15":"purchasable","16":"product-type-simple","17":"add-to-wishlist-after_add_to_cart"},"jetpack_sharing_enabled":true,"_links":{"self":[{"href":"https:\/\/de-prime.com\/index.php\/wp-json\/wp\/v2\/product\/56185","targetHints":{"allow":["GET"]}}],"collection":[{"href":"https:\/\/de-prime.com\/index.php\/wp-json\/wp\/v2\/product"}],"about":[{"href":"https:\/\/de-prime.com\/index.php\/wp-json\/wp\/v2\/types\/product"}],"replies":[{"embeddable":true,"href":"https:\/\/de-prime.com\/index.php\/wp-json\/wp\/v2\/comments?post=56185"}],"wp:featuredmedia":[{"embeddable":true,"href":"https:\/\/de-prime.com\/index.php\/wp-json\/"}],"wp:attachment":[{"href":"https:\/\/de-prime.com\/index.php\/wp-json\/wp\/v2\/media?parent=56185"}],"wp:term":[{"taxonomy":"product_brand","embeddable":true,"href":"https:\/\/de-prime.com\/index.php\/wp-json\/wp\/v2\/product_brand?post=56185"},{"taxonomy":"product_cat","embeddable":true,"href":"https:\/\/de-prime.com\/index.php\/wp-json\/wp\/v2\/product_cat?post=56185"},{"taxonomy":"product_tag","embeddable":true,"href":"https:\/\/de-prime.com\/index.php\/wp-json\/wp\/v2\/product_tag?post=56185"}],"curies":[{"name":"wp","href":"https:\/\/api.w.org\/{rel}","templated":true}]}}