{"id":56154,"date":"2024-10-01T16:14:39","date_gmt":"2024-10-01T16:14:39","guid":{"rendered":"https:\/\/de-prime.com\/?p=56154"},"modified":"2024-10-01T16:42:20","modified_gmt":"2024-10-01T16:42:20","slug":"camping-handwaschstaender-mit-wasserbehaelter-mit-rollen-grau-2","status":"publish","type":"product","link":"https:\/\/de-prime.com\/index.php\/product\/camping-handwaschstaender-mit-wasserbehaelter-mit-rollen-grau-2\/","title":{"rendered":"Camping-Handwaschst\u00e4nder mit Wasserbeh\u00e4lter mit Rollen Grau"},"content":{"rendered":"<p>Mit seinem kompakten Design eignet sich dieser Camping-Handwaschst\u00e4nder mit Wasserbeh\u00e4lter und Rollen perfekt f\u00fcr Campingausfl\u00fcge, Wohnmobilreisen, Baustellen, Food-Events, Pop-Kioske, usw. Langlebiges Material: Aus Polyethylen hoher Dichte (HDPE) und Polypropylen (PP) hergestellt, sind der Handwaschst\u00e4nder und der Wassertank robust, witterungsbest\u00e4ndig und leicht zu reinigen.Fu\u00dfpumpe: Das Waschbecken ist mit einer Fu\u00dfpumpe ausgestattet, die beim Bet\u00e4tigen Wasser spendet.Wasserausl\u00e4sse: Mit mehreren Wasserausl\u00e4ssen ausgestattet, sorgt der tragbare Wasserbeh\u00e4lter f\u00fcr eine schnelle Wasserversorgung, um keine Zeit beim Warten zu verschwenden.Praktische Rollen: Das tragbare Waschbecken und der Wassertank sind mit Rollen ausgestattet und lassen sich daher einfach transportieren.Breite Anwendung: Der Wasserbeh\u00e4lter auf Rollen l\u00e4sst sich an Toiletten, Waschbecken und Sp\u00fclen von Wohnwagen oder Reisemobilen anschlie\u00dfen.<\/p>\n<ul>\n<li>Farbe: Grau<\/li>\n<li><strong><strong>Camping-Waschbecken:<\/strong><\/strong><\/li>\n<li>Material: HDPE (Polyethylen hoher Dichte), PP (Polypropylen)<\/li>\n<li>Abmessungen: 72 x 42 x 103 cm (L x B x H)<\/li>\n<li>Fassungsverm\u00f6gen des Frischwassertanks: 30 L<\/li>\n<li>Fassungsverm\u00f6gen des Seifenspenders: 5 L<\/li>\n<li>Mit einem Seifenhalter<\/li>\n<li>Mit Fu\u00dfpumpe<\/li>\n<li>Eingebaute Rollen<\/li>\n<li><strong>Wassertank:<\/strong><\/li>\n<li>Material: HDPE (hochdichtes Polyethylen)<\/li>\n<li>Abmessungen: 106 x 37 x 29 cm (L x B x H)<\/li>\n<li>Fassungsverm\u00f6gen: 75 L<\/li>\n<li>Mit F\u00fcllstandsanzeige, Ablassventil und drehbarem Auslaufstutzen<\/li>\n<li>Zusammenbau erforderlich: Ja<\/li>\n<li><strong>Lieferung umfasst:<\/strong><\/li>\n<li>1 x Camping-Handwaschbecken<\/li>\n<li>1 x Wassertank<\/li>\n<\/ul>\n","protected":false},"excerpt":{"rendered":"<ul>\n<li>Farbe: Grau<\/li>\n<li><strong><strong>Camping-Waschbecken:<\/strong><\/strong><\/li>\n<li>Material: HDPE (Polyethylen hoher Dichte), PP (Polypropylen)<\/li>\n<li>Abmessungen: 72 x 42 x 103 cm (L x B x H)<\/li>\n<li>Fassungsverm\u00f6gen des Frischwassertanks: 30 L<\/li>\n<li>Fassungsverm\u00f6gen des Seifenspenders: 5 L<\/li>\n<li>Mit einem Seifenhalter<\/li>\n<li>Mit Fu\u00dfpumpe<\/li>\n<li>Eingebaute Rollen<\/li>\n<li><strong>Wassertank:<\/strong><\/li>\n<li>Material: HDPE (hochdichtes Polyethylen)<\/li>\n<li>Abmessungen: 106 x 37 x 29 cm (L x B x H)<\/li>\n<li>Fassungsverm\u00f6gen: 75 L<\/li>\n<li>Mit F\u00fcllstandsanzeige, Ablassventil und drehbarem Auslaufstutzen<\/li>\n<li>Zusammenbau erforderlich: Ja<\/li>\n<li><strong>Lieferung umfasst:<\/strong><\/li>\n<li>1 x Camping-Handwaschbecken<\/li>\n<li>1 x Wassertank<\/li>\n<\/ul>\n","protected":false},"featured_media":10000056154,"comment_status":"closed","ping_status":"closed","template":"","meta":[],"product_brand":[],"product_cat":[6859,6837,6836,6974],"product_tag":[],"class_list":{"0":"post-56154","1":"product","2":"type-product","3":"status-publish","4":"has-post-thumbnail","6":"product_cat-camping-wandern","7":"product_cat-outdoor-aktivitaeten","8":"product_cat-sportartikel","9":"product_cat-tragbare-wasserfilter-wasserreiniger","11":"first","12":"instock","13":"taxable","14":"shipping-taxable","15":"purchasable","16":"product-type-simple","17":"add-to-wishlist-after_add_to_cart"},"jetpack_sharing_enabled":true,"_links":{"self":[{"href":"https:\/\/de-prime.com\/index.php\/wp-json\/wp\/v2\/product\/56154","targetHints":{"allow":["GET"]}}],"collection":[{"href":"https:\/\/de-prime.com\/index.php\/wp-json\/wp\/v2\/product"}],"about":[{"href":"https:\/\/de-prime.com\/index.php\/wp-json\/wp\/v2\/types\/product"}],"replies":[{"embeddable":true,"href":"https:\/\/de-prime.com\/index.php\/wp-json\/wp\/v2\/comments?post=56154"}],"wp:featuredmedia":[{"embeddable":true,"href":"https:\/\/de-prime.com\/index.php\/wp-json\/"}],"wp:attachment":[{"href":"https:\/\/de-prime.com\/index.php\/wp-json\/wp\/v2\/media?parent=56154"}],"wp:term":[{"taxonomy":"product_brand","embeddable":true,"href":"https:\/\/de-prime.com\/index.php\/wp-json\/wp\/v2\/product_brand?post=56154"},{"taxonomy":"product_cat","embeddable":true,"href":"https:\/\/de-prime.com\/index.php\/wp-json\/wp\/v2\/product_cat?post=56154"},{"taxonomy":"product_tag","embeddable":true,"href":"https:\/\/de-prime.com\/index.php\/wp-json\/wp\/v2\/product_tag?post=56154"}],"curies":[{"name":"wp","href":"https:\/\/api.w.org\/{rel}","templated":true}]}}