{"id":56151,"date":"2024-10-01T16:14:39","date_gmt":"2024-10-01T16:14:39","guid":{"rendered":"https:\/\/de-prime.com\/?p=56151"},"modified":"2024-10-01T16:37:14","modified_gmt":"2024-10-01T16:37:14","slug":"get-go-tischtennisbaelle-60-stk-abs-weiss","status":"publish","type":"product","link":"https:\/\/de-prime.com\/index.php\/product\/get-go-tischtennisbaelle-60-stk-abs-weiss\/","title":{"rendered":"Get &#038; Go Tischtennisb\u00e4lle 60 Stk. ABS Wei\u00df"},"content":{"rendered":"<p>Mit diesem Beh\u00e4lter mit 60 nahtlosen ABS-Tischtennisb\u00e4llen von Get &amp; Go werden Sie definitiv gen\u00fcgend B\u00e4lle f\u00fcr ein gutes Training haben! Diese Tischtennisb\u00e4lle haben einen Durchmesser von 40 mm. Sie sind ideal auf dem Campingplatz, in der Schule oder im Freizeitcenter. Sie werden sich nie wieder Sorgen \u00fcber fehlende Tischtennisb\u00e4lle machen m\u00fcssen!<\/p>\n<ul>\n<li>Farbe: Wei\u00df<\/li>\n<li>Material: ABS-Kunststoff<\/li>\n<li>Beh\u00e4lter-Abmessungen: 13,20 x 17,20 x 24,30 cm<\/li>\n<li>Durchmesser: 40 mm<\/li>\n<li>Nahtlose Tischtennisb\u00e4lle<\/li>\n<li>Im Lieferumfang enthalten: 1 x Beh\u00e4lter mit 60 B\u00e4llen<\/li>\n<\/ul>\n","protected":false},"excerpt":{"rendered":"<ul>\n<li>Farbe: Wei\u00df<\/li>\n<li>Material: ABS-Kunststoff<\/li>\n<li>Beh\u00e4lter-Abmessungen: 13,20 x 17,20 x 24,30 cm<\/li>\n<li>Durchmesser: 40 mm<\/li>\n<li>Nahtlose Tischtennisb\u00e4lle<\/li>\n<li>Im Lieferumfang enthalten: 1 x Beh\u00e4lter mit 60 B\u00e4llen<\/li>\n<\/ul>\n","protected":false},"featured_media":10000056151,"comment_status":"closed","ping_status":"closed","template":"","meta":[],"product_brand":[],"product_cat":[6870,6836,6969,6971],"product_tag":[],"class_list":{"0":"post-56151","1":"product","2":"type-product","3":"status-publish","4":"has-post-thumbnail","6":"product_cat-indoor-aktivitaeten","7":"product_cat-sportartikel","8":"product_cat-tischtennis","9":"product_cat-tischtennisbaelle","11":"first","12":"outofstock","13":"taxable","14":"shipping-taxable","15":"purchasable","16":"product-type-simple","17":"add-to-wishlist-after_add_to_cart"},"jetpack_sharing_enabled":true,"_links":{"self":[{"href":"https:\/\/de-prime.com\/index.php\/wp-json\/wp\/v2\/product\/56151","targetHints":{"allow":["GET"]}}],"collection":[{"href":"https:\/\/de-prime.com\/index.php\/wp-json\/wp\/v2\/product"}],"about":[{"href":"https:\/\/de-prime.com\/index.php\/wp-json\/wp\/v2\/types\/product"}],"replies":[{"embeddable":true,"href":"https:\/\/de-prime.com\/index.php\/wp-json\/wp\/v2\/comments?post=56151"}],"wp:featuredmedia":[{"embeddable":true,"href":"https:\/\/de-prime.com\/index.php\/wp-json\/"}],"wp:attachment":[{"href":"https:\/\/de-prime.com\/index.php\/wp-json\/wp\/v2\/media?parent=56151"}],"wp:term":[{"taxonomy":"product_brand","embeddable":true,"href":"https:\/\/de-prime.com\/index.php\/wp-json\/wp\/v2\/product_brand?post=56151"},{"taxonomy":"product_cat","embeddable":true,"href":"https:\/\/de-prime.com\/index.php\/wp-json\/wp\/v2\/product_cat?post=56151"},{"taxonomy":"product_tag","embeddable":true,"href":"https:\/\/de-prime.com\/index.php\/wp-json\/wp\/v2\/product_tag?post=56151"}],"curies":[{"name":"wp","href":"https:\/\/api.w.org\/{rel}","templated":true}]}}