{"id":56134,"date":"2024-10-01T16:14:37","date_gmt":"2024-10-01T16:14:37","guid":{"rendered":"https:\/\/de-prime.com\/?p=56134"},"modified":"2024-10-01T16:37:35","modified_gmt":"2024-10-01T16:37:35","slug":"kickertisch-stahl-60-kg-140-x-745-x-875-cm-braun","status":"publish","type":"product","link":"https:\/\/de-prime.com\/index.php\/product\/kickertisch-stahl-60-kg-140-x-745-x-875-cm-braun\/","title":{"rendered":"Kickertisch Stahl 60 kg 140 x 74,5 x 87,5 cm Braun"},"content":{"rendered":"<p>Veranstalte ein professionelles Kickerturnier bequem und in aller Ruhe bei dir zu Hause. Der Kickertisch eignet sich f\u00fcr Einzel- oder Gruppenspiele. Der Tisch ist aus MDF gefertigt und verf\u00fcgt \u00fcber stabile Beine. Der Kicker sorgt f\u00fcr unvergesslichen Spa\u00df und bietet ein hervorragendes Preis-Leistungs-Verh\u00e4ltnis. Die Spielfl\u00e4chengr\u00f6\u00dfe entspricht dem offiziellen Turnier-Standard und bietet ein realistisches Spielerlebnis. Der Kickertisch ist mit leicht-verschiebbaren Spielerstangen und rutschfesten Griffe f\u00fcr einfaches und komfortables Spielen ausgestattet. Die Beine sind f\u00fcr mehr Flexibilit\u00e4t h\u00f6henverstellbar. Ein komplettes Tischfu\u00dfballspiel mit 2 Toren, 2 Fu\u00dfb\u00e4llen, 2 Spielstand-Anzeigetafeln, 8 Spielerstangen und 22 Spielern. Der Zusammenbau ist kinderleicht.<\/p>\n<ul>\n<li>Farbe: Braun<\/li>\n<li>Materialien: MDF + Stahl<\/li>\n<li>Abmessungen: 140 x 74,5 x 87,5 cm (L x B x H)<\/li>\n<li>Spielfeld-Gr\u00f6\u00dfe: 118 x 68 cm (L x B)<\/li>\n<li>Torgr\u00f6\u00dfe: 20 x 8 cm (L x B)<\/li>\n<li>Ballgr\u00f6\u00dfe: 36 mm<\/li>\n<li>Gewicht (ungef\u00e4hr): 60 kg<\/li>\n<li>Abstand zwischen den Spielern und dem Spielfeld: 12 mm<\/li>\n<li>Geeignet f\u00fcr Eins-gegen-Eins oder Gruppenspiele<\/li>\n<li>15,8 mm verchromte Stahl-Hohlst\u00e4be mit Kugellagern<\/li>\n<li>Verchromter Kantenschutz<\/li>\n<li>Anti-Rutsch-Griffe<\/li>\n<li>H\u00f6henverstellbare, verchromte F\u00fc\u00dfe<\/li>\n<li>Einfacher Zusammenbau<\/li>\n<li>Kleiner Ball: Erstickungsgefahr!<\/li>\n<li>F\u00fcr Kinder ab 6 Jahren geeignet<\/li>\n<li><strong>Lieferung beinhaltet:<\/strong><\/li>\n<li>1 x Kickertisch<\/li>\n<li>2 x Tor<\/li>\n<li>1 x Fu\u00dfball<\/li>\n<li>2 x Spielstand-Trefferz\u00e4hler<\/li>\n<li>8 x Spieler-Stab<\/li>\n<li>22 x Fu\u00dfballspieler<\/li>\n<li>WARNHINWEIS: Nicht f\u00fcr Kinder unter 36 Monaten geeignet.<\/li>\n<\/ul>\n","protected":false},"excerpt":{"rendered":"<ul>\n<li>Farbe: Braun<\/li>\n<li>Materialien: MDF + Stahl<\/li>\n<li>Abmessungen: 140 x 74,5 x 87,5 cm (L x B x H)<\/li>\n<li>Spielfeld-Gr\u00f6\u00dfe: 118 x 68 cm (L x B)<\/li>\n<li>Torgr\u00f6\u00dfe: 20 x 8 cm (L x B)<\/li>\n<li>Ballgr\u00f6\u00dfe: 36 mm<\/li>\n<li>Gewicht (ungef\u00e4hr): 60 kg<\/li>\n<li>Abstand zwischen den Spielern und dem Spielfeld: 12 mm<\/li>\n<li>Geeignet f\u00fcr Eins-gegen-Eins oder Gruppenspiele<\/li>\n<li>15,8 mm verchromte Stahl-Hohlst\u00e4be mit Kugellagern<\/li>\n<li>Verchromter Kantenschutz<\/li>\n<li>Anti-Rutsch-Griffe<\/li>\n<li>H\u00f6henverstellbare, verchromte F\u00fc\u00dfe<\/li>\n<li>Einfacher Zusammenbau<\/li>\n<li>Kleiner Ball: Erstickungsgefahr!<\/li>\n<li>F\u00fcr Kinder ab 6 Jahren geeignet<\/li>\n<li><strong>Lieferung beinhaltet:<\/strong><\/li>\n<li>1 x Kickertisch<\/li>\n<li>2 x Tor<\/li>\n<li>1 x Fu\u00dfball<\/li>\n<li>2 x Spielstand-Trefferz\u00e4hler<\/li>\n<li>8 x Spieler-Stab<\/li>\n<li>22 x Fu\u00dfballspieler<\/li>\n<li>WARNHINWEIS: Nicht f\u00fcr Kinder unter 36 Monaten geeignet.<\/li>\n<\/ul>\n","protected":false},"featured_media":10000056134,"comment_status":"closed","ping_status":"closed","template":"","meta":[],"product_brand":[],"product_cat":[6870,6836,6966,6967],"product_tag":[],"class_list":{"0":"post-56134","1":"product","2":"type-product","3":"status-publish","4":"has-post-thumbnail","6":"product_cat-indoor-aktivitaeten","7":"product_cat-sportartikel","8":"product_cat-tischfussball","9":"product_cat-tischfussball-tische","11":"first","12":"instock","13":"taxable","14":"shipping-taxable","15":"purchasable","16":"product-type-simple","17":"add-to-wishlist-after_add_to_cart"},"jetpack_sharing_enabled":true,"_links":{"self":[{"href":"https:\/\/de-prime.com\/index.php\/wp-json\/wp\/v2\/product\/56134","targetHints":{"allow":["GET"]}}],"collection":[{"href":"https:\/\/de-prime.com\/index.php\/wp-json\/wp\/v2\/product"}],"about":[{"href":"https:\/\/de-prime.com\/index.php\/wp-json\/wp\/v2\/types\/product"}],"replies":[{"embeddable":true,"href":"https:\/\/de-prime.com\/index.php\/wp-json\/wp\/v2\/comments?post=56134"}],"wp:featuredmedia":[{"embeddable":true,"href":"https:\/\/de-prime.com\/index.php\/wp-json\/"}],"wp:attachment":[{"href":"https:\/\/de-prime.com\/index.php\/wp-json\/wp\/v2\/media?parent=56134"}],"wp:term":[{"taxonomy":"product_brand","embeddable":true,"href":"https:\/\/de-prime.com\/index.php\/wp-json\/wp\/v2\/product_brand?post=56134"},{"taxonomy":"product_cat","embeddable":true,"href":"https:\/\/de-prime.com\/index.php\/wp-json\/wp\/v2\/product_cat?post=56134"},{"taxonomy":"product_tag","embeddable":true,"href":"https:\/\/de-prime.com\/index.php\/wp-json\/wp\/v2\/product_tag?post=56134"}],"curies":[{"name":"wp","href":"https:\/\/api.w.org\/{rel}","templated":true}]}}