{"id":56128,"date":"2024-10-01T16:14:37","date_gmt":"2024-10-01T16:14:37","guid":{"rendered":"https:\/\/de-prime.com\/?p=56128"},"modified":"2024-10-01T16:42:14","modified_gmt":"2024-10-01T16:42:14","slug":"tennisnetz-schwarz-und-rot-400x100x87-cm-polyester","status":"publish","type":"product","link":"https:\/\/de-prime.com\/index.php\/product\/tennisnetz-schwarz-und-rot-400x100x87-cm-polyester\/","title":{"rendered":"Tennisnetz Schwarz und Rot 400x100x87 cm Polyester"},"content":{"rendered":"<p>Mit diesem Tennisnetz kannst du einen gro\u00dfen Treffer landen und mehr Spa\u00df genie\u00dfen, wenn du eine Gartenparty veranstaltest. Strapazierf\u00e4higes Material: Das Sportnetz ist aus Polyester gefertigt. Polyester ist ein synthetisches Material, das f\u00fcr seinen hohen UV-Schutz und seine Rei\u00dffestigkeit bekannt ist. Polyester ist wasserfest, was es zur perfekten Wahl f\u00fcr feuchte oder regnerische Umgebungen macht. Es l\u00e4sst sich auch einfach reinigen.Robuste Struktur: Die Tennisausr\u00fcstung ist mit einem Stahlrahmen versehen. Stahl ist ein au\u00dfergew\u00f6hnlich hartes und starkes Material. Er bietet Robustheit und Stabilit\u00e4t. Zur hohen Stabilit\u00e4t tragen auch die Standf\u00fc\u00dfe bei.Breite Anwendungen: Das Tennis-\u00dcbungsnetz kann im Hinterhof, in einem Park, im Garten und auf jedem Feld verwendet werden. Es eignet sich ideal f\u00fcr Anf\u00e4nger, kann aber auch erfahrenen Spielern bei ihrem Training helfen.Einfacher Transport: Das Pickleball-Netz l\u00e4sst sich in der Tragetasche zum einfachen Transport und platzsparender Lagerung verpacken, um deine Trainingsanforderungen jederzeit zu erf\u00fcllen. Gut zu wissen:Um die Montage so einfach wie m\u00f6glich zu machen, wird jedes Produkt mit einer Anleitung geliefert.<\/p>\n<ul>\n<li>Farbe: Schwarz und Rot<\/li>\n<li>Material: Stoff (100 % Polyester), Stahl, Oxford-Gewebe<\/li>\n<li>Gesamtabmessungen: 400 x 100 x 87 cm (L x B x H)<\/li>\n<li>Gewicht: 3,3 kg<\/li>\n<li><strong>Lieferung umfasst:<\/strong><\/li>\n<li>1 x Tennisnetz<\/li>\n<li>1 x Tragetasche<\/li>\n<\/ul>\n","protected":false},"excerpt":{"rendered":"<ul>\n<li>Farbe: Schwarz und Rot<\/li>\n<li>Material: Stoff (100 % Polyester), Stahl, Oxford-Gewebe<\/li>\n<li>Gesamtabmessungen: 400 x 100 x 87 cm (L x B x H)<\/li>\n<li>Gewicht: 3,3 kg<\/li>\n<li><strong>Lieferung umfasst:<\/strong><\/li>\n<li>1 x Tennisnetz<\/li>\n<li>1 x Tragetasche<\/li>\n<\/ul>\n","protected":false},"featured_media":10000056128,"comment_status":"closed","ping_status":"closed","template":"","meta":[],"product_brand":[],"product_cat":[6848,6836,6965,6411],"product_tag":[],"class_list":{"0":"post-56128","1":"product","2":"type-product","3":"status-publish","4":"has-post-thumbnail","6":"product_cat-athletik","7":"product_cat-sportartikel","8":"product_cat-tennis","9":"product_cat-tennisnetze","11":"first","12":"instock","13":"taxable","14":"shipping-taxable","15":"purchasable","16":"product-type-simple","17":"add-to-wishlist-after_add_to_cart"},"jetpack_sharing_enabled":true,"_links":{"self":[{"href":"https:\/\/de-prime.com\/index.php\/wp-json\/wp\/v2\/product\/56128","targetHints":{"allow":["GET"]}}],"collection":[{"href":"https:\/\/de-prime.com\/index.php\/wp-json\/wp\/v2\/product"}],"about":[{"href":"https:\/\/de-prime.com\/index.php\/wp-json\/wp\/v2\/types\/product"}],"replies":[{"embeddable":true,"href":"https:\/\/de-prime.com\/index.php\/wp-json\/wp\/v2\/comments?post=56128"}],"wp:featuredmedia":[{"embeddable":true,"href":"https:\/\/de-prime.com\/index.php\/wp-json\/"}],"wp:attachment":[{"href":"https:\/\/de-prime.com\/index.php\/wp-json\/wp\/v2\/media?parent=56128"}],"wp:term":[{"taxonomy":"product_brand","embeddable":true,"href":"https:\/\/de-prime.com\/index.php\/wp-json\/wp\/v2\/product_brand?post=56128"},{"taxonomy":"product_cat","embeddable":true,"href":"https:\/\/de-prime.com\/index.php\/wp-json\/wp\/v2\/product_cat?post=56128"},{"taxonomy":"product_tag","embeddable":true,"href":"https:\/\/de-prime.com\/index.php\/wp-json\/wp\/v2\/product_tag?post=56128"}],"curies":[{"name":"wp","href":"https:\/\/api.w.org\/{rel}","templated":true}]}}