{"id":56101,"date":"2024-10-01T16:14:35","date_gmt":"2024-10-01T16:14:35","guid":{"rendered":"https:\/\/de-prime.com\/?p=56101"},"modified":"2024-10-01T16:40:34","modified_gmt":"2024-10-01T16:40:34","slug":"xq-max-padelschlaeger-hurricane-blau-und-schwarz","status":"publish","type":"product","link":"https:\/\/de-prime.com\/index.php\/product\/xq-max-padelschlaeger-hurricane-blau-und-schwarz\/","title":{"rendered":"XQ Max Padelschl\u00e4ger Hurricane Blau und Schwarz"},"content":{"rendered":"<p>M\u00f6chtest du ein freundliches Spiel zu zweit in der Halle genie\u00dfen? Dann ist dieser Padelschl\u00e4ger eine ausgezeichnete Wahl f\u00fcr dich! Hol dir den Hurricane Padelschl\u00e4ger von XQ Max und genie\u00dfe Padel-Tennis mit deinen Freunden! Padelschl\u00e4ger in Tropfenform: Dieser tropfenf\u00f6rmige Padelschl\u00e4ger eignet sich perfekt, um deine Ballkontrollf\u00e4higkeiten und Technik zu verbessern. Der Rahmen besteht aus haltbarem Fiberglas. Schwarzer Kern aus EVA-Schaumstoff: Dank des Kerns aus EVA-Schaumstoff l\u00e4sst sich der Schl\u00e4ger bequem schwingen. Zudem bietet er h\u00f6chsten Komfort und hervorragende Schlagkraft. Spielen, trainieren und Spa\u00df haben: Genie\u00dfe ein Padel-Spiel mit Freunden! Das Spielen mit diesem Padelschl\u00e4ger bereitet viel Spa\u00df und hilft dir auch dabei, dein Fitnessniveau zu erhalten und an der Spitze deines Spiels zu bleiben.<\/p>\n<ul>\n<li>Farbe: Blau und Schwarz<\/li>\n<li>Material: Fiberglas und EVA-Schaumstoff<\/li>\n<li>Abmessungen: 47 x 26,5 x 4 cm (L x B x H)<\/li>\n<li>Padelschl\u00e4ger in Tropfenform<\/li>\n<li>Schwarzer Kern aus EVA-Schaumstoff<\/li>\n<li>Rahmen aus Fiberglas<\/li>\n<li>3 x Fiberglas-Beschichtung an der Vorderseite<\/li>\n<li>Glattes, mattes Finish<\/li>\n<li>Gewicht: 360 g<\/li>\n<li>Mit 1,75-mm-Griff aus PU<\/li>\n<\/ul>\n","protected":false},"excerpt":{"rendered":"<ul>\n<li>Farbe: Blau und Schwarz<\/li>\n<li>Material: Fiberglas und EVA-Schaumstoff<\/li>\n<li>Abmessungen: 47 x 26,5 x 4 cm (L x B x H)<\/li>\n<li>Padelschl\u00e4ger in Tropfenform<\/li>\n<li>Schwarzer Kern aus EVA-Schaumstoff<\/li>\n<li>Rahmen aus Fiberglas<\/li>\n<li>3 x Fiberglas-Beschichtung an der Vorderseite<\/li>\n<li>Glattes, mattes Finish<\/li>\n<li>Gewicht: 360 g<\/li>\n<li>Mit 1,75-mm-Griff aus PU<\/li>\n<\/ul>\n","protected":false},"featured_media":10000056101,"comment_status":"closed","ping_status":"closed","template":"","meta":[],"product_brand":[],"product_cat":[6848,6836,6965,6410],"product_tag":[],"class_list":{"0":"post-56101","1":"product","2":"type-product","3":"status-publish","4":"has-post-thumbnail","6":"product_cat-athletik","7":"product_cat-sportartikel","8":"product_cat-tennis","9":"product_cat-tennis-und-padelschlaeger","11":"first","12":"outofstock","13":"taxable","14":"shipping-taxable","15":"purchasable","16":"product-type-simple","17":"add-to-wishlist-after_add_to_cart"},"jetpack_sharing_enabled":true,"_links":{"self":[{"href":"https:\/\/de-prime.com\/index.php\/wp-json\/wp\/v2\/product\/56101","targetHints":{"allow":["GET"]}}],"collection":[{"href":"https:\/\/de-prime.com\/index.php\/wp-json\/wp\/v2\/product"}],"about":[{"href":"https:\/\/de-prime.com\/index.php\/wp-json\/wp\/v2\/types\/product"}],"replies":[{"embeddable":true,"href":"https:\/\/de-prime.com\/index.php\/wp-json\/wp\/v2\/comments?post=56101"}],"wp:featuredmedia":[{"embeddable":true,"href":"https:\/\/de-prime.com\/index.php\/wp-json\/"}],"wp:attachment":[{"href":"https:\/\/de-prime.com\/index.php\/wp-json\/wp\/v2\/media?parent=56101"}],"wp:term":[{"taxonomy":"product_brand","embeddable":true,"href":"https:\/\/de-prime.com\/index.php\/wp-json\/wp\/v2\/product_brand?post=56101"},{"taxonomy":"product_cat","embeddable":true,"href":"https:\/\/de-prime.com\/index.php\/wp-json\/wp\/v2\/product_cat?post=56101"},{"taxonomy":"product_tag","embeddable":true,"href":"https:\/\/de-prime.com\/index.php\/wp-json\/wp\/v2\/product_tag?post=56101"}],"curies":[{"name":"wp","href":"https:\/\/api.w.org\/{rel}","templated":true}]}}