{"id":56090,"date":"2024-10-01T16:14:34","date_gmt":"2024-10-01T16:14:34","guid":{"rendered":"https:\/\/de-prime.com\/?p=56090"},"modified":"2024-10-01T16:40:43","modified_gmt":"2024-10-01T16:40:43","slug":"angelrutentasche-gruen-tarnfarben-150-cm-oxford-gewebe","status":"publish","type":"product","link":"https:\/\/de-prime.com\/index.php\/product\/angelrutentasche-gruen-tarnfarben-150-cm-oxford-gewebe\/","title":{"rendered":"Angelrutentasche Gr\u00fcn Tarnfarben 150 cm Oxford-Gewebe"},"content":{"rendered":"<p>Bewahre deine Angelruten, Rollen und weiteres Zubeh\u00f6r in dieser Angelrutentasche auf. Langlebiges Material: Die Angelrutentasche besteht aus 600D Oxford mit PVC-Beschichtung, wodurch sie leicht und langlebig ist.Einfacher Transport: Der verstellbare Schultergurt l\u00e4sst sich leicht an eine bequeme Position anpassen, w\u00e4hrend der praktische Tragegriff f\u00fcr einen einfachen Transport sorgt.Viel Stauraum: Die Angelrutentasche verf\u00fcgt \u00fcber viele Taschen und zwei F\u00e4cher, um deine Sachen \u00fcbersichtlich aufzubewahren und sie auch leicht zu finden.<\/p>\n<ul>\n<li>Farbe: Gr\u00fcne Tarnfarbe<\/li>\n<li>Material: 600D Oxford-Gewebe mit PVC-Beschichtung<\/li>\n<li>Abmessungen: 150 x 25 x 16 cm (L x B x H)<\/li>\n<\/ul>\n","protected":false},"excerpt":{"rendered":"<ul>\n<li>Farbe: Gr\u00fcne Tarnfarbe<\/li>\n<li>Material: 600D Oxford-Gewebe mit PVC-Beschichtung<\/li>\n<li>Abmessungen: 150 x 25 x 16 cm (L x B x H)<\/li>\n<\/ul>\n","protected":false},"featured_media":10000056090,"comment_status":"closed","ping_status":"closed","template":"","meta":[],"product_brand":[],"product_cat":[6840,6838,6837,6836,6964],"product_tag":[],"class_list":{"0":"post-56090","1":"product","2":"type-product","3":"status-publish","4":"has-post-thumbnail","6":"product_cat-angelruten-zubehoer","7":"product_cat-angelsport","8":"product_cat-outdoor-aktivitaeten","9":"product_cat-sportartikel","10":"product_cat-taschen-behaelter-fuer-angelruten","12":"first","13":"instock","14":"taxable","15":"shipping-taxable","16":"purchasable","17":"product-type-simple","18":"add-to-wishlist-after_add_to_cart"},"jetpack_sharing_enabled":true,"_links":{"self":[{"href":"https:\/\/de-prime.com\/index.php\/wp-json\/wp\/v2\/product\/56090","targetHints":{"allow":["GET"]}}],"collection":[{"href":"https:\/\/de-prime.com\/index.php\/wp-json\/wp\/v2\/product"}],"about":[{"href":"https:\/\/de-prime.com\/index.php\/wp-json\/wp\/v2\/types\/product"}],"replies":[{"embeddable":true,"href":"https:\/\/de-prime.com\/index.php\/wp-json\/wp\/v2\/comments?post=56090"}],"wp:featuredmedia":[{"embeddable":true,"href":"https:\/\/de-prime.com\/index.php\/wp-json\/"}],"wp:attachment":[{"href":"https:\/\/de-prime.com\/index.php\/wp-json\/wp\/v2\/media?parent=56090"}],"wp:term":[{"taxonomy":"product_brand","embeddable":true,"href":"https:\/\/de-prime.com\/index.php\/wp-json\/wp\/v2\/product_brand?post=56090"},{"taxonomy":"product_cat","embeddable":true,"href":"https:\/\/de-prime.com\/index.php\/wp-json\/wp\/v2\/product_cat?post=56090"},{"taxonomy":"product_tag","embeddable":true,"href":"https:\/\/de-prime.com\/index.php\/wp-json\/wp\/v2\/product_tag?post=56090"}],"curies":[{"name":"wp","href":"https:\/\/api.w.org\/{rel}","templated":true}]}}