{"id":56085,"date":"2024-10-01T16:14:34","date_gmt":"2024-10-01T16:14:34","guid":{"rendered":"https:\/\/de-prime.com\/?p=56085"},"modified":"2024-10-01T16:42:35","modified_gmt":"2024-10-01T16:42:35","slug":"western-sattel-halfter-brustblatt-echtleder-16-schwarz","status":"publish","type":"product","link":"https:\/\/de-prime.com\/index.php\/product\/western-sattel-halfter-brustblatt-echtleder-16-schwarz\/","title":{"rendered":"Western-Sattel, Halfter &#038; Brustblatt Echtleder 16&#8243; Schwarz"},"content":{"rendered":"<p>Dieser Western-Sattel wird mit passendem Halfter und Brustblatt geliefert. Das hochwertige Echtleder und Kunstleder mit Blumenpr\u00e4gung machen den Sattel sowohl dekorativ als auch funktionell. Der Western-Sattel ist an allen Druckstellen verst\u00e4rkt, um die Haltbarkeit zu erh\u00f6hen. Die Lederb\u00fcgel sind robust und strapazierf\u00e4hig, ebenso wie der Kn\u00fcppel und der Sattelgurt. Dieser Western-Sattel ist sehr komfortabel, so dass sowohl Pferd als auch Reiter lange Stunden auf dem Pfad verbringen k\u00f6nnen.<\/p>\n<ul>\n<li>Farbe: Schwarz <\/li>\n<li>Material: Echtleder + Kunstleder + Nylon<\/li>\n<li>Sitz-Abmessung: 16&#8243; (40,6 cm)<\/li>\n<li>Billet-L\u00e4nge: 32&#8243; &#8211; 53&#8243; (81,3 &#8211; 134,6 cm)<\/li>\n<li>Sattelgurt-L\u00e4nge: 30&#8243; (76,2 cm)<\/li>\n<li>Kopfeisen-Abmessung: 7,5&#8243; (19,1 cm)<\/li>\n<li>Geeignet f\u00fcr Erwachsene<\/li>\n<li><strong>Lieferung beinhaltet:<\/strong><\/li>\n<li>1 x Sattel<\/li>\n<li>1 x Halfter<\/li>\n<li>1 x Brustblatt-Geschirr<\/li>\n<li>Material: Leder: 100%<\/li>\n<\/ul>\n","protected":false},"excerpt":{"rendered":"<ul>\n<li>Farbe: Schwarz <\/li>\n<li>Material: Echtleder + Kunstleder + Nylon<\/li>\n<li>Sitz-Abmessung: 16&#8243; (40,6 cm)<\/li>\n<li>Billet-L\u00e4nge: 32&#8243; &#8211; 53&#8243; (81,3 &#8211; 134,6 cm)<\/li>\n<li>Sattelgurt-L\u00e4nge: 30&#8243; (76,2 cm)<\/li>\n<li>Kopfeisen-Abmessung: 7,5&#8243; (19,1 cm)<\/li>\n<li>Geeignet f\u00fcr Erwachsene<\/li>\n<li><strong>Lieferung beinhaltet:<\/strong><\/li>\n<li>1 x Sattel<\/li>\n<li>1 x Halfter<\/li>\n<li>1 x Brustblatt-Geschirr<\/li>\n<li>Material: Leder: 100%<\/li>\n<\/ul>\n","protected":false},"featured_media":10000056085,"comment_status":"closed","ping_status":"closed","template":"","meta":[],"product_brand":[],"product_cat":[6837,6896,6963,6897,6836],"product_tag":[],"class_list":{"0":"post-56085","1":"product","2":"type-product","3":"status-publish","4":"has-post-thumbnail","6":"product_cat-outdoor-aktivitaeten","7":"product_cat-reitsport-zubehoer","8":"product_cat-saettel","9":"product_cat-sattel-zaumzeug","10":"product_cat-sportartikel","12":"first","13":"instock","14":"taxable","15":"shipping-taxable","16":"purchasable","17":"product-type-simple","18":"add-to-wishlist-after_add_to_cart"},"jetpack_sharing_enabled":true,"_links":{"self":[{"href":"https:\/\/de-prime.com\/index.php\/wp-json\/wp\/v2\/product\/56085","targetHints":{"allow":["GET"]}}],"collection":[{"href":"https:\/\/de-prime.com\/index.php\/wp-json\/wp\/v2\/product"}],"about":[{"href":"https:\/\/de-prime.com\/index.php\/wp-json\/wp\/v2\/types\/product"}],"replies":[{"embeddable":true,"href":"https:\/\/de-prime.com\/index.php\/wp-json\/wp\/v2\/comments?post=56085"}],"wp:featuredmedia":[{"embeddable":true,"href":"https:\/\/de-prime.com\/index.php\/wp-json\/"}],"wp:attachment":[{"href":"https:\/\/de-prime.com\/index.php\/wp-json\/wp\/v2\/media?parent=56085"}],"wp:term":[{"taxonomy":"product_brand","embeddable":true,"href":"https:\/\/de-prime.com\/index.php\/wp-json\/wp\/v2\/product_brand?post=56085"},{"taxonomy":"product_cat","embeddable":true,"href":"https:\/\/de-prime.com\/index.php\/wp-json\/wp\/v2\/product_cat?post=56085"},{"taxonomy":"product_tag","embeddable":true,"href":"https:\/\/de-prime.com\/index.php\/wp-json\/wp\/v2\/product_tag?post=56085"}],"curies":[{"name":"wp","href":"https:\/\/api.w.org\/{rel}","templated":true}]}}