{"id":56076,"date":"2024-10-01T16:14:33","date_gmt":"2024-10-01T16:14:33","guid":{"rendered":"https:\/\/de-prime.com\/?p=56076"},"modified":"2024-10-01T16:42:30","modified_gmt":"2024-10-01T16:42:30","slug":"pferdereiten-sattelset-175-echtes-leder-braun-12-cm","status":"publish","type":"product","link":"https:\/\/de-prime.com\/index.php\/product\/pferdereiten-sattelset-175-echtes-leder-braun-12-cm\/","title":{"rendered":"Pferdereiten Sattelset 17,5&#8243; echtes Leder braun 12 cm"},"content":{"rendered":"<p>Das Sattelset mit einem Sattel, einer Satteldecke, zwei Steigb\u00fcgel, einem Steigb\u00fcgelhalter und eienm Gurt ist darum konzipiert, Sie in der richtigen Position zu versetzen und stellt beim Reitern Ihre Sicherheit und Gleichgewicht sicher. Der gute Sattel aus hochwertigem echtem Leder (100 %) ist eine Vereinigung von Kunst und Zweckm\u00e4\u00dfigkeit. Der Sattel ist an allen Druckpunkten f\u00fcr zus\u00e4tzliche Haltbarkeit verst\u00e4rkt. Die Satteldecke ist f\u00fcr Komfort der Pferde gut gepolstert und kann f\u00fcr einfache Reinigung abgenimmt werden. Die Steigb\u00fcgel aus Mental sind solid genug f\u00fcr langj\u00e4hrige Nutzung. Beide Steigb\u00fcgelhalter und der Gurt sind haltbar, um Ihre Sicherheit beim Reitern sicherzustellen. Der leichte Sitz ist sehr gem\u00fctlich, wenn Sie f\u00fcr einige Stunde auf dem Weg sind. Au\u00dferdem ist er ziemlich einfach zu satteln.<\/p>\n<ul>\n<li>Farbe: braun<\/li>\n<li>Gro\u00dfe: 17,5\u201d<\/li>\n<li>Gurtl\u00e4nge: 125 cm<\/li>\n<li>Kammerweite: 4,7\u201d (12 cm)<\/li>\n<li>Satteldeckematerial: Polyester<\/li>\n<li>Set 5 in 1: Sattel, Satteldecke, Steigb\u00fcgel, Steigb\u00fcgelhalter, Gurt<\/li>\n<li>Material: Leder: 100%<\/li>\n<\/ul>\n","protected":false},"excerpt":{"rendered":"<ul>\n<li>Farbe: braun<\/li>\n<li>Gro\u00dfe: 17,5\u201d<\/li>\n<li>Gurtl\u00e4nge: 125 cm<\/li>\n<li>Kammerweite: 4,7\u201d (12 cm)<\/li>\n<li>Satteldeckematerial: Polyester<\/li>\n<li>Set 5 in 1: Sattel, Satteldecke, Steigb\u00fcgel, Steigb\u00fcgelhalter, Gurt<\/li>\n<li>Material: Leder: 100%<\/li>\n<\/ul>\n","protected":false},"featured_media":10000056076,"comment_status":"closed","ping_status":"closed","template":"","meta":[],"product_brand":[],"product_cat":[6837,6896,6963,6897,6836],"product_tag":[],"class_list":{"0":"post-56076","1":"product","2":"type-product","3":"status-publish","4":"has-post-thumbnail","6":"product_cat-outdoor-aktivitaeten","7":"product_cat-reitsport-zubehoer","8":"product_cat-saettel","9":"product_cat-sattel-zaumzeug","10":"product_cat-sportartikel","12":"first","13":"instock","14":"taxable","15":"shipping-taxable","16":"purchasable","17":"product-type-simple","18":"add-to-wishlist-after_add_to_cart"},"jetpack_sharing_enabled":true,"_links":{"self":[{"href":"https:\/\/de-prime.com\/index.php\/wp-json\/wp\/v2\/product\/56076","targetHints":{"allow":["GET"]}}],"collection":[{"href":"https:\/\/de-prime.com\/index.php\/wp-json\/wp\/v2\/product"}],"about":[{"href":"https:\/\/de-prime.com\/index.php\/wp-json\/wp\/v2\/types\/product"}],"replies":[{"embeddable":true,"href":"https:\/\/de-prime.com\/index.php\/wp-json\/wp\/v2\/comments?post=56076"}],"wp:featuredmedia":[{"embeddable":true,"href":"https:\/\/de-prime.com\/index.php\/wp-json\/"}],"wp:attachment":[{"href":"https:\/\/de-prime.com\/index.php\/wp-json\/wp\/v2\/media?parent=56076"}],"wp:term":[{"taxonomy":"product_brand","embeddable":true,"href":"https:\/\/de-prime.com\/index.php\/wp-json\/wp\/v2\/product_brand?post=56076"},{"taxonomy":"product_cat","embeddable":true,"href":"https:\/\/de-prime.com\/index.php\/wp-json\/wp\/v2\/product_cat?post=56076"},{"taxonomy":"product_tag","embeddable":true,"href":"https:\/\/de-prime.com\/index.php\/wp-json\/wp\/v2\/product_tag?post=56076"}],"curies":[{"name":"wp","href":"https:\/\/api.w.org\/{rel}","templated":true}]}}