{"id":56062,"date":"2024-10-01T16:14:32","date_gmt":"2024-10-01T16:14:32","guid":{"rendered":"https:\/\/de-prime.com\/?p=56062"},"modified":"2024-10-01T16:42:34","modified_gmt":"2024-10-01T16:42:34","slug":"plueschtier-stegosaurus-stehend-pluesch-gruen-und-orange-xxl","status":"publish","type":"product","link":"https:\/\/de-prime.com\/index.php\/product\/plueschtier-stegosaurus-stehend-pluesch-gruen-und-orange-xxl\/","title":{"rendered":"Pl\u00fcschtier Stegosaurus Stehend Pl\u00fcsch Gr\u00fcn und Orange XXL"},"content":{"rendered":"<p>Mit diesem lebensechten Stegosaurus Pl\u00fcschtier macht das Spielen viel mehr Spa\u00df! Dieses sanfte Kuscheltier ist detailreich gestaltet. Es besteht aus hochwertigem Pl\u00fcsch, was es sehr weich und kuschelig macht. Das Spielzeug ist mit bis zu 100 kg belastbar, so dass es als Aufsitzspielzeug oder Stuhl verwendet werden kann. Das Dino-Kuscheltier wird ein toller Freund f\u00fcr Kinder sein!<\/p>\n<ul>\n<li>Farbe: Gr\u00fcn und Orange<\/li>\n<li>Material: Pl\u00fcsch + Stahlrahmen<\/li>\n<li>Gr\u00f6\u00dfe: 110 x 35 cm (L x H)<\/li>\n<li>Sitzh\u00f6he vom Boden: 35 cm<\/li>\n<li>Maximale Belastbarkeit: 100 kg<\/li>\n<li>Altersempfehlung: Geeignet f\u00fcr Kinder ab 36 Monaten<\/li>\n<li>Material: Polyester: 100%<\/li>\n<\/ul>\n","protected":false},"excerpt":{"rendered":"<ul>\n<li>Farbe: Gr\u00fcn und Orange<\/li>\n<li>Material: Pl\u00fcsch + Stahlrahmen<\/li>\n<li>Gr\u00f6\u00dfe: 110 x 35 cm (L x H)<\/li>\n<li>Sitzh\u00f6he vom Boden: 35 cm<\/li>\n<li>Maximale Belastbarkeit: 100 kg<\/li>\n<li>Altersempfehlung: Geeignet f\u00fcr Kinder ab 36 Monaten<\/li>\n<li>Material: Polyester: 100%<\/li>\n<\/ul>\n","protected":false},"featured_media":10000056062,"comment_status":"closed","ping_status":"closed","template":"","meta":[],"product_brand":[],"product_cat":[6354,6853,6852,6401],"product_tag":[],"class_list":{"0":"post-56062","1":"product","2":"type-product","3":"status-publish","4":"has-post-thumbnail","6":"product_cat-puppen-spielsets-spielzeugfiguren","7":"product_cat-spielzeuge","8":"product_cat-spielzeuge-spiele","9":"product_cat-stofftiere","11":"first","12":"instock","13":"taxable","14":"shipping-taxable","15":"purchasable","16":"product-type-simple","17":"add-to-wishlist-after_add_to_cart"},"jetpack_sharing_enabled":true,"_links":{"self":[{"href":"https:\/\/de-prime.com\/index.php\/wp-json\/wp\/v2\/product\/56062","targetHints":{"allow":["GET"]}}],"collection":[{"href":"https:\/\/de-prime.com\/index.php\/wp-json\/wp\/v2\/product"}],"about":[{"href":"https:\/\/de-prime.com\/index.php\/wp-json\/wp\/v2\/types\/product"}],"replies":[{"embeddable":true,"href":"https:\/\/de-prime.com\/index.php\/wp-json\/wp\/v2\/comments?post=56062"}],"wp:featuredmedia":[{"embeddable":true,"href":"https:\/\/de-prime.com\/index.php\/wp-json\/"}],"wp:attachment":[{"href":"https:\/\/de-prime.com\/index.php\/wp-json\/wp\/v2\/media?parent=56062"}],"wp:term":[{"taxonomy":"product_brand","embeddable":true,"href":"https:\/\/de-prime.com\/index.php\/wp-json\/wp\/v2\/product_brand?post=56062"},{"taxonomy":"product_cat","embeddable":true,"href":"https:\/\/de-prime.com\/index.php\/wp-json\/wp\/v2\/product_cat?post=56062"},{"taxonomy":"product_tag","embeddable":true,"href":"https:\/\/de-prime.com\/index.php\/wp-json\/wp\/v2\/product_tag?post=56062"}],"curies":[{"name":"wp","href":"https:\/\/api.w.org\/{rel}","templated":true}]}}