{"id":56042,"date":"2024-10-01T16:14:30","date_gmt":"2024-10-01T16:14:30","guid":{"rendered":"https:\/\/de-prime.com\/?p=56042"},"modified":"2024-10-01T16:42:23","modified_gmt":"2024-10-01T16:42:23","slug":"plueschtier-pferd-stehend-pluesch-schwarz","status":"publish","type":"product","link":"https:\/\/de-prime.com\/index.php\/product\/plueschtier-pferd-stehend-pluesch-schwarz\/","title":{"rendered":"Pl\u00fcschtier Pferd Stehend Pl\u00fcsch Schwarz"},"content":{"rendered":"<p>Mit diesem realistischen Pl\u00fcschpferd macht das Spielen viel mehr Spa\u00df! Dieses sanfte Pferd-Kuscheltier ist detailreich gestaltet. Es besteht aus hochwertigem Pl\u00fcsch, was es sehr weich und kuschelig macht. Das Pferd kann bis zu 100 kg tragen und die Sound-Funktion macht das Reiten noch realistischer und unterhaltsamer. Das Pferd-Kuscheltier wird ein toller Freund f\u00fcr Kinder sein! Bitte beachten: das Spielzeug l\u00e4uft mit 2 AA-Batterien (nicht im Lieferumfang enthalten)<\/p>\n<ul>\n<li>Farbe: Schwarz<\/li>\n<li>Material: Pl\u00fcsch<\/li>\n<li>Gr\u00f6\u00dfe: 64 x 60 cm (L x H)<\/li>\n<li>Sattelh\u00f6he vom Boden: 45 cm<\/li>\n<li>Maximale Belastbarkeit: 100 kg<\/li>\n<li>Mit Ton-Funktion<\/li>\n<li>Inklusive Sattel und Z\u00fcgel<\/li>\n<li>2 x AA-Batterie erforderlich (nicht im Lieferumfang enthalten)<\/li>\n<li>Altersempfehlung: Geeignet f\u00fcr Kinder ab 36 Monaten<\/li>\n<li>Material: Polyester: 100%<\/li>\n<\/ul>\n","protected":false},"excerpt":{"rendered":"<ul>\n<li>Farbe: Schwarz<\/li>\n<li>Material: Pl\u00fcsch<\/li>\n<li>Gr\u00f6\u00dfe: 64 x 60 cm (L x H)<\/li>\n<li>Sattelh\u00f6he vom Boden: 45 cm<\/li>\n<li>Maximale Belastbarkeit: 100 kg<\/li>\n<li>Mit Ton-Funktion<\/li>\n<li>Inklusive Sattel und Z\u00fcgel<\/li>\n<li>2 x AA-Batterie erforderlich (nicht im Lieferumfang enthalten)<\/li>\n<li>Altersempfehlung: Geeignet f\u00fcr Kinder ab 36 Monaten<\/li>\n<li>Material: Polyester: 100%<\/li>\n<\/ul>\n","protected":false},"featured_media":10000056042,"comment_status":"closed","ping_status":"closed","template":"","meta":[],"product_brand":[],"product_cat":[6354,6853,6852,6401],"product_tag":[],"class_list":{"0":"post-56042","1":"product","2":"type-product","3":"status-publish","4":"has-post-thumbnail","6":"product_cat-puppen-spielsets-spielzeugfiguren","7":"product_cat-spielzeuge","8":"product_cat-spielzeuge-spiele","9":"product_cat-stofftiere","11":"first","12":"instock","13":"taxable","14":"shipping-taxable","15":"purchasable","16":"product-type-simple","17":"add-to-wishlist-after_add_to_cart"},"jetpack_sharing_enabled":true,"_links":{"self":[{"href":"https:\/\/de-prime.com\/index.php\/wp-json\/wp\/v2\/product\/56042","targetHints":{"allow":["GET"]}}],"collection":[{"href":"https:\/\/de-prime.com\/index.php\/wp-json\/wp\/v2\/product"}],"about":[{"href":"https:\/\/de-prime.com\/index.php\/wp-json\/wp\/v2\/types\/product"}],"replies":[{"embeddable":true,"href":"https:\/\/de-prime.com\/index.php\/wp-json\/wp\/v2\/comments?post=56042"}],"wp:featuredmedia":[{"embeddable":true,"href":"https:\/\/de-prime.com\/index.php\/wp-json\/"}],"wp:attachment":[{"href":"https:\/\/de-prime.com\/index.php\/wp-json\/wp\/v2\/media?parent=56042"}],"wp:term":[{"taxonomy":"product_brand","embeddable":true,"href":"https:\/\/de-prime.com\/index.php\/wp-json\/wp\/v2\/product_brand?post=56042"},{"taxonomy":"product_cat","embeddable":true,"href":"https:\/\/de-prime.com\/index.php\/wp-json\/wp\/v2\/product_cat?post=56042"},{"taxonomy":"product_tag","embeddable":true,"href":"https:\/\/de-prime.com\/index.php\/wp-json\/wp\/v2\/product_tag?post=56042"}],"curies":[{"name":"wp","href":"https:\/\/api.w.org\/{rel}","templated":true}]}}