{"id":56040,"date":"2024-10-01T16:14:30","date_gmt":"2024-10-01T16:14:30","guid":{"rendered":"https:\/\/de-prime.com\/?p=56040"},"modified":"2024-10-01T16:42:22","modified_gmt":"2024-10-01T16:42:22","slug":"elefant-kuscheltier-pluesch-blau","status":"publish","type":"product","link":"https:\/\/de-prime.com\/index.php\/product\/elefant-kuscheltier-pluesch-blau\/","title":{"rendered":"Elefant Kuscheltier Pl\u00fcsch Blau"},"content":{"rendered":"<p>Spielen macht jetzt noch mehr Spa\u00df mit diesem realistisch gestalteten Kuschel-Elefant! Dieses weiche Kuschelspielzeug mit weicher Baumwollf\u00fcllung ist aus qualitativ hochwertigem Pl\u00fcsch gefertigt, sodass es sich angenehm anf\u00fchlt und zum Spielen bestens geeignet ist. Das Elefant-Kuscheltier wird ein toller Freund f\u00fcr Kinder sein!<\/p>\n<ul>\n<li>Farbe: Blau<\/li>\n<li>Material: 100 % Polyesterpl\u00fcsch + Baumwollf\u00fcllung<\/li>\n<li>Gr\u00f6\u00dfe: 55 x 50 x 50 cm (L x B x H)<\/li>\n<li>Gr\u00f6\u00dfentoleranz: +\/- 3 cm<\/li>\n<li>Sehr weich und kuschelig<\/li>\n<li>Gewicht: 1,65 kg<\/li>\n<li>Altersempfehlung: Geeignet f\u00fcr Kinder ab 36 Monaten<\/li>\n<\/ul>\n","protected":false},"excerpt":{"rendered":"<ul>\n<li>Farbe: Blau<\/li>\n<li>Material: 100 % Polyesterpl\u00fcsch + Baumwollf\u00fcllung<\/li>\n<li>Gr\u00f6\u00dfe: 55 x 50 x 50 cm (L x B x H)<\/li>\n<li>Gr\u00f6\u00dfentoleranz: +\/- 3 cm<\/li>\n<li>Sehr weich und kuschelig<\/li>\n<li>Gewicht: 1,65 kg<\/li>\n<li>Altersempfehlung: Geeignet f\u00fcr Kinder ab 36 Monaten<\/li>\n<\/ul>\n","protected":false},"featured_media":10000056040,"comment_status":"closed","ping_status":"closed","template":"","meta":[],"product_brand":[],"product_cat":[6354,6853,6852,6401],"product_tag":[],"class_list":{"0":"post-56040","1":"product","2":"type-product","3":"status-publish","4":"has-post-thumbnail","6":"product_cat-puppen-spielsets-spielzeugfiguren","7":"product_cat-spielzeuge","8":"product_cat-spielzeuge-spiele","9":"product_cat-stofftiere","11":"first","12":"instock","13":"taxable","14":"shipping-taxable","15":"purchasable","16":"product-type-simple","17":"add-to-wishlist-after_add_to_cart"},"jetpack_sharing_enabled":true,"_links":{"self":[{"href":"https:\/\/de-prime.com\/index.php\/wp-json\/wp\/v2\/product\/56040","targetHints":{"allow":["GET"]}}],"collection":[{"href":"https:\/\/de-prime.com\/index.php\/wp-json\/wp\/v2\/product"}],"about":[{"href":"https:\/\/de-prime.com\/index.php\/wp-json\/wp\/v2\/types\/product"}],"replies":[{"embeddable":true,"href":"https:\/\/de-prime.com\/index.php\/wp-json\/wp\/v2\/comments?post=56040"}],"wp:featuredmedia":[{"embeddable":true,"href":"https:\/\/de-prime.com\/index.php\/wp-json\/"}],"wp:attachment":[{"href":"https:\/\/de-prime.com\/index.php\/wp-json\/wp\/v2\/media?parent=56040"}],"wp:term":[{"taxonomy":"product_brand","embeddable":true,"href":"https:\/\/de-prime.com\/index.php\/wp-json\/wp\/v2\/product_brand?post=56040"},{"taxonomy":"product_cat","embeddable":true,"href":"https:\/\/de-prime.com\/index.php\/wp-json\/wp\/v2\/product_cat?post=56040"},{"taxonomy":"product_tag","embeddable":true,"href":"https:\/\/de-prime.com\/index.php\/wp-json\/wp\/v2\/product_tag?post=56040"}],"curies":[{"name":"wp","href":"https:\/\/api.w.org\/{rel}","templated":true}]}}