{"id":56035,"date":"2024-10-01T16:14:30","date_gmt":"2024-10-01T16:14:30","guid":{"rendered":"https:\/\/de-prime.com\/?p=56035"},"modified":"2024-10-01T16:42:20","modified_gmt":"2024-10-01T16:42:20","slug":"tiger-plueschtier-weiss-xxl","status":"publish","type":"product","link":"https:\/\/de-prime.com\/index.php\/product\/tiger-plueschtier-weiss-xxl\/","title":{"rendered":"Tiger Pl\u00fcschtier Wei\u00df XXL"},"content":{"rendered":"<p>Bringen Sie ein St\u00fcck Wildnis ins Kinderzimmer mit diesem weichen XXL-Pl\u00fcschtiger, der lebensechte Details und beeindruckendes Aussehen aufweist! Dieses Tiger-Kuscheltier kann sowohl ein Knuddel-Freund als auch eine sch\u00f6ne Dekoration sein. Dieses Pl\u00fcschtier weist \u00e4u\u00dferst detaillechte Merkmale auf, von der Schwanzspitze bis zu den Pfoten, w\u00e4hrend der Pl\u00fcschkopf eine wirklichkeitsgetreue Form aufweist. Der hochwertige Pl\u00fcsch garantiert extra-weiches und angenehmes Kuscheln. Dank Detailtreue und ausgezeichneter Qualit\u00e4t wird dieses Pl\u00fcschspielzeug einen exotischen Hauch jeder Umgebung verleihen.<\/p>\n<ul>\n<li>Farbe: Wei\u00df mit Tigerstreifen<\/li>\n<li>Material: Textilgewebe<\/li>\n<li>Gesamtma\u00dfe: 146 x 40 cm (L x H)<\/li>\n<li>K\u00f6rpergr\u00f6\u00dfe: 80 cm<\/li>\n<li>Schwanzl\u00e4nge: 66 cm<\/li>\n<li>H\u00f6he (bis zur Kopfspitze): 40 cm<\/li>\n<li>Gr\u00f6\u00dfentoleranz +\/- 2 cm<\/li>\n<li>Altersempfehlung: Geeignet f\u00fcr Kinder ab 36 Monaten<\/li>\n<li>Material: Polyester: 100%<\/li>\n<\/ul>\n","protected":false},"excerpt":{"rendered":"<ul>\n<li>Farbe: Wei\u00df mit Tigerstreifen<\/li>\n<li>Material: Textilgewebe<\/li>\n<li>Gesamtma\u00dfe: 146 x 40 cm (L x H)<\/li>\n<li>K\u00f6rpergr\u00f6\u00dfe: 80 cm<\/li>\n<li>Schwanzl\u00e4nge: 66 cm<\/li>\n<li>H\u00f6he (bis zur Kopfspitze): 40 cm<\/li>\n<li>Gr\u00f6\u00dfentoleranz +\/- 2 cm<\/li>\n<li>Altersempfehlung: Geeignet f\u00fcr Kinder ab 36 Monaten<\/li>\n<li>Material: Polyester: 100%<\/li>\n<\/ul>\n","protected":false},"featured_media":10000056035,"comment_status":"closed","ping_status":"closed","template":"","meta":[],"product_brand":[],"product_cat":[6354,6853,6852,6401],"product_tag":[],"class_list":{"0":"post-56035","1":"product","2":"type-product","3":"status-publish","4":"has-post-thumbnail","6":"product_cat-puppen-spielsets-spielzeugfiguren","7":"product_cat-spielzeuge","8":"product_cat-spielzeuge-spiele","9":"product_cat-stofftiere","11":"first","12":"instock","13":"taxable","14":"shipping-taxable","15":"purchasable","16":"product-type-simple","17":"add-to-wishlist-after_add_to_cart"},"jetpack_sharing_enabled":true,"_links":{"self":[{"href":"https:\/\/de-prime.com\/index.php\/wp-json\/wp\/v2\/product\/56035","targetHints":{"allow":["GET"]}}],"collection":[{"href":"https:\/\/de-prime.com\/index.php\/wp-json\/wp\/v2\/product"}],"about":[{"href":"https:\/\/de-prime.com\/index.php\/wp-json\/wp\/v2\/types\/product"}],"replies":[{"embeddable":true,"href":"https:\/\/de-prime.com\/index.php\/wp-json\/wp\/v2\/comments?post=56035"}],"wp:featuredmedia":[{"embeddable":true,"href":"https:\/\/de-prime.com\/index.php\/wp-json\/"}],"wp:attachment":[{"href":"https:\/\/de-prime.com\/index.php\/wp-json\/wp\/v2\/media?parent=56035"}],"wp:term":[{"taxonomy":"product_brand","embeddable":true,"href":"https:\/\/de-prime.com\/index.php\/wp-json\/wp\/v2\/product_brand?post=56035"},{"taxonomy":"product_cat","embeddable":true,"href":"https:\/\/de-prime.com\/index.php\/wp-json\/wp\/v2\/product_cat?post=56035"},{"taxonomy":"product_tag","embeddable":true,"href":"https:\/\/de-prime.com\/index.php\/wp-json\/wp\/v2\/product_tag?post=56035"}],"curies":[{"name":"wp","href":"https:\/\/api.w.org\/{rel}","templated":true}]}}