{"id":56028,"date":"2024-10-01T16:14:29","date_gmt":"2024-10-01T16:14:29","guid":{"rendered":"https:\/\/de-prime.com\/?p=56028"},"modified":"2024-10-01T16:42:22","modified_gmt":"2024-10-01T16:42:22","slug":"kinder-armbrust-und-bogenset-mit-zielscheibe","status":"publish","type":"product","link":"https:\/\/de-prime.com\/index.php\/product\/kinder-armbrust-und-bogenset-mit-zielscheibe\/","title":{"rendered":"Kinder-Armbrust und Bogenset mit Zielscheibe"},"content":{"rendered":"<p>Dieses Bogenset f\u00fcr Kinder eignet sich f\u00fcr Anf\u00e4nger im Bogenschie\u00dfen. Es kann auch die Aufmerksamkeit von Kindern verbessern und die Auge-Hand-Koordination f\u00f6rdern. Der Armbrust schie\u00dft, w\u00e4hrend die Sehne gezogen wird und der Pfeil in der Ballistik platziert wird, was bedeutet, dass Anf\u00e4nger das Schie\u00dferlebnis genie\u00dfen k\u00f6nnen. \u00dcber der Zielscheibe befindet sich ein kleines Loch, das mit einem Riegel im Innen- oder Au\u00dfenbereich aufgeh\u00e4ngt werden kann. Die Streckvorrichtung kann Kinderh\u00e4nde perfekt sch\u00fctzen und ist f\u00fcr Kinder bequem zu bedienen. Dank der leichten Konstruktion ist dieses Kinderarmbrust-Set leicht zu handhaben. Au\u00dferdem kann der Pfeilhalter auch unter der Armbrust angebracht werden, was f\u00fcr das Nachf\u00fcllen der Pfeile ideal is. Es ist ein attraktives Zielspiel f\u00fcr deine Kleinen.<\/p>\n<ul>\n<li>Farbe: Mehrfarbig<\/li>\n<li>Material: ABS, PP, PE<\/li>\n<li>Abmessungen der Armbrust: 35 x 35 x 19 cm (L x B x H)<\/li>\n<li>Pfeil-L\u00e4nge: 6 cm<\/li>\n<li>Durchmesser der Zielscheibe: 24 cm<\/li>\n<li><strong>Achtung:<\/strong> Nicht geeignet f\u00fcr Kinder unter 6 Jahren<\/li>\n<li><strong>Achtung:<\/strong> Kleinteile. Erstickungsgefahr!<\/li>\n<li><strong>Achtung:<\/strong> Nicht auf Augen oder Gesicht zielen!<\/li>\n<li><strong>Achtung:<\/strong> Schie\u00dfe kein anderes Objekt als das mit diesem Spielzeug gelieferte Projektil ab.<\/li>\n<li><strong>Lieferung umfasst<\/strong>:<\/li>\n<li>1 x Armbrust<\/li>\n<li>5 x Dart mit Saugnapfspitze<\/li>\n<li>1 x Zielscheibe<\/li>\n<li>1 x Darthalter <\/li>\n<li>2 x Schn\u00fcre<\/li>\n<\/ul>\n","protected":false},"excerpt":{"rendered":"<ul>\n<li>Farbe: Mehrfarbig<\/li>\n<li>Material: ABS, PP, PE<\/li>\n<li>Abmessungen der Armbrust: 35 x 35 x 19 cm (L x B x H)<\/li>\n<li>Pfeil-L\u00e4nge: 6 cm<\/li>\n<li>Durchmesser der Zielscheibe: 24 cm<\/li>\n<li><strong>Achtung:<\/strong> Nicht geeignet f\u00fcr Kinder unter 6 Jahren<\/li>\n<li><strong>Achtung:<\/strong> Kleinteile. Erstickungsgefahr!<\/li>\n<li><strong>Achtung:<\/strong> Nicht auf Augen oder Gesicht zielen!<\/li>\n<li><strong>Achtung:<\/strong> Schie\u00dfe kein anderes Objekt als das mit diesem Spielzeug gelieferte Projektil ab.<\/li>\n<li><strong>Lieferung umfasst<\/strong>:<\/li>\n<li>1 x Armbrust<\/li>\n<li>5 x Dart mit Saugnapfspitze<\/li>\n<li>1 x Zielscheibe<\/li>\n<li>1 x Darthalter <\/li>\n<li>2 x Schn\u00fcre<\/li>\n<\/ul>\n","protected":false},"featured_media":10000056028,"comment_status":"closed","ping_status":"closed","template":"","meta":[],"product_brand":[],"product_cat":[6853,6852,4105],"product_tag":[],"class_list":{"0":"post-56028","1":"product","2":"type-product","3":"status-publish","4":"has-post-thumbnail","6":"product_cat-spielzeuge","7":"product_cat-spielzeuge-spiele","8":"product_cat-sportspielzeuge","10":"first","11":"instock","12":"taxable","13":"shipping-taxable","14":"purchasable","15":"product-type-simple","16":"add-to-wishlist-after_add_to_cart"},"jetpack_sharing_enabled":true,"_links":{"self":[{"href":"https:\/\/de-prime.com\/index.php\/wp-json\/wp\/v2\/product\/56028","targetHints":{"allow":["GET"]}}],"collection":[{"href":"https:\/\/de-prime.com\/index.php\/wp-json\/wp\/v2\/product"}],"about":[{"href":"https:\/\/de-prime.com\/index.php\/wp-json\/wp\/v2\/types\/product"}],"replies":[{"embeddable":true,"href":"https:\/\/de-prime.com\/index.php\/wp-json\/wp\/v2\/comments?post=56028"}],"wp:featuredmedia":[{"embeddable":true,"href":"https:\/\/de-prime.com\/index.php\/wp-json\/"}],"wp:attachment":[{"href":"https:\/\/de-prime.com\/index.php\/wp-json\/wp\/v2\/media?parent=56028"}],"wp:term":[{"taxonomy":"product_brand","embeddable":true,"href":"https:\/\/de-prime.com\/index.php\/wp-json\/wp\/v2\/product_brand?post=56028"},{"taxonomy":"product_cat","embeddable":true,"href":"https:\/\/de-prime.com\/index.php\/wp-json\/wp\/v2\/product_cat?post=56028"},{"taxonomy":"product_tag","embeddable":true,"href":"https:\/\/de-prime.com\/index.php\/wp-json\/wp\/v2\/product_tag?post=56028"}],"curies":[{"name":"wp","href":"https:\/\/api.w.org\/{rel}","templated":true}]}}