{"id":56026,"date":"2024-10-01T16:14:29","date_gmt":"2024-10-01T16:14:29","guid":{"rendered":"https:\/\/de-prime.com\/?p=56026"},"modified":"2024-10-01T16:42:21","modified_gmt":"2024-10-01T16:42:21","slug":"bogenschiessen-set-fuer-kinder-2","status":"publish","type":"product","link":"https:\/\/de-prime.com\/index.php\/product\/bogenschiessen-set-fuer-kinder-2\/","title":{"rendered":"Bogenschie\u00dfen-Set f\u00fcr Kinder"},"content":{"rendered":"<p>Ermutige dein Kind mit diesem tollen Bogen-Set, aktiv zu bleiben! Es hilft, die Konzentration zu verbessern und die Hand-Augen-Koordination zu f\u00f6rdern. Dieses Pfeil- und Bogen-Set besteht aus ABS, PP und PE, die eine robuste Konstruktion f\u00fcr eine lang anhaltende Leistung bieten. Der Bogen verf\u00fcgt \u00fcber einen komfortablen Griff f\u00fcr Kinder zum besseren Spielen w\u00e4hrend des Lernens. Au\u00dferdem hat der Pfeil eine Saugnapf-Spitze, um W\u00e4nde zu sch\u00fctzen und die Sicherheit der Kinder beim Spielen zu erh\u00f6hen. Das Kinderbogenset ist leicht, so dass die Kinder es jederzeit und \u00fcberall mitnehmen k\u00f6nnen. Es eignet sich sowohl f\u00fcr das Einzelspiel als auch f\u00fcr das Spiel mit Freunden, bei dem die Kinder ihre F\u00e4higkeiten und Treffsicherheit gegenseitig herausfordern k\u00f6nnen.<\/p>\n<ul>\n<li>Farbe: Mehrfarbig<\/li>\n<li>Material: ABS, PP, PE<\/li>\n<li>Bogen-L\u00e4nge: 68 cm<\/li>\n<li>Pfeil-L\u00e4nge: 41 cm<\/li>\n<li><strong>Achtung:<\/strong> Nicht geeignet f\u00fcr Kinder unter 6 Jahren<\/li>\n<li><strong>Achtung:<\/strong> Kleinteile. Erstickungsgefahr!<\/li>\n<li><strong>Achtung:<\/strong> Nicht auf Augen oder Gesicht zielen!<\/li>\n<li><strong>Achtung:<\/strong> Schie\u00dfe kein anderes Objekt als das mit diesem Spielzeug gelieferte Projektil ab.<\/li>\n<li><strong>Lieferung umfasst<\/strong>:<\/li>\n<li>1 x Bogen<\/li>\n<li>3 x Pfeil mit Saugnapf-Spitze<\/li>\n<li>1 x Pfeilk\u00f6cher<\/li>\n<\/ul>\n","protected":false},"excerpt":{"rendered":"<ul>\n<li>Farbe: Mehrfarbig<\/li>\n<li>Material: ABS, PP, PE<\/li>\n<li>Bogen-L\u00e4nge: 68 cm<\/li>\n<li>Pfeil-L\u00e4nge: 41 cm<\/li>\n<li><strong>Achtung:<\/strong> Nicht geeignet f\u00fcr Kinder unter 6 Jahren<\/li>\n<li><strong>Achtung:<\/strong> Kleinteile. Erstickungsgefahr!<\/li>\n<li><strong>Achtung:<\/strong> Nicht auf Augen oder Gesicht zielen!<\/li>\n<li><strong>Achtung:<\/strong> Schie\u00dfe kein anderes Objekt als das mit diesem Spielzeug gelieferte Projektil ab.<\/li>\n<li><strong>Lieferung umfasst<\/strong>:<\/li>\n<li>1 x Bogen<\/li>\n<li>3 x Pfeil mit Saugnapf-Spitze<\/li>\n<li>1 x Pfeilk\u00f6cher<\/li>\n<\/ul>\n","protected":false},"featured_media":10000056026,"comment_status":"closed","ping_status":"closed","template":"","meta":[],"product_brand":[],"product_cat":[6853,6852,4105],"product_tag":[],"class_list":{"0":"post-56026","1":"product","2":"type-product","3":"status-publish","4":"has-post-thumbnail","6":"product_cat-spielzeuge","7":"product_cat-spielzeuge-spiele","8":"product_cat-sportspielzeuge","10":"first","11":"instock","12":"taxable","13":"shipping-taxable","14":"purchasable","15":"product-type-simple","16":"add-to-wishlist-after_add_to_cart"},"jetpack_sharing_enabled":true,"_links":{"self":[{"href":"https:\/\/de-prime.com\/index.php\/wp-json\/wp\/v2\/product\/56026","targetHints":{"allow":["GET"]}}],"collection":[{"href":"https:\/\/de-prime.com\/index.php\/wp-json\/wp\/v2\/product"}],"about":[{"href":"https:\/\/de-prime.com\/index.php\/wp-json\/wp\/v2\/types\/product"}],"replies":[{"embeddable":true,"href":"https:\/\/de-prime.com\/index.php\/wp-json\/wp\/v2\/comments?post=56026"}],"wp:featuredmedia":[{"embeddable":true,"href":"https:\/\/de-prime.com\/index.php\/wp-json\/"}],"wp:attachment":[{"href":"https:\/\/de-prime.com\/index.php\/wp-json\/wp\/v2\/media?parent=56026"}],"wp:term":[{"taxonomy":"product_brand","embeddable":true,"href":"https:\/\/de-prime.com\/index.php\/wp-json\/wp\/v2\/product_brand?post=56026"},{"taxonomy":"product_cat","embeddable":true,"href":"https:\/\/de-prime.com\/index.php\/wp-json\/wp\/v2\/product_cat?post=56026"},{"taxonomy":"product_tag","embeddable":true,"href":"https:\/\/de-prime.com\/index.php\/wp-json\/wp\/v2\/product_tag?post=56026"}],"curies":[{"name":"wp","href":"https:\/\/api.w.org\/{rel}","templated":true}]}}