{"id":56005,"date":"2024-10-01T16:14:28","date_gmt":"2024-10-01T16:14:28","guid":{"rendered":"https:\/\/de-prime.com\/?p=56005"},"modified":"2024-10-01T16:37:13","modified_gmt":"2024-10-01T16:37:13","slug":"sand-spieltische-2-stk-schwarz-massivholz-kiefer","status":"publish","type":"product","link":"https:\/\/de-prime.com\/index.php\/product\/sand-spieltische-2-stk-schwarz-massivholz-kiefer\/","title":{"rendered":"Sand-Spieltische 2 Stk. Schwarz Massivholz Kiefer"},"content":{"rendered":"<p>Biete deinem Kind einen nat\u00fcrlichen Platz zum Spielen und Erkunden der Welt im Freien mit diesen Sandtischen aus Holz. Massives Kiefernholz: Die Spieltische sind aus massivem Kiefernholz gefertigt, das f\u00fcr Robustheit und Stabilit\u00e4t sorgt. Massives Kiefernholz ist ein wundersch\u00f6nes Naturmaterial. Kiefernholz weist eine gerade Maserung auf und die Aststellen verleihen dem Material seine charakteristische, rustikale Optik.Ger\u00e4umige Spielfl\u00e4che: Die eingebauten Tischplatten bieten eine ger\u00e4umige Spielfl\u00e4che innerhalb der Reichweite der Kinder und verhindern Verschmutzungen und Unordnung.Einfache Lagerung: Der kleinere Tisch findet leicht Platz unter dem gr\u00f6\u00dferen Tisch, um eine platzsparende Lagerung zu erm\u00f6glichen. Aufgrund der geringen Stellfl\u00e4che eignen sich die Tische auch f\u00fcr kleinere G\u00e4rten oder Terrassen.Regt die Sinne der Kinder an: Diese Spieltische tragen zur Entwicklung des Tastsinns und der sozialen F\u00e4higkeiten deiner Kinder bei und f\u00f6rdern ihre Kreativit\u00e4t. Achtung:Nur f\u00fcr den Au\u00dfenbereich.Vor dem Zusammenbau von Kindern fernhalten.\u00c4nderungen, die der Verbraucher vornimmt, d\u00fcrfen nur gem\u00e4\u00df den Anweisungen des Herstellers durchgef\u00fchrt werden.<\/p>\n<ul>\n<li>Farbe: Schwarz<\/li>\n<li>Material: Massives Kiefernholz<\/li>\n<li>Abmessungen des gro\u00dfen Sandtisches: 70 x 70 x 70 cm (L x B x H)<\/li>\n<li>Abmessungen des kleinen Sandtisches: 50 x 50 x 50 cm (L x B x H)<\/li>\n<li>Maximale Tragf\u00e4higkeit (pro St\u00fcck): 45 kg<\/li>\n<li>Empfohlenes Alter: \u00fcber 24 Monate<\/li>\n<li>Zusammenbau erforderlich: Ja<\/li>\n<p><strong>Lieferung umfasst:<\/strong><\/p>\n<li>1 x Sand-Spieltisch (gro\u00df)<\/li>\n<li>1 x Sand-Spieltisch (klein)<\/li>\n<li>WARNHINWEIS: Nicht f\u00fcr Kinder unter 36 Monaten geeignet.<\/li>\n<li>WARNHINWEIS: Nur f\u00fcr den Hausgebrauch.<\/li>\n<li>WARNHINWEIS: Benutzung unter unmittelbarer Aufsicht von Erwachsenen.<\/li>\n<\/ul>\n","protected":false},"excerpt":{"rendered":"<ul>\n<li>Farbe: Schwarz<\/li>\n<li>Material: Massives Kiefernholz<\/li>\n<li>Abmessungen des gro\u00dfen Sandtisches: 70 x 70 x 70 cm (L x B x H)<\/li>\n<li>Abmessungen des kleinen Sandtisches: 50 x 50 x 50 cm (L x B x H)<\/li>\n<li>Maximale Tragf\u00e4higkeit (pro St\u00fcck): 45 kg<\/li>\n<li>Empfohlenes Alter: \u00fcber 24 Monate<\/li>\n<li>Zusammenbau erforderlich: Ja<\/li>\n<p><strong>Lieferung umfasst:<\/strong><\/p>\n<li>1 x Sand-Spieltisch (gro\u00df)<\/li>\n<li>1 x Sand-Spieltisch (klein)<\/li>\n<li>WARNHINWEIS: Nicht f\u00fcr Kinder unter 36 Monaten geeignet.<\/li>\n<li>WARNHINWEIS: Nur f\u00fcr den Hausgebrauch.<\/li>\n<li>WARNHINWEIS: Benutzung unter unmittelbarer Aufsicht von Erwachsenen.<\/li>\n<\/ul>\n","protected":false},"featured_media":10000056005,"comment_status":"closed","ping_status":"closed","template":"","meta":[],"product_brand":[],"product_cat":[5216,6852],"product_tag":[],"class_list":{"0":"post-56005","1":"product","2":"type-product","3":"status-publish","4":"has-post-thumbnail","6":"product_cat-spielzeug-fuer-draussen","7":"product_cat-spielzeuge-spiele","9":"first","10":"instock","11":"taxable","12":"shipping-taxable","13":"purchasable","14":"product-type-simple","15":"add-to-wishlist-after_add_to_cart"},"jetpack_sharing_enabled":true,"_links":{"self":[{"href":"https:\/\/de-prime.com\/index.php\/wp-json\/wp\/v2\/product\/56005","targetHints":{"allow":["GET"]}}],"collection":[{"href":"https:\/\/de-prime.com\/index.php\/wp-json\/wp\/v2\/product"}],"about":[{"href":"https:\/\/de-prime.com\/index.php\/wp-json\/wp\/v2\/types\/product"}],"replies":[{"embeddable":true,"href":"https:\/\/de-prime.com\/index.php\/wp-json\/wp\/v2\/comments?post=56005"}],"wp:featuredmedia":[{"embeddable":true,"href":"https:\/\/de-prime.com\/index.php\/wp-json\/"}],"wp:attachment":[{"href":"https:\/\/de-prime.com\/index.php\/wp-json\/wp\/v2\/media?parent=56005"}],"wp:term":[{"taxonomy":"product_brand","embeddable":true,"href":"https:\/\/de-prime.com\/index.php\/wp-json\/wp\/v2\/product_brand?post=56005"},{"taxonomy":"product_cat","embeddable":true,"href":"https:\/\/de-prime.com\/index.php\/wp-json\/wp\/v2\/product_cat?post=56005"},{"taxonomy":"product_tag","embeddable":true,"href":"https:\/\/de-prime.com\/index.php\/wp-json\/wp\/v2\/product_tag?post=56005"}],"curies":[{"name":"wp","href":"https:\/\/api.w.org\/{rel}","templated":true}]}}