{"id":55991,"date":"2024-10-01T16:14:27","date_gmt":"2024-10-01T16:14:27","guid":{"rendered":"https:\/\/de-prime.com\/?p=55991"},"modified":"2024-10-01T16:37:22","modified_gmt":"2024-10-01T16:37:22","slug":"e-scooter-fuer-kinder-mit-sitz-und-led-120-w-rot","status":"publish","type":"product","link":"https:\/\/de-prime.com\/index.php\/product\/e-scooter-fuer-kinder-mit-sitz-und-led-120-w-rot\/","title":{"rendered":"E-Scooter f\u00fcr Kinder mit Sitz und LED 120 W Rot"},"content":{"rendered":"<p>Dieser sensationelle E-Scooter mit LED ist f\u00fcr Kinder ab 6 Jahren geeignet. Die maximale Belastbarkeit betr\u00e4gt 50 kg. Der Kinderroller verf\u00fcgt \u00fcber einen leistungsstarken 120W Motor, wodurch er eine Geschwindigkeit von bis zu 12 km\/h erreicht. Mit einer 3-farbigen LED-Leiste versehen, ist der E-Roller nicht nur attraktiver, sondern auch besser sichtbar. Dieser Kinder-Scooter l\u00e4uft sanft und leise und verf\u00fcgt \u00fcber einen Elektromotor. Er ist mit einem leistungsstarken Akku versehen, der (je nach Ladung) bis zu 30 Minuten funktioniert. Der E-Roller verf\u00fcgt \u00fcber eine hintere Bremse. Aus Aluminium und Stahl gefertigt, ist er stabil und l\u00e4sst au\u00dferdem zusammenklappen. Der Lenker kann an die K\u00f6rpergr\u00f6\u00dfe der Kinder angepasst werden. Zudem genie\u00dft das Kind eine bequeme Sitzposition auf dem eingebauten Sattel. Dar\u00fcber hinaus erleichtert das ausgezeichnete klappbare Design die Lagerung und den Transport. Die Lieferung umfasst 1 x Roller, 1 x Ladeger\u00e4t, 1 x Sattelst\u00fctze und Sattel, 2 Akku, Montagematerial und Ersatzsicherungen.<\/p>\n<ul>\n<li>Farbe: Rot und Schwarz<\/li>\n<li>Abmessungen: 74 x 15 x 95 cm (L x B x H)<\/li>\n<li>Reifen: 14,5 cm<\/li>\n<li>Maximale Tragf\u00e4higkeit: 50 kg<\/li>\n<li>Motorleistung: 120 W<\/li>\n<li>Geschwindigkeit: 12 km\/h<\/li>\n<li>Mit einem Sitz<\/li>\n<li>Gasgriff am rechten Lenker<\/li>\n<li>Mit hinterer Bremse<\/li>\n<li>Bremse am linken Lenker<\/li>\n<li>Einstellbare Lenkerh\u00f6he<\/li>\n<li>Mit Klappdesign<\/li>\n<li>Mit 3-farbiger LED-Leiste<\/li>\n<li>2 x 12 V \/ 4,5 Ah Akku im Lieferumfang enthalten<\/li>\n<li>Achtung: Aufgrund seiner H\u00f6chstgeschwindigkeit ist dieses Spielzeug nicht f\u00fcr Kinder unter 6 Jahren geeignet.<\/li>\n<li>Achtung: Diesen E-Scooter nur auf privaten Wegen verwenden!<\/li>\n<li>WARNHINWEIS: Mit Schutzausr\u00fcstung zu benutzen. Nicht im Stra\u00dfenverkehr zu verwenden.<\/li>\n<\/ul>\n","protected":false},"excerpt":{"rendered":"<ul>\n<li>Farbe: Rot und Schwarz<\/li>\n<li>Abmessungen: 74 x 15 x 95 cm (L x B x H)<\/li>\n<li>Reifen: 14,5 cm<\/li>\n<li>Maximale Tragf\u00e4higkeit: 50 kg<\/li>\n<li>Motorleistung: 120 W<\/li>\n<li>Geschwindigkeit: 12 km\/h<\/li>\n<li>Mit einem Sitz<\/li>\n<li>Gasgriff am rechten Lenker<\/li>\n<li>Mit hinterer Bremse<\/li>\n<li>Bremse am linken Lenker<\/li>\n<li>Einstellbare Lenkerh\u00f6he<\/li>\n<li>Mit Klappdesign<\/li>\n<li>Mit 3-farbiger LED-Leiste<\/li>\n<li>2 x 12 V \/ 4,5 Ah Akku im Lieferumfang enthalten<\/li>\n<li>Achtung: Aufgrund seiner H\u00f6chstgeschwindigkeit ist dieses Spielzeug nicht f\u00fcr Kinder unter 6 Jahren geeignet.<\/li>\n<li>Achtung: Diesen E-Scooter nur auf privaten Wegen verwenden!<\/li>\n<li>WARNHINWEIS: Mit Schutzausr\u00fcstung zu benutzen. Nicht im Stra\u00dfenverkehr zu verwenden.<\/li>\n<\/ul>\n","protected":false},"featured_media":10000055991,"comment_status":"closed","ping_status":"closed","template":"","meta":[],"product_brand":[],"product_cat":[6837,6960,6836],"product_tag":[],"class_list":{"0":"post-55991","1":"product","2":"type-product","3":"status-publish","4":"has-post-thumbnail","6":"product_cat-outdoor-aktivitaeten","7":"product_cat-scooter","8":"product_cat-sportartikel","10":"first","11":"instock","12":"taxable","13":"shipping-taxable","14":"purchasable","15":"product-type-simple","16":"add-to-wishlist-after_add_to_cart"},"jetpack_sharing_enabled":true,"_links":{"self":[{"href":"https:\/\/de-prime.com\/index.php\/wp-json\/wp\/v2\/product\/55991","targetHints":{"allow":["GET"]}}],"collection":[{"href":"https:\/\/de-prime.com\/index.php\/wp-json\/wp\/v2\/product"}],"about":[{"href":"https:\/\/de-prime.com\/index.php\/wp-json\/wp\/v2\/types\/product"}],"replies":[{"embeddable":true,"href":"https:\/\/de-prime.com\/index.php\/wp-json\/wp\/v2\/comments?post=55991"}],"wp:featuredmedia":[{"embeddable":true,"href":"https:\/\/de-prime.com\/index.php\/wp-json\/"}],"wp:attachment":[{"href":"https:\/\/de-prime.com\/index.php\/wp-json\/wp\/v2\/media?parent=55991"}],"wp:term":[{"taxonomy":"product_brand","embeddable":true,"href":"https:\/\/de-prime.com\/index.php\/wp-json\/wp\/v2\/product_brand?post=55991"},{"taxonomy":"product_cat","embeddable":true,"href":"https:\/\/de-prime.com\/index.php\/wp-json\/wp\/v2\/product_cat?post=55991"},{"taxonomy":"product_tag","embeddable":true,"href":"https:\/\/de-prime.com\/index.php\/wp-json\/wp\/v2\/product_tag?post=55991"}],"curies":[{"name":"wp","href":"https:\/\/api.w.org\/{rel}","templated":true}]}}