{"id":55989,"date":"2024-10-01T16:14:27","date_gmt":"2024-10-01T16:14:27","guid":{"rendered":"https:\/\/de-prime.com\/?p=55989"},"modified":"2024-10-01T16:37:21","modified_gmt":"2024-10-01T16:37:21","slug":"dreirad-rot","status":"publish","type":"product","link":"https:\/\/de-prime.com\/index.php\/product\/dreirad-rot\/","title":{"rendered":"Dreirad Rot"},"content":{"rendered":"<p>Dieses Dreirad ist perfekt f\u00fcr die Kleinen, die stilvoll herumfahren und Spa\u00df im Freien haben m\u00f6chten! Es ist der perfekte Begleiter f\u00fcr Kinder, die ihre ersten Schritte in die Welt des Radsports machen wollen! Das Dreirad verf\u00fcgt \u00fcber ein 3-Rad-Design, das ideal f\u00fcr Kinder ist, die Radfahren lernen wollen. Es bietet eine schonende Bewegung, die Kindern stundenlangen Spa\u00df bietet und dabei ihre motorischen F\u00e4higkeiten entwickelt. Der robuste und dennoch leichte Rahmen bietet die Haltbarkeit, die f\u00fcr ununterbrochenes Fahren erforderlich ist. Dar\u00fcber hinaus verhindert der ergonomische Sitz, dass sich die Kinder beim Fahren zur\u00fccklehnen; er erm\u00f6glicht ihnen ein komfortableres Fahrerlebnis.<\/p>\n<ul>\n<li>Farbe: Rot<\/li>\n<li>Material: Kunststoff<\/li>\n<li>Abmessungen: 68,5 x 40,5 x 54 cm (L x B x H)<\/li>\n<li>Maximale Belastbarkeit: 25 kg<\/li>\n<li><strong>Hinweis:<\/strong> Nicht geeignet f\u00fcr Kinder unter 18 Monaten.<\/li>\n<li><strong>Hinweis: <\/strong>Zul\u00e4ssig: 1 Benutzer<\/li>\n<li><strong>Hinweis: <\/strong>Dieses Spielzeug hat keine Bremse<\/li>\n<li><strong>Hinweis: <\/strong>Montage durch einen Erwachsenen erforderlich<\/li>\n<li>WARNHINWEIS: Nur f\u00fcr den Hausgebrauch.<\/li>\n<li>WARNHINWEIS: Benutzung unter unmittelbarer Aufsicht von Erwachsenen.<\/li>\n<li>WARNHINWEIS: Mit Schutzausr\u00fcstung zu benutzen. Nicht im Stra\u00dfenverkehr zu verwenden.<\/li>\n<\/ul>\n","protected":false},"excerpt":{"rendered":"<ul>\n<li>Farbe: Rot<\/li>\n<li>Material: Kunststoff<\/li>\n<li>Abmessungen: 68,5 x 40,5 x 54 cm (L x B x H)<\/li>\n<li>Maximale Belastbarkeit: 25 kg<\/li>\n<li><strong>Hinweis:<\/strong> Nicht geeignet f\u00fcr Kinder unter 18 Monaten.<\/li>\n<li><strong>Hinweis: <\/strong>Zul\u00e4ssig: 1 Benutzer<\/li>\n<li><strong>Hinweis: <\/strong>Dieses Spielzeug hat keine Bremse<\/li>\n<li><strong>Hinweis: <\/strong>Montage durch einen Erwachsenen erforderlich<\/li>\n<li>WARNHINWEIS: Nur f\u00fcr den Hausgebrauch.<\/li>\n<li>WARNHINWEIS: Benutzung unter unmittelbarer Aufsicht von Erwachsenen.<\/li>\n<li>WARNHINWEIS: Mit Schutzausr\u00fcstung zu benutzen. Nicht im Stra\u00dfenverkehr zu verwenden.<\/li>\n<\/ul>\n","protected":false},"featured_media":10000055989,"comment_status":"closed","ping_status":"closed","template":"","meta":[],"product_brand":[],"product_cat":[6837,6960,6836],"product_tag":[],"class_list":{"0":"post-55989","1":"product","2":"type-product","3":"status-publish","4":"has-post-thumbnail","6":"product_cat-outdoor-aktivitaeten","7":"product_cat-scooter","8":"product_cat-sportartikel","10":"first","11":"instock","12":"taxable","13":"shipping-taxable","14":"purchasable","15":"product-type-simple","16":"add-to-wishlist-after_add_to_cart"},"jetpack_sharing_enabled":true,"_links":{"self":[{"href":"https:\/\/de-prime.com\/index.php\/wp-json\/wp\/v2\/product\/55989","targetHints":{"allow":["GET"]}}],"collection":[{"href":"https:\/\/de-prime.com\/index.php\/wp-json\/wp\/v2\/product"}],"about":[{"href":"https:\/\/de-prime.com\/index.php\/wp-json\/wp\/v2\/types\/product"}],"replies":[{"embeddable":true,"href":"https:\/\/de-prime.com\/index.php\/wp-json\/wp\/v2\/comments?post=55989"}],"wp:featuredmedia":[{"embeddable":true,"href":"https:\/\/de-prime.com\/index.php\/wp-json\/"}],"wp:attachment":[{"href":"https:\/\/de-prime.com\/index.php\/wp-json\/wp\/v2\/media?parent=55989"}],"wp:term":[{"taxonomy":"product_brand","embeddable":true,"href":"https:\/\/de-prime.com\/index.php\/wp-json\/wp\/v2\/product_brand?post=55989"},{"taxonomy":"product_cat","embeddable":true,"href":"https:\/\/de-prime.com\/index.php\/wp-json\/wp\/v2\/product_cat?post=55989"},{"taxonomy":"product_tag","embeddable":true,"href":"https:\/\/de-prime.com\/index.php\/wp-json\/wp\/v2\/product_tag?post=55989"}],"curies":[{"name":"wp","href":"https:\/\/api.w.org\/{rel}","templated":true}]}}