{"id":55986,"date":"2024-10-01T16:14:27","date_gmt":"2024-10-01T16:14:27","guid":{"rendered":"https:\/\/de-prime.com\/?p=55986"},"modified":"2024-10-01T16:37:19","modified_gmt":"2024-10-01T16:37:19","slug":"sport-runner-cityroller-klappbar-rot","status":"publish","type":"product","link":"https:\/\/de-prime.com\/index.php\/product\/sport-runner-cityroller-klappbar-rot\/","title":{"rendered":"Sport Runner Cityroller Klappbar Rot"},"content":{"rendered":"<p>Ihr Kind wird viel Spa\u00df beim Herumfahren und Erleben aufregender Abenteuer auf diesem klappbaren Roller von Sport Runner haben! Der Roller macht nicht nur Spa\u00df sondern verbessert auch das Gleichgewicht Ihres Kindes. Der Cityroller hat einen rutschfesten Bezug am Trittbrett, Komfort-Griffe und Gummir\u00e4der f\u00fcr zus\u00e4tzliche Sicherheit und Komfort. Mit der hinteren Fu\u00dfbremse kann man jederzeit sicher abbremsen. Die H\u00f6he des Lenkers ist von 46 bis 67 cm einstellbar, so dass es f\u00fcr Kinder unterschiedlicher Gr\u00f6\u00dfe passt. Der Kick-Scooter kann zur einfachen Aufbewahrung durch dem Hebel an der Seite zusammengeklappt werden. Der Roller ist f\u00fcr Kinder ab 6 Jahren geeignet und kann ein maximales Gewicht von 50 Kilo tragen.<\/p>\n<ul>\n<li>Farbe: Schwarz und Rot<\/li>\n<li>Material: Aluminium<\/li>\n<li>Ma\u00dfe: 67 x 50 x 10 cm (L x B x H)<\/li>\n<li>Lager: ABEC 7<\/li>\n<li>Zusammenklappbar<\/li>\n<li>Rutschfestes Trittbrett<\/li>\n<li>Lenker einstellbar von 46 bis 67 cm<\/li>\n<li>Empfohlenes Alter: Ab 6 Jahre und \u00e4lter<\/li>\n<li>Max. Belastbarkeit: 50 kg<\/li>\n<li>WARNHINWEIS: Nicht f\u00fcr Kinder unter 36 Monaten geeignet.<\/li>\n<li>WARNHINWEIS: Benutzung unter unmittelbarer Aufsicht von Erwachsenen.<\/li>\n<\/ul>\n","protected":false},"excerpt":{"rendered":"<ul>\n<li>Farbe: Schwarz und Rot<\/li>\n<li>Material: Aluminium<\/li>\n<li>Ma\u00dfe: 67 x 50 x 10 cm (L x B x H)<\/li>\n<li>Lager: ABEC 7<\/li>\n<li>Zusammenklappbar<\/li>\n<li>Rutschfestes Trittbrett<\/li>\n<li>Lenker einstellbar von 46 bis 67 cm<\/li>\n<li>Empfohlenes Alter: Ab 6 Jahre und \u00e4lter<\/li>\n<li>Max. Belastbarkeit: 50 kg<\/li>\n<li>WARNHINWEIS: Nicht f\u00fcr Kinder unter 36 Monaten geeignet.<\/li>\n<li>WARNHINWEIS: Benutzung unter unmittelbarer Aufsicht von Erwachsenen.<\/li>\n<\/ul>\n","protected":false},"featured_media":10000055986,"comment_status":"closed","ping_status":"closed","template":"","meta":[],"product_brand":[],"product_cat":[6837,6960,6836],"product_tag":[],"class_list":{"0":"post-55986","1":"product","2":"type-product","3":"status-publish","4":"has-post-thumbnail","6":"product_cat-outdoor-aktivitaeten","7":"product_cat-scooter","8":"product_cat-sportartikel","10":"first","11":"instock","12":"taxable","13":"shipping-taxable","14":"purchasable","15":"product-type-simple","16":"add-to-wishlist-after_add_to_cart"},"jetpack_sharing_enabled":true,"_links":{"self":[{"href":"https:\/\/de-prime.com\/index.php\/wp-json\/wp\/v2\/product\/55986","targetHints":{"allow":["GET"]}}],"collection":[{"href":"https:\/\/de-prime.com\/index.php\/wp-json\/wp\/v2\/product"}],"about":[{"href":"https:\/\/de-prime.com\/index.php\/wp-json\/wp\/v2\/types\/product"}],"replies":[{"embeddable":true,"href":"https:\/\/de-prime.com\/index.php\/wp-json\/wp\/v2\/comments?post=55986"}],"wp:featuredmedia":[{"embeddable":true,"href":"https:\/\/de-prime.com\/index.php\/wp-json\/"}],"wp:attachment":[{"href":"https:\/\/de-prime.com\/index.php\/wp-json\/wp\/v2\/media?parent=55986"}],"wp:term":[{"taxonomy":"product_brand","embeddable":true,"href":"https:\/\/de-prime.com\/index.php\/wp-json\/wp\/v2\/product_brand?post=55986"},{"taxonomy":"product_cat","embeddable":true,"href":"https:\/\/de-prime.com\/index.php\/wp-json\/wp\/v2\/product_cat?post=55986"},{"taxonomy":"product_tag","embeddable":true,"href":"https:\/\/de-prime.com\/index.php\/wp-json\/wp\/v2\/product_tag?post=55986"}],"curies":[{"name":"wp","href":"https:\/\/api.w.org\/{rel}","templated":true}]}}