{"id":55978,"date":"2024-10-01T16:14:26","date_gmt":"2024-10-01T16:14:26","guid":{"rendered":"https:\/\/de-prime.com\/?p=55978"},"modified":"2024-10-01T16:37:28","modified_gmt":"2024-10-01T16:37:28","slug":"schlitten-fuer-kinder-blau-1025x40x23-cm-polypropylen","status":"publish","type":"product","link":"https:\/\/de-prime.com\/index.php\/product\/schlitten-fuer-kinder-blau-1025x40x23-cm-polypropylen\/","title":{"rendered":"Schlitten f\u00fcr Kinder Blau 102,5x40x23 cm Polypropylen"},"content":{"rendered":"<p>Die Kleinen werden diesen Winter den aufregendsten Fahrspa\u00df mit diesem supercoolen Schlitten genie\u00dfen! Strapazierf\u00e4higes PP: Der aus witterungsbest\u00e4ndigem Polypropylen gefertigte Schlitten ist \u00e4u\u00dferst widerstandsf\u00e4hig gegen Abrieb und niedrige Temperaturen und erm\u00f6glicht einen langfristigen Einsatz.Glatte Stahlkufe: Der Rodel ist mit langlebigen Stahlkufen ausgestattet, die selbst auf steilsten H\u00e4ngen eine sichere Fahrt bieten.Zugseil: Dieser Schlitten ist mit einem Zugseil befestigt, sodass Kinder von Erwachsenen auf dem flachen, verschneiten Boden gezogen werden k\u00f6nnen oder sie eine Abfahrt auf sanfteren H\u00e4ngen genie\u00dfen k\u00f6nnen.Bullet-Shape-Design: Dieser Schneeschlitten mit stromlinienf\u00f6rmigem Bullet-Design ist schnell und eignet sich hervorragend f\u00fcr eine aufregende Fahrt.<\/p>\n<ul>\n<li>Farbe: Blau<\/li>\n<li>Material: PP (Polypropylen), Stahl<\/li>\n<li>Abmessungen: 102,5 x 40 x 23 cm (L x B x H)<\/li>\n<li>Geeignetes Alter: ab 36 Monaten<\/li>\n<li>Maximale Belastbarkeit: 50 kg<\/li>\n<\/ul>\n","protected":false},"excerpt":{"rendered":"<ul>\n<li>Farbe: Blau<\/li>\n<li>Material: PP (Polypropylen), Stahl<\/li>\n<li>Abmessungen: 102,5 x 40 x 23 cm (L x B x H)<\/li>\n<li>Geeignetes Alter: ab 36 Monaten<\/li>\n<li>Maximale Belastbarkeit: 50 kg<\/li>\n<\/ul>\n","protected":false},"featured_media":10000055978,"comment_status":"closed","ping_status":"closed","template":"","meta":[],"product_brand":[],"product_cat":[6837,6959,6836,6958],"product_tag":[],"class_list":{"0":"post-55978","1":"product","2":"type-product","3":"status-publish","4":"has-post-thumbnail","6":"product_cat-outdoor-aktivitaeten","7":"product_cat-schlitten","8":"product_cat-sportartikel","9":"product_cat-wintersport-aktivitaeten","11":"first","12":"instock","13":"taxable","14":"shipping-taxable","15":"purchasable","16":"product-type-simple","17":"add-to-wishlist-after_add_to_cart"},"jetpack_sharing_enabled":true,"_links":{"self":[{"href":"https:\/\/de-prime.com\/index.php\/wp-json\/wp\/v2\/product\/55978","targetHints":{"allow":["GET"]}}],"collection":[{"href":"https:\/\/de-prime.com\/index.php\/wp-json\/wp\/v2\/product"}],"about":[{"href":"https:\/\/de-prime.com\/index.php\/wp-json\/wp\/v2\/types\/product"}],"replies":[{"embeddable":true,"href":"https:\/\/de-prime.com\/index.php\/wp-json\/wp\/v2\/comments?post=55978"}],"wp:featuredmedia":[{"embeddable":true,"href":"https:\/\/de-prime.com\/index.php\/wp-json\/"}],"wp:attachment":[{"href":"https:\/\/de-prime.com\/index.php\/wp-json\/wp\/v2\/media?parent=55978"}],"wp:term":[{"taxonomy":"product_brand","embeddable":true,"href":"https:\/\/de-prime.com\/index.php\/wp-json\/wp\/v2\/product_brand?post=55978"},{"taxonomy":"product_cat","embeddable":true,"href":"https:\/\/de-prime.com\/index.php\/wp-json\/wp\/v2\/product_cat?post=55978"},{"taxonomy":"product_tag","embeddable":true,"href":"https:\/\/de-prime.com\/index.php\/wp-json\/wp\/v2\/product_tag?post=55978"}],"curies":[{"name":"wp","href":"https:\/\/api.w.org\/{rel}","templated":true}]}}