{"id":55965,"date":"2024-10-01T16:14:26","date_gmt":"2024-10-01T16:14:26","guid":{"rendered":"https:\/\/de-prime.com\/?p=55965"},"modified":"2024-10-01T16:37:20","modified_gmt":"2024-10-01T16:37:20","slug":"klappschlitten-mit-rueckenlehne-holz-119-cm","status":"publish","type":"product","link":"https:\/\/de-prime.com\/index.php\/product\/klappschlitten-mit-rueckenlehne-holz-119-cm\/","title":{"rendered":"Klappschlitten mit R\u00fcckenlehne Holz 119 cm"},"content":{"rendered":"<p>Dieser faltbare Holzschlitten mit R\u00fcckenlehne bietet Ihnen ein aufregendes Erlebnis in diesem Winter. Die robusten Metalll\u00e4ufer in voller L\u00e4nge sorgen selbst auf dem steilsten Abstieg f\u00fcr eine ruhige Fahrt. Dank der Sicherheitsverriegelung ist dieser Schlitten \u00e4u\u00dferst stabil und sicher. Er ist aus Holz gebaut und ist daher sowohl leicht als auch robust, was besonders wichtig ist, wenn Sie ihn wieder den H\u00fcgel hinauf ziehen. Dank des intelligenten Klappmechanismus l\u00e4sst sich der Schlitten in Sekundenschnelle ohne Werkzeug zusammenklappen und daher einfach aufbewahren und transportieren. Das Zugseil ist so angebracht, dass Kinder auf flachem, schneebedecktem Boden von Erwachsenen gezogen werden k\u00f6nnen oder eine Fahrt auf weniger steilen H\u00e4ngen genie\u00dfen k\u00f6nnen.<\/p>\n<ul>\n<li>Farbe: Beige und Blau<\/li>\n<li>Material: Holz und Kunststoff<\/li>\n<li>Abmessungen: 119 x 37 x 45 cm (L x B x H)<\/li>\n<li>Abnehmbare R\u00fcckenlehne<\/li>\n<li>Durchgehende Metalll\u00e4ufer f\u00fcr eine superschnelle Fahrt<\/li>\n<li>Komplett mit Zugseil<\/li>\n<li>Kein Zusammenbau erforderlich<\/li>\n<li>WARNHINWEIS: Nicht f\u00fcr Kinder unter 36 Monaten geeignet.<\/li>\n<li>WARNHINWEIS: Benutzung unter unmittelbarer Aufsicht von Erwachsenen.<\/li>\n<li>WARNHINWEIS: Mit Schutzausr\u00fcstung zu benutzen. Nicht im Stra\u00dfenverkehr zu verwenden.<\/li>\n<\/ul>\n","protected":false},"excerpt":{"rendered":"<ul>\n<li>Farbe: Beige und Blau<\/li>\n<li>Material: Holz und Kunststoff<\/li>\n<li>Abmessungen: 119 x 37 x 45 cm (L x B x H)<\/li>\n<li>Abnehmbare R\u00fcckenlehne<\/li>\n<li>Durchgehende Metalll\u00e4ufer f\u00fcr eine superschnelle Fahrt<\/li>\n<li>Komplett mit Zugseil<\/li>\n<li>Kein Zusammenbau erforderlich<\/li>\n<li>WARNHINWEIS: Nicht f\u00fcr Kinder unter 36 Monaten geeignet.<\/li>\n<li>WARNHINWEIS: Benutzung unter unmittelbarer Aufsicht von Erwachsenen.<\/li>\n<li>WARNHINWEIS: Mit Schutzausr\u00fcstung zu benutzen. Nicht im Stra\u00dfenverkehr zu verwenden.<\/li>\n<\/ul>\n","protected":false},"featured_media":10000055965,"comment_status":"closed","ping_status":"closed","template":"","meta":[],"product_brand":[],"product_cat":[6837,6959,6836,6958],"product_tag":[],"class_list":{"0":"post-55965","1":"product","2":"type-product","3":"status-publish","4":"has-post-thumbnail","6":"product_cat-outdoor-aktivitaeten","7":"product_cat-schlitten","8":"product_cat-sportartikel","9":"product_cat-wintersport-aktivitaeten","11":"first","12":"instock","13":"taxable","14":"shipping-taxable","15":"purchasable","16":"product-type-simple","17":"add-to-wishlist-after_add_to_cart"},"jetpack_sharing_enabled":true,"_links":{"self":[{"href":"https:\/\/de-prime.com\/index.php\/wp-json\/wp\/v2\/product\/55965","targetHints":{"allow":["GET"]}}],"collection":[{"href":"https:\/\/de-prime.com\/index.php\/wp-json\/wp\/v2\/product"}],"about":[{"href":"https:\/\/de-prime.com\/index.php\/wp-json\/wp\/v2\/types\/product"}],"replies":[{"embeddable":true,"href":"https:\/\/de-prime.com\/index.php\/wp-json\/wp\/v2\/comments?post=55965"}],"wp:featuredmedia":[{"embeddable":true,"href":"https:\/\/de-prime.com\/index.php\/wp-json\/"}],"wp:attachment":[{"href":"https:\/\/de-prime.com\/index.php\/wp-json\/wp\/v2\/media?parent=55965"}],"wp:term":[{"taxonomy":"product_brand","embeddable":true,"href":"https:\/\/de-prime.com\/index.php\/wp-json\/wp\/v2\/product_brand?post=55965"},{"taxonomy":"product_cat","embeddable":true,"href":"https:\/\/de-prime.com\/index.php\/wp-json\/wp\/v2\/product_cat?post=55965"},{"taxonomy":"product_tag","embeddable":true,"href":"https:\/\/de-prime.com\/index.php\/wp-json\/wp\/v2\/product_tag?post=55965"}],"curies":[{"name":"wp","href":"https:\/\/api.w.org\/{rel}","templated":true}]}}